{"id":74764,"date":"2025-01-03T11:07:57","date_gmt":"2025-01-03T11:07:57","guid":{"rendered":"https:\/\/acer.org.al\/?page_id=74764"},"modified":"2025-01-10T07:20:00","modified_gmt":"2025-01-10T07:20:00","slug":"services-2","status":"publish","type":"page","link":"https:\/\/acer.org.al\/sq\/services-2\/","title":{"rendered":"Sh\u00ebrbimet"},"content":{"rendered":"<div class=\"vc_row wpb_row vc_row-fluid\"><div class=\"wpb_column vc_column_container vc_col-sm-12\"><div class=\"vc_column-inner\"><div class=\"wpb_wrapper\">\n\t<div class=\"wpb_text_column wpb_content_element\" >\n\t\t<div class=\"wpb_wrapper\">\n\t\t\t<h2>Qendra Shqiptare p\u00ebr K\u00ebrkime Ekonomike (ACER) kryen k\u00ebrkime dhe analiza t\u00eb gjithanshme p\u00ebr t\u00eb mb\u00ebshtetur zhvillimin socio-ekonomik n\u00eb Shqip\u00ebri dhe rajonin m\u00eb t\u00eb gjer\u00eb. Puna jon\u00eb \u00ebsht\u00eb e p\u00ebrkushtuar n\u00eb promovimin e p\u00ebrgjegjshm\u00ebris\u00eb, rritjes s\u00eb q\u00ebndrueshme dhe adresimin e \u00e7\u00ebshtjeve kritike si korrupsioni, qeverisja, sh\u00ebndet\u00ebsia, migrimi dhe m\u00eb shum\u00eb.<\/h2>\n<h2><\/h2>\n<p>&nbsp;<\/p>\n<h2>M\u00eb posht\u00eb, do t\u00eb gjeni nj\u00eb numer raportesh dhe studimesh t\u00eb lidhura me fushat tona kryesore t\u00eb fokusit.<\/h2>\n\n\t\t<\/div>\n\t<\/div>\n\n\t<div class=\"wpb_text_column wpb_content_element\" >\n\t\t<div class=\"wpb_wrapper\">\n\t\t\t<ul>\n<li><a href=\"https:\/\/acer.org.al\/sq\/category\/corruption\/\">Anti- Korrupsioni<\/a><\/li>\n<li><a href=\"https:\/\/acer.org.al\/sq\/category\/macroeconomic-analysis\/\">Analiza Makroekonomike dhe Politikat<\/a><\/li>\n<li><a href=\"https:\/\/acer.org.al\/sq\/category\/governance-and-institutions\/\">Qeverisja dhe Institucionet<\/a><\/li>\n<li><a href=\"https:\/\/acer.org.al\/sq\/category\/migration\/\">Dinamikat e Migracionit<\/a><\/li>\n<li><a href=\"https:\/\/acer.org.al\/sq\/category\/tourism-and-migration\/\">Zhvillimi i Turizmit<\/a><\/li>\n<li><a href=\"https:\/\/acer.org.al\/sq\/category\/agriculture-and-rural-development\/\">Bujq\u00ebsia dhe Zhvillimi Rurale<\/a><\/li>\n<li><a href=\"https:\/\/acer.org.al\/sq\/category\/environment\/\">Q\u00ebndrueshm\u00ebria Mjedisore<\/a><\/li>\n<li><a href=\"https:\/\/acer.org.al\/sq\/category\/history-of-acer\/\">Historia e ACER<\/a><\/li>\n<li><a href=\"https:\/\/acer.org.al\/sq\/category\/development\/\">Zhvillimi Socioekonomik dhe Gjith\u00ebp\u00ebrfshirja<\/a><\/li>\n<li><a href=\"https:\/\/acer.org.al\/sq\/category\/health\/\">Sh\u00ebndeti, Ushqimi dhe Mir\u00ebqenie Sociale<\/a><\/li>\n<li><a href=\"https:\/\/acer.org.al\/sq\/category\/business\/\">Biznes<\/a><\/li>\n<li><a href=\"https:\/\/acer.org.al\/sq\/category\/gender-equality\/\">Barazia Gjinore<\/a><\/li>\n<li><a href=\"https:\/\/acer.org.al\/sq\/category\/translation-studies\/\">Studime te perkthyera<\/a><\/li>\n<li><a href=\"https:\/\/acer.org.al\/sq\/category\/education\/\">Edukimi dhe Arsimi<\/a><\/li>\n<li><a href=\"https:\/\/acer.org.al\/sq\/category\/csos\/\">Fuqizimi i OSHC-ve<\/a><\/li>\n<\/ul>\n\n\t\t<\/div>\n\t<\/div>\n<\/div><\/div><\/div><\/div>","protected":false},"excerpt":{"rendered":"Albanian Center for Economic Research (ACER) conducts comprehensive research and analysis to support socio-economic development in Albania and the broader region. Our work is dedicated to fostering accountability, promoting sustainable growth, and addressing critical issues such as corruption, governance, health, migration, and more. &nbsp; Below, you will find a collection of reports and studies aligned [...]","protected":false},"author":1,"featured_media":0,"parent":0,"menu_order":0,"comment_status":"closed","ping_status":"closed","template":"","meta":{"footnotes":""},"class_list":["post-74764","page","type-page","status-publish","hentry"],"yoast_head":"<!-- This site is optimized with the Yoast SEO plugin v20.4 - https:\/\/yoast.com\/wordpress\/plugins\/seo\/ -->\n<title>Services - ACER<\/title>\n<meta name=\"robots\" content=\"index, follow, max-snippet:-1, max-image-preview:large, max-video-preview:-1\" \/>\n<link rel=\"canonical\" href=\"https:\/\/acer.org.al\/sq\/services-2\/\" \/>\n<meta property=\"og:locale\" content=\"sq_AL\" \/>\n<meta property=\"og:type\" content=\"article\" \/>\n<meta property=\"og:title\" content=\"Services - ACER\" \/>\n<meta property=\"og:url\" content=\"https:\/\/acer.org.al\/sq\/services-2\/\" \/>\n<meta property=\"og:site_name\" content=\"ACER\" \/>\n<meta property=\"article:modified_time\" content=\"2025-01-10T07:20:00+00:00\" \/>\n<meta name=\"twitter:card\" content=\"summary_large_image\" \/>\n<meta name=\"twitter:label1\" content=\"Est. reading time\" \/>\n\t<meta name=\"twitter:data1\" content=\"1 minut\u00eb\" \/>\n<script type=\"application\/ld+json\" class=\"yoast-schema-graph\">{\"@context\":\"https:\/\/schema.org\",\"@graph\":[{\"@type\":\"WebPage\",\"@id\":\"https:\/\/acer.org.al\/services-2\/\",\"url\":\"https:\/\/acer.org.al\/services-2\/\",\"name\":\"Services - ACER\",\"isPartOf\":{\"@id\":\"https:\/\/acer.org.al\/#website\"},\"datePublished\":\"2025-01-03T11:07:57+00:00\",\"dateModified\":\"2025-01-10T07:20:00+00:00\",\"breadcrumb\":{\"@id\":\"https:\/\/acer.org.al\/services-2\/#breadcrumb\"},\"inLanguage\":\"sq\",\"potentialAction\":[{\"@type\":\"ReadAction\",\"target\":[\"https:\/\/acer.org.al\/services-2\/\"]}]},{\"@type\":\"BreadcrumbList\",\"@id\":\"https:\/\/acer.org.al\/services-2\/#breadcrumb\",\"itemListElement\":[{\"@type\":\"ListItem\",\"position\":1,\"name\":\"Home\",\"item\":\"https:\/\/acer.org.al\/\"},{\"@type\":\"ListItem\",\"position\":2,\"name\":\"Services\"}]},{\"@type\":\"WebSite\",\"@id\":\"https:\/\/acer.org.al\/#website\",\"url\":\"https:\/\/acer.org.al\/\",\"name\":\"ACER\",\"description\":\"\",\"potentialAction\":[{\"@type\":\"SearchAction\",\"target\":{\"@type\":\"EntryPoint\",\"urlTemplate\":\"https:\/\/acer.org.al\/?s={search_term_string}\"},\"query-input\":\"required name=search_term_string\"}],\"inLanguage\":\"sq\"}]}<\/script>\n<!-- \/ Yoast SEO plugin. -->","yoast_head_json":{"title":"Services - ACER","robots":{"index":"index","follow":"follow","max-snippet":"max-snippet:-1","max-image-preview":"max-image-preview:large","max-video-preview":"max-video-preview:-1"},"canonical":"https:\/\/acer.org.al\/sq\/services-2\/","og_locale":"sq_AL","og_type":"article","og_title":"Services - ACER","og_url":"https:\/\/acer.org.al\/sq\/services-2\/","og_site_name":"ACER","article_modified_time":"2025-01-10T07:20:00+00:00","twitter_card":"summary_large_image","twitter_misc":{"Est. reading time":"1 minut\u00eb"},"schema":{"@context":"https:\/\/schema.org","@graph":[{"@type":"WebPage","@id":"https:\/\/acer.org.al\/services-2\/","url":"https:\/\/acer.org.al\/services-2\/","name":"Services - ACER","isPartOf":{"@id":"https:\/\/acer.org.al\/#website"},"datePublished":"2025-01-03T11:07:57+00:00","dateModified":"2025-01-10T07:20:00+00:00","breadcrumb":{"@id":"https:\/\/acer.org.al\/services-2\/#breadcrumb"},"inLanguage":"sq","potentialAction":[{"@type":"ReadAction","target":["https:\/\/acer.org.al\/services-2\/"]}]},{"@type":"BreadcrumbList","@id":"https:\/\/acer.org.al\/services-2\/#breadcrumb","itemListElement":[{"@type":"ListItem","position":1,"name":"Home","item":"https:\/\/acer.org.al\/"},{"@type":"ListItem","position":2,"name":"Services"}]},{"@type":"WebSite","@id":"https:\/\/acer.org.al\/#website","url":"https:\/\/acer.org.al\/","name":"ACER","description":"","potentialAction":[{"@type":"SearchAction","target":{"@type":"EntryPoint","urlTemplate":"https:\/\/acer.org.al\/?s={search_term_string}"},"query-input":"required name=search_term_string"}],"inLanguage":"sq"}]}},"_links":{"self":[{"href":"https:\/\/acer.org.al\/sq\/wp-json\/wp\/v2\/pages\/74764","targetHints":{"allow":["GET"]}}],"collection":[{"href":"https:\/\/acer.org.al\/sq\/wp-json\/wp\/v2\/pages"}],"about":[{"href":"https:\/\/acer.org.al\/sq\/wp-json\/wp\/v2\/types\/page"}],"author":[{"embeddable":true,"href":"https:\/\/acer.org.al\/sq\/wp-json\/wp\/v2\/users\/1"}],"replies":[{"embeddable":true,"href":"https:\/\/acer.org.al\/sq\/wp-json\/wp\/v2\/comments?post=74764"}],"version-history":[{"count":19,"href":"https:\/\/acer.org.al\/sq\/wp-json\/wp\/v2\/pages\/74764\/revisions"}],"predecessor-version":[{"id":75488,"href":"https:\/\/acer.org.al\/sq\/wp-json\/wp\/v2\/pages\/74764\/revisions\/75488"}],"wp:attachment":[{"href":"https:\/\/acer.org.al\/sq\/wp-json\/wp\/v2\/media?parent=74764"}],"curies":[{"name":"wp","href":"https:\/\/api.w.org\/{rel}","templated":true}]}}