{"id":74756,"date":"2025-01-03T11:03:12","date_gmt":"2025-01-03T11:03:12","guid":{"rendered":"https:\/\/acer.org.al\/?page_id=74756"},"modified":"2025-01-10T10:32:18","modified_gmt":"2025-01-10T10:32:18","slug":"acers-work","status":"publish","type":"page","link":"https:\/\/acer.org.al\/sq\/acers-work\/","title":{"rendered":"Punet e ACER-it"},"content":{"rendered":"<div class=\"vc_row wpb_row vc_row-fluid\"><div class=\"wpb_column vc_column_container vc_col-sm-12\"><div class=\"vc_column-inner\"><div class=\"wpb_wrapper\">\n\t<div class=\"wpb_text_column wpb_content_element\" >\n\t\t<div class=\"wpb_wrapper\">\n\t\t\t<h3>Rreth Qendres Shqiptare per Kerkime Ekonomike (ACER)<\/h3>\n<p>&nbsp;<\/p>\n\n\t\t<\/div>\n\t<\/div>\n<\/div><\/div><\/div><\/div><div class=\"vc_row wpb_row vc_row-fluid\"><div class=\"wpb_column vc_column_container vc_col-sm-12\"><div class=\"vc_column-inner\"><div class=\"wpb_wrapper\"><div class=\"vc-hoverbox-wrapper  vc-hoverbox-shape--rounded vc-hoverbox-align--center vc-hoverbox-direction--default vc-hoverbox-width--100\"  ontouchstart=\"\">\n  <div class=\"vc-hoverbox\">\n    <div class=\"vc-hoverbox-inner\">\n      <div class=\"vc-hoverbox-block vc-hoverbox-front\" style=\"background-image: url(https:\/\/acer.org.al\/wp-content\/uploads\/2025\/01\/Acer_logo.jpeg);\">\n        <div class=\"vc-hoverbox-block-inner vc-hoverbox-front-inner\">\n            \n        <\/div>\n      <\/div>\n      <div class=\"vc-hoverbox-block vc-hoverbox-back\" style=\"background-color: #ebebeb;\">\n        <div class=\"vc-hoverbox-block-inner vc-hoverbox-back-inner\">\n            <h2 style=\"text-align:center\">Partnering for Progress<\/h2>\n            <p><img loading=\"lazy\" decoding=\"async\" class=\"wp-image-74812\" src=\"https:\/\/acer.org.al\/wp-content\/uploads\/2025\/01\/istockphoto-1131300086-612x612-1-300x200.jpg\" alt=\"\" width=\"488\" height=\"325\" srcset=\"https:\/\/acer.org.al\/wp-content\/uploads\/2025\/01\/istockphoto-1131300086-612x612-1-300x200.jpg 300w, https:\/\/acer.org.al\/wp-content\/uploads\/2025\/01\/istockphoto-1131300086-612x612-1-18x12.jpg 18w, https:\/\/acer.org.al\/wp-content\/uploads\/2025\/01\/istockphoto-1131300086-612x612-1.jpg 612w\" sizes=\"auto, (max-width: 488px) 100vw, 488px\" \/><\/p>\n\n            \n        <\/div>\n      <\/div>\n    <\/div>\n  <\/div>\n<\/div><\/div><\/div><\/div><\/div><div class=\"vc_row wpb_row vc_row-fluid\"><div class=\"wpb_column vc_column_container vc_col-sm-12\"><div class=\"vc_column-inner\"><div class=\"wpb_wrapper\">\n\t<div class=\"wpb_text_column wpb_content_element\" >\n\t\t<div class=\"wpb_wrapper\">\n\t\t\t<p>Qendra Shqiptare p\u00ebr K\u00ebrkime Ekonomike (ACER), e krijuar n\u00eb vitin 1992, \u00ebsht\u00eb nj\u00eb organizat\u00eb e pavarur, jo-partiake dhe jo-fitimprur\u00ebse e angazhuar n\u00eb promovimin e debatit demokratik mbi sfidat m\u00eb t\u00eb r\u00ebnd\u00ebsishme ekonomike dhe sociale t\u00eb Shqip\u00ebris\u00eb.  ACER ka luajtur nj\u00eb rol ky\u00e7 n\u00eb mb\u00ebshtetje t\u00eb kalimit socio-ekonomik dhe zhvillimit t\u00eb q\u00ebndruesh\u00ebm t\u00eb Shqip\u00ebris\u00eb, duke advokuar p\u00ebr krijimin e politikave t\u00eb bazuara n\u00eb prova, qeverisje t\u00eb mir\u00eb dhe bashk\u00ebpunim rajonal.<\/p>\n<h3>Ekspertiza dhe Kontributet<\/h3>\n<p>Me mbi tre dekada p\u00ebrvoj\u00eb, ACER ka krijuar nj\u00eb pozicion si nj\u00eb institut kryesor p\u00ebr k\u00ebrkime nd\u00ebrdisiplinore mbi politikat, i besuar p\u00ebr analiz\u00ebn e tij t\u00eb pavarur dhe profesionale. Puna e tij mbulon hendekun midis k\u00ebrkimeve, krijimit t\u00eb politikave dhe angazhimit publik, duke fuqizuar qytetar\u00ebt, politikan\u00ebt dhe institucionet me njohuri t\u00eb p\u00ebrdorshme dhe vepruese.<\/p>\n<p>Fushat kryesore t\u00eb ekspertiz\u00ebs p\u00ebrfshijn\u00eb:<\/p>\n<ul>\n<li><strong>K\u00ebrkime Socio-Ekonomike<\/strong>Kryerja e studimeve t\u00eb thelluara, anketave dhe analizave t\u00eb rasteve p\u00ebr t\u00eb trajtuar sfidat ekonomike dhe sociale.<\/li>\n<li><strong>Te rinjte dhe Edukimi<\/strong>:Paraqitja e rezultateve t\u00eb k\u00ebrkimeve n\u00eb nj\u00eb m\u00ebnyr\u00eb t\u00eb kuptueshme p\u00ebr t\u00eb informuar debatet publike dhe diskutimet mbi politikat.<\/li>\n<li><strong>Advokimi p\u00ebr Politikat<\/strong>: Ofrimi i rekomandimeve t\u00eb bazuara p\u00ebr reforma institucionale, decentralizimin fiskal dhe proceset e integrimit n\u00eb BE.<\/li>\n<li><strong>Nd\u00ebrtimi i Kapaciteteve<\/strong>Organizimi i programeve trajnuese dhe workshopeve t\u00eb p\u00ebrshtatura p\u00ebr t\u00eb adresuar nevojat kritike t\u00eb zhvillimit<\/li>\n<li><strong>Qeverisje e Mir\u00eb<\/strong>Qeverisje e mir\u00eb : Matja e perceptimeve publike mbi qeverisjen dhe korrupsionin p\u00ebrmes k\u00ebrkimeve t\u00eb gjithanshme.<\/li>\n<\/ul>\n<h3>Misioni dhe Objektivat<\/h3>\n<p>Misioni i ACER-it \u00ebsht\u00eb t\u00eb kryej\u00eb k\u00ebrkime t\u00eb vazhdueshme mbi zhvillimin ekonomik dhe politikat publike n\u00eb Shqip\u00ebri, duke ofruar rekomandime p\u00ebr institucionet qeveritare dhe joqeveritare. Organizata synon t\u00eb:<\/p>\n<ul>\n<li>Forcimi i proceseve demokratike dhe rritja e kapaciteteve t\u00eb shoq\u00ebris\u00eb civile<\/li>\n<li>Promovimi i politikave ekonomike t\u00eb q\u00ebndrueshme dhe parimeve t\u00eb tregut t\u00eb lir\u00eb.<\/li>\n<li>Rritja e nd\u00ebrgjegj\u00ebsimit publik mbi \u00e7\u00ebshtjet kryesore ekonomike dhe sociale.<\/li>\n<li>Mb\u00ebshtetje p\u00ebr bashk\u00ebpunimin rajonal n\u00eb Ballkanin Per\u00ebndimor.<\/li>\n<\/ul>\n<h3>Lidershipi n\u00eb Advokimin Kund\u00ebr Korrupsionit<\/h3>\n<p>ACER ka qen\u00eb nj\u00eb udh\u00ebheq\u00ebs n\u00eb promovimin e transparenc\u00ebs, p\u00ebrgjegjshm\u00ebris\u00eb dhe masave kund\u00ebr korrupsionit q\u00eb nga viti 1992. P\u00ebpjekjet e tij p\u00ebrfshijn\u00eb:<\/p>\n<ul>\n<li>Advokimi p\u00ebr qeverisje t\u00eb mir\u00eb dhe transparenc\u00eb institucionale.<\/li>\n<li>Kryerja e fushatave nd\u00ebrgjegj\u00ebsuese dhe bashk\u00ebpunimi me aktor\u00eb institucional\u00eb mbi strategjit\u00eb kund\u00ebr korrupsionit.<\/li>\n<li>Kontribut n\u00eb hartimin e legjislacionit mbi raportimin e sinjalizuesve, konfliktin e interesit dhe masa t\u00eb tjera kund\u00ebr korrupsionit.<\/li>\n<li>Organizimi i workshopeve p\u00ebr promovimin e transparenc\u00ebs parlamentare dhe forcimin e praktikave t\u00eb qeverisjes.<\/li>\n<\/ul>\n<h3>Partneritet<\/h3>\n<p>ACER punon ngusht\u00eb me aktor\u00eb komb\u00ebtar\u00eb dhe nd\u00ebrkomb\u00ebtar\u00eb p\u00ebr t\u00eb trajtuar sfidat ekonomike dhe sociale. Partneritetet e tij p\u00ebrfshijn\u00eb mbledhjen dhe analizimin e t\u00eb dh\u00ebnave mbi \u00e7\u00ebshtje ky\u00e7e si zhvillimi i biznesit, qeverisja dhe perceptimet e qytetar\u00ebve mbi korrupsionin. Gjithashtu, ACER bashk\u00ebpunon rajonalisht p\u00ebr t\u00eb avancuar q\u00ebllimet e p\u00ebrbashk\u00ebta t\u00eb projekteve.<\/p>\n<p>P\u00ebr m\u00eb shum\u00eb informacion rreth projekteve, k\u00ebrkimeve dhe ndikimit t\u00eb ACER-it, vizitoni faqen zyrtare t\u00eb internetit, e cila sh\u00ebrben si nj\u00eb qend\u00ebr p\u00ebr promovimin e misionit dhe arritjeve t\u00eb ACER-it.<\/p>\n\n\t\t<\/div>\n\t<\/div>\n<\/div><\/div><\/div><\/div>","protected":false},"excerpt":{"rendered":"About the Albanian Center for Economic Research (ACER) &nbsp; Partnering for Progress The Albanian Center for Economic Research (ACER), established in 1992, is an independent, nonpartisan, and nonprofit organization dedicated to promoting democratic debate on Albania's most pressing economic and social challenges. As the country\u2019s first think tank of its kind, ACER has played a [...]","protected":false},"author":1,"featured_media":0,"parent":0,"menu_order":0,"comment_status":"closed","ping_status":"closed","template":"","meta":{"footnotes":""},"class_list":["post-74756","page","type-page","status-publish","hentry"],"yoast_head":"<!-- This site is optimized with the Yoast SEO plugin v20.4 - https:\/\/yoast.com\/wordpress\/plugins\/seo\/ -->\n<title>ACER&#039;s Work - ACER<\/title>\n<meta name=\"robots\" content=\"index, follow, max-snippet:-1, max-image-preview:large, max-video-preview:-1\" \/>\n<link rel=\"canonical\" href=\"https:\/\/acer.org.al\/sq\/acers-work\/\" \/>\n<meta property=\"og:locale\" content=\"sq_AL\" \/>\n<meta property=\"og:type\" content=\"article\" \/>\n<meta property=\"og:title\" content=\"ACER&#039;s Work - ACER\" \/>\n<meta property=\"og:url\" content=\"https:\/\/acer.org.al\/sq\/acers-work\/\" \/>\n<meta property=\"og:site_name\" content=\"ACER\" \/>\n<meta property=\"article:modified_time\" content=\"2025-01-10T10:32:18+00:00\" \/>\n<meta property=\"og:image\" content=\"https:\/\/acer.org.al\/wp-content\/uploads\/2025\/01\/istockphoto-1131300086-612x612-1-300x200.jpg\" \/>\n<meta name=\"twitter:card\" content=\"summary_large_image\" \/>\n<meta name=\"twitter:label1\" content=\"Est. reading time\" \/>\n\t<meta name=\"twitter:data1\" content=\"2 minuta\" \/>\n<script type=\"application\/ld+json\" class=\"yoast-schema-graph\">{\"@context\":\"https:\/\/schema.org\",\"@graph\":[{\"@type\":\"WebPage\",\"@id\":\"https:\/\/acer.org.al\/acers-work\/\",\"url\":\"https:\/\/acer.org.al\/acers-work\/\",\"name\":\"ACER's Work - ACER\",\"isPartOf\":{\"@id\":\"https:\/\/acer.org.al\/#website\"},\"datePublished\":\"2025-01-03T11:03:12+00:00\",\"dateModified\":\"2025-01-10T10:32:18+00:00\",\"breadcrumb\":{\"@id\":\"https:\/\/acer.org.al\/acers-work\/#breadcrumb\"},\"inLanguage\":\"sq\",\"potentialAction\":[{\"@type\":\"ReadAction\",\"target\":[\"https:\/\/acer.org.al\/acers-work\/\"]}]},{\"@type\":\"BreadcrumbList\",\"@id\":\"https:\/\/acer.org.al\/acers-work\/#breadcrumb\",\"itemListElement\":[{\"@type\":\"ListItem\",\"position\":1,\"name\":\"Home\",\"item\":\"https:\/\/acer.org.al\/\"},{\"@type\":\"ListItem\",\"position\":2,\"name\":\"ACER&#8217;s Work\"}]},{\"@type\":\"WebSite\",\"@id\":\"https:\/\/acer.org.al\/#website\",\"url\":\"https:\/\/acer.org.al\/\",\"name\":\"ACER\",\"description\":\"\",\"potentialAction\":[{\"@type\":\"SearchAction\",\"target\":{\"@type\":\"EntryPoint\",\"urlTemplate\":\"https:\/\/acer.org.al\/?s={search_term_string}\"},\"query-input\":\"required name=search_term_string\"}],\"inLanguage\":\"sq\"}]}<\/script>\n<!-- \/ Yoast SEO plugin. -->","yoast_head_json":{"title":"ACER's Work - ACER","robots":{"index":"index","follow":"follow","max-snippet":"max-snippet:-1","max-image-preview":"max-image-preview:large","max-video-preview":"max-video-preview:-1"},"canonical":"https:\/\/acer.org.al\/sq\/acers-work\/","og_locale":"sq_AL","og_type":"article","og_title":"ACER's Work - ACER","og_url":"https:\/\/acer.org.al\/sq\/acers-work\/","og_site_name":"ACER","article_modified_time":"2025-01-10T10:32:18+00:00","og_image":[{"url":"https:\/\/acer.org.al\/wp-content\/uploads\/2025\/01\/istockphoto-1131300086-612x612-1-300x200.jpg"}],"twitter_card":"summary_large_image","twitter_misc":{"Est. reading time":"2 minuta"},"schema":{"@context":"https:\/\/schema.org","@graph":[{"@type":"WebPage","@id":"https:\/\/acer.org.al\/acers-work\/","url":"https:\/\/acer.org.al\/acers-work\/","name":"ACER's Work - ACER","isPartOf":{"@id":"https:\/\/acer.org.al\/#website"},"datePublished":"2025-01-03T11:03:12+00:00","dateModified":"2025-01-10T10:32:18+00:00","breadcrumb":{"@id":"https:\/\/acer.org.al\/acers-work\/#breadcrumb"},"inLanguage":"sq","potentialAction":[{"@type":"ReadAction","target":["https:\/\/acer.org.al\/acers-work\/"]}]},{"@type":"BreadcrumbList","@id":"https:\/\/acer.org.al\/acers-work\/#breadcrumb","itemListElement":[{"@type":"ListItem","position":1,"name":"Home","item":"https:\/\/acer.org.al\/"},{"@type":"ListItem","position":2,"name":"ACER&#8217;s Work"}]},{"@type":"WebSite","@id":"https:\/\/acer.org.al\/#website","url":"https:\/\/acer.org.al\/","name":"ACER","description":"","potentialAction":[{"@type":"SearchAction","target":{"@type":"EntryPoint","urlTemplate":"https:\/\/acer.org.al\/?s={search_term_string}"},"query-input":"required name=search_term_string"}],"inLanguage":"sq"}]}},"_links":{"self":[{"href":"https:\/\/acer.org.al\/sq\/wp-json\/wp\/v2\/pages\/74756","targetHints":{"allow":["GET"]}}],"collection":[{"href":"https:\/\/acer.org.al\/sq\/wp-json\/wp\/v2\/pages"}],"about":[{"href":"https:\/\/acer.org.al\/sq\/wp-json\/wp\/v2\/types\/page"}],"author":[{"embeddable":true,"href":"https:\/\/acer.org.al\/sq\/wp-json\/wp\/v2\/users\/1"}],"replies":[{"embeddable":true,"href":"https:\/\/acer.org.al\/sq\/wp-json\/wp\/v2\/comments?post=74756"}],"version-history":[{"count":5,"href":"https:\/\/acer.org.al\/sq\/wp-json\/wp\/v2\/pages\/74756\/revisions"}],"predecessor-version":[{"id":75506,"href":"https:\/\/acer.org.al\/sq\/wp-json\/wp\/v2\/pages\/74756\/revisions\/75506"}],"wp:attachment":[{"href":"https:\/\/acer.org.al\/sq\/wp-json\/wp\/v2\/media?parent=74756"}],"curies":[{"name":"wp","href":"https:\/\/api.w.org\/{rel}","templated":true}]}}