{"id":74349,"date":"2023-07-18T10:15:07","date_gmt":"2023-07-18T10:15:07","guid":{"rendered":"https:\/\/acer.org.al\/?page_id=74349"},"modified":"2025-01-23T14:13:59","modified_gmt":"2025-01-23T14:13:59","slug":"increased-government-accountability-through-a-more-responsive-parliament","status":"publish","type":"page","link":"https:\/\/acer.org.al\/sq\/increased-government-accountability-through-a-more-responsive-parliament\/","title":{"rendered":"Rritja e Llogaridh\u00ebnies s\u00eb Qeveris\u00eb p\u00ebrmes nj\u00eb Parlamenti m\u00eb t\u00eb P\u00ebrgjegjsh\u00ebm"},"content":{"rendered":"<div data-vc-full-width=\"true\" data-vc-full-width-init=\"false\" data-vc-stretch-content=\"true\" class=\"vc_row wpb_row vc_row-fluid vc_row-no-padding\"><div class=\"wpb_column vc_column_container vc_col-sm-12\"><div class=\"vc_column-inner\"><div class=\"wpb_wrapper\"><div class=\"vc-hoverbox-wrapper  vc-hoverbox-shape--rounded vc-hoverbox-align--center vc-hoverbox-direction--default vc-hoverbox-width--100\"  ontouchstart=\"\">\n  <div class=\"vc-hoverbox\">\n    <div class=\"vc-hoverbox-inner\">\n      <div class=\"vc-hoverbox-block vc-hoverbox-front\" style=\"background-image: url(https:\/\/acer.org.al\/wp-content\/uploads\/2023\/07\/Screenshot-2023-07-18-at-12.23.04-PM.png);\">\n        <div class=\"vc-hoverbox-block-inner vc-hoverbox-front-inner\">\n            \n        <\/div>\n      <\/div>\n      <div class=\"vc-hoverbox-block vc-hoverbox-back\" style=\"background-color: #ebebeb;\">\n        <div class=\"vc-hoverbox-block-inner vc-hoverbox-back-inner\">\n            <h2 style=\"text-align:center\">Rritja e Llogaridh\u00ebnies s\u00eb Qeveris\u00eb p\u00ebrmes nj\u00eb Parlamenti m\u00eb t\u00eb P\u00ebrgjegjsh\u00ebm<\/h2>\n            <p>Funded by the British Embassy Tirana<\/p>\n\n            \n        <\/div>\n      <\/div>\n    <\/div>\n  <\/div>\n<\/div><\/div><\/div><\/div><\/div><div class=\"vc_row-full-width vc_clearfix\"><\/div><div class=\"vc_row wpb_row vc_row-fluid\"><div class=\"wpb_column vc_column_container vc_col-sm-12\"><div class=\"vc_column-inner\"><div class=\"wpb_wrapper\"><\/div><\/div><\/div><\/div><div data-vc-full-width=\"true\" data-vc-full-width-init=\"false\" data-vc-stretch-content=\"true\" class=\"vc_row wpb_row vc_row-fluid\"><div class=\"wpb_column vc_column_container vc_col-sm-12\"><div class=\"vc_column-inner\"><div class=\"wpb_wrapper\">\n<div class=\"vc-zigzag-wrapper vc-zigzag-align-center\"><div class=\"vc-zigzag-inner\" style=\"width: 100%;min-height: 14px;background: 0 repeat-x url(&#039;data:image\/svg+xml;utf-8,%3C%3Fxml%20version%3D%221.0%22%20encoding%3D%22utf-8%22%3F%3E%3C%21DOCTYPE%20svg%20PUBLIC%20%22-%2F%2FW3C%2F%2FDTD%20SVG%201.1%2F%2FEN%22%20%22http%3A%2F%2Fwww.w3.org%2FGraphics%2FSVG%2F1.1%2FDTD%2Fsvg11.dtd%22%3E%3Csvg%20width%3D%2214px%22%20height%3D%2212px%22%20viewBox%3D%220%200%2018%2015%22%20version%3D%221.1%22%20xmlns%3D%22http%3A%2F%2Fwww.w3.org%2F2000%2Fsvg%22%20xmlns%3Axlink%3D%22http%3A%2F%2Fwww.w3.org%2F1999%2Fxlink%22%3E%3Cpolygon%20id%3D%22Combined-Shape%22%20fill%3D%22%23ebebeb%22%20points%3D%228.98762301%200%200%209.12771969%200%2014.519983%209%205.40479869%2018%2014.519983%2018%209.12771969%22%3E%3C%2Fpolygon%3E%3C%2Fsvg%3E&#039;);\"><\/div><\/div><div class=\"vc_empty_space\"   style=\"height: 32px\"><span class=\"vc_empty_space_inner\"><\/span><\/div><div class=\"vc_empty_space\"   style=\"height: 64px\"><span class=\"vc_empty_space_inner\"><\/span><\/div><\/div><\/div><\/div><\/div><div class=\"vc_row-full-width vc_clearfix\"><\/div><div data-vc-full-width=\"true\" data-vc-full-width-init=\"false\" data-vc-stretch-content=\"true\" class=\"vc_row wpb_row vc_row-fluid\"><div class=\"wpb_column vc_column_container vc_col-sm-6\"><div class=\"vc_column-inner\"><div class=\"wpb_wrapper\"><div class=\"wpb_gallery wpb_content_element vc_clearfix\" ><div class=\"wpb_wrapper\"><div class=\"wpb_gallery_slides wpb_flexslider flexslider_fade flexslider\" data-interval=\"3\" data-flex_fx=\"fade\"><ul class=\"slides\"><li><a class=\"\" href=\"https:\/\/acer.org.al\/wp-content\/uploads\/2023\/07\/Picture-1.png\" data-lightbox=\"lightbox[rel-74349-4020148263]\"><img loading=\"lazy\" decoding=\"async\" width=\"150\" height=\"79\" src=\"https:\/\/acer.org.al\/wp-content\/uploads\/2023\/07\/Picture-1-150x79.png\" class=\"attachment-thumbnail\" alt=\"\" srcset=\"https:\/\/acer.org.al\/wp-content\/uploads\/2023\/07\/Picture-1-150x79.png 150w, https:\/\/acer.org.al\/wp-content\/uploads\/2023\/07\/Picture-1-18x8.png 18w\" sizes=\"auto, (max-width: 150px) 100vw, 150px\" \/><\/a><\/li><li><a class=\"\" href=\"https:\/\/acer.org.al\/wp-content\/uploads\/2023\/07\/Acer_logo.jpeg\" data-lightbox=\"lightbox[rel-74349-4020148263]\"><img loading=\"lazy\" decoding=\"async\" width=\"150\" height=\"115\" src=\"https:\/\/acer.org.al\/wp-content\/uploads\/2023\/07\/Acer_logo-150x115.jpeg\" class=\"attachment-thumbnail\" alt=\"\" \/><\/a><\/li><li><a class=\"\" href=\"https:\/\/acer.org.al\/wp-content\/uploads\/2023\/07\/Picture-1-1.png\" data-lightbox=\"lightbox[rel-74349-4020148263]\"><img loading=\"lazy\" decoding=\"async\" width=\"104\" height=\"85\" src=\"https:\/\/acer.org.al\/wp-content\/uploads\/2023\/07\/Picture-1-1.png\" class=\"attachment-thumbnail\" alt=\"\" srcset=\"https:\/\/acer.org.al\/wp-content\/uploads\/2023\/07\/Picture-1-1.png 104w, https:\/\/acer.org.al\/wp-content\/uploads\/2023\/07\/Picture-1-1-15x12.png 15w\" sizes=\"auto, (max-width: 104px) 100vw, 104px\" \/><\/a><\/li><\/ul><\/div><\/div><\/div><\/div><\/div><\/div><div class=\"wpb_column vc_column_container vc_col-sm-6\"><div class=\"vc_column-inner\"><div class=\"wpb_wrapper\">\n\t<div class=\"wpb_text_column wpb_content_element\" >\n\t\t<div class=\"wpb_wrapper\">\n\t\t\t<h1>Reth Projektit<\/h1>\n<p>Rritja e llogaridh\u00ebnies s\u00eb qeveris\u00eb p\u00ebrmes nj\u00eb projekti parlamentar m\u00eb t\u00eb p\u00ebrgjegjsh\u00ebm financohet nga Ambasada Britanike n\u00eb Tiran\u00eb dhe mb\u00ebshtetet nga Fondacioni Westminister p\u00ebr Demokraci. Q\u00ebllimi i projektit \u00ebsht\u00eb t\u00eb mb\u00ebshtes\u00eb parlamentin p\u00ebr t\u00eb ushtruar n\u00eb m\u00ebnyr\u00eb efektive rolet e tij p\u00ebr t\u00eb sfiduar korrupsionin, ndikimin e panevojsh\u00ebm dhe nd\u00ebrhyrjen politike n\u00eb proceset demokratike. Shtyllat kryesore t\u00eb projektit jan\u00eb:<\/p>\n<ul>\n<li>Rritja e kapaciteteve, sistemeve dhe burimeve t\u00eb parlamentit p\u00ebr t\u00eb kryer hartimin e ligjeve efektive rreth fushave prioritare legjislative p\u00ebr t\u00eb luftuar korrupsionin.<\/li>\n<li>Improving effective oversight by responsible parliamentary working bodies.<\/li>\n<li>Parlamenti dhe institucionet e pavarura ndajn\u00eb dhe veprojn\u00eb n\u00eb m\u00ebnyr\u00eb m\u00eb efikase informacionin dhe rekomandimet.<\/li>\n<li>P\u00ebrmir\u00ebsimi i angazhimit t\u00eb Parlamentit me pal\u00ebt e jashtme t\u00eb interesit \u2013 Shoq\u00ebria Civile dhe ministrit\u00eb e linj\u00ebs p\u00ebr legjislacionin, mbik\u00ebqyrjen dhe reformat.<\/li>\n<\/ul>\n<p>N\u00eb kuad\u00ebr t\u00eb zbatimit t\u00eb k\u00ebtij programi, WFD ka partnerizuar me Qendr\u00ebn Shqiptare p\u00ebr K\u00ebrkime Ekonomike (ACER) si n\u00ebn-grantmarr\u00ebs p\u00ebr t\u00eb ndihmuar parlamentin, institucionet e pavarura dhe shoq\u00ebrin\u00eb civile n\u00eb zhvillimin e metodologjis\u00eb kund\u00ebr korrupsionit p\u00ebr legjislacionin ky\u00e7, ve\u00e7an\u00ebrisht ato q\u00eb lidhen me ekonomin\u00eb dhe sektor\u00ebt financiar\u00eb. Bazuar n\u00eb axhend\u00ebn e parlamentit 2023, qendra do t\u00eb identifikoj\u00eb ndryshimet kryesore ligjore q\u00eb jan\u00eb ve\u00e7an\u00ebrisht t\u00eb r\u00ebnd\u00ebsishme p\u00ebr interesin publik, q\u00eb duhet t\u00eb diskutohen publikisht dhe t\u00eb adresohen nga shoq\u00ebria civile. Ai do t\u00eb angazhoj\u00eb ekspert\u00eb akademik\u00eb p\u00ebr t\u00eb ofruar k\u00ebrkime dhe prova p\u00ebrkat\u00ebse mbi pjes\u00ebt e identifikuara t\u00eb legjislacionit. Hulumtimi do t'u ofrohet OSHC-ve t\u00eb tjera p\u00ebr t\u00eb mb\u00ebshtetur p\u00ebrpjekjet e tyre avokuese dhe do t'u dor\u00ebzohet komisioneve p\u00ebrkat\u00ebse parlamentare p\u00ebr t\u00eb ndikuar n\u00eb vendimmarrjen e tyre. P\u00ebrve\u00e7 k\u00ebsaj, media do t\u00eb p\u00ebrdoret p\u00ebr t\u00eb p\u00ebrforcuar disa nga gjetjet m\u00eb t\u00eb r\u00ebnd\u00ebsishme.<\/p>\n<p>&nbsp;<\/p>\n<h1>Publikime n\u00eb kuad\u00ebr t\u00eb projektit<\/h1>\n<p><a href=\"https:\/\/acer.org.al\/wp-content\/uploads\/2025\/01\/ACER_Infographic_draftlaw.pdf\">Inforgraphic on Cooruption Proofing for FDI<\/a><\/p>\n<p><a href=\"https:\/\/acer.org.al\/wp-content\/uploads\/2025\/01\/ACER_Guide-for-Open-Parliament_November.pdf\">Road Map on Opennes of legislative Body English<\/a><\/p>\n<p><a href=\"https:\/\/acer.org.al\/wp-content\/uploads\/2025\/01\/Udherrefyesi-per-parlamentin-e-hapur_ACER_TETOR_2024_draftdocx_revised.pdf\">Road Map on Opennes of Legislatiev Body Albanian\u00a0<\/a><\/p>\n<p><a href=\"https:\/\/acer.org.al\/wp-content\/uploads\/2025\/01\/ACER_MenaxhimiParandalimi_CoI_DraftWorkingDocument_07.06.2024.pdf\">Management and Prevention of Conflict of Interest in the Public Sector in Albania, Best Practices\u00a0<\/a><\/p>\n<p><a href=\"https:\/\/acer.org.al\/wp-content\/uploads\/2025\/01\/ACER_Praktikat-e-mira-ne-adresimin-e-korrupsionit_WorkingDocument_07.06.2024.pdf\">Paper on Best Practices For Fighting Corruption_Albanian\u00a0<\/a><\/p>\n<p><a href=\"https:\/\/acer.org.al\/wp-content\/uploads\/2025\/01\/1.2-Final-Paper-on-Best-Practices-for-Fighting-Corruption.pdf\">Paper On Best Practices For Fighting Corruption English<\/a><\/p>\n<p><a href=\"https:\/\/acer.org.al\/wp-content\/uploads\/2025\/01\/EN_FINAL__ACER_Illicit-Financing.pdf\">Illicit Financing_En<\/a><\/p>\n<p><a href=\"https:\/\/acer.org.al\/wp-content\/uploads\/2025\/01\/FINAL_ACER_Financimet-e-Paligjshme.pdf\">Illicit Financing_Albanian\u00a0<\/a><\/p>\n<p><a href=\"https:\/\/acer.org.al\/wp-content\/uploads\/2025\/01\/FINAL_Second-part_Prokurimet_ACER.pdf\">Second Part Public Procurement_ Albanian<\/a><\/p>\n<p><a href=\"https:\/\/acer.org.al\/wp-content\/uploads\/2025\/01\/FINAL_Second_part_PulicProcurementPaper-English_ACER.pdf\">Second Part Public Procurement_English\u00a0<\/a><\/p>\n<p><a href=\"https:\/\/acer.org.al\/wp-content\/uploads\/2025\/01\/FINAL_Dokument-pune-mbi-median_ACER.pdf\">Working Document on media_Albanian<\/a><\/p>\n<p><a href=\"https:\/\/acer.org.al\/wp-content\/uploads\/2025\/01\/FINAL_EN_Dokument-pune-mbi-median_ACER.pdf\">Working Document on media_English<\/a><\/p>\n<p><a href=\"https:\/\/acer.org.al\/wp-content\/uploads\/2025\/01\/FINAL_Second-part_Prokurimet_ACER.doc\">Second Part Asset Recovery Paper_Albanian\u00a0<\/a><\/p>\n<p><a href=\"https:\/\/acer.org.al\/wp-content\/uploads\/2025\/01\/EN_FINAL_Second-part_Rikuperimi-i-aseteve_ACER.pdf\">Second Part Asset Recovery Paper-English\u00a0<\/a><\/p>\n<p><a href=\"https:\/\/acer.org.al\/wp-content\/uploads\/2023\/07\/07.06.Revised_Draft_Rikuperimi-i-aseteve_ACER.docx\" target=\"_blank\" rel=\"noopener\">Blue Paper on Asset Recovery &#8211; Albanian<\/a><\/p>\n<p><a href=\"https:\/\/acer.org.al\/wp-content\/uploads\/2023\/07\/Asset-RecoveryPaper-English_ACER_16.06.2023.doc\" target=\"_blank\" rel=\"noopener\">Blue Paper on Asset Recovery &#8211; English<\/a><\/p>\n<p><a href=\"https:\/\/acer.org.al\/wp-content\/uploads\/2023\/07\/07.06.Revised_Draft_Prokurimet_ACER_WFD.docx\" target=\"_blank\" rel=\"noopener\">Blue Paper on Public Procurement &#8211; Albanian\u00a0<\/a><\/p>\n<p><a href=\"https:\/\/acer.org.al\/wp-content\/uploads\/2023\/07\/PulicProcurementPaper-English_ACER-16.06.2023_rev.doc\" target=\"_blank\" rel=\"noopener\">Blue Paper on Public Procurement &#8211; English<\/a><\/p>\n<p><a href=\"https:\/\/acer.org.al\/wp-content\/uploads\/2023\/07\/ACER_Asset-recovery_AL.pdf\" target=\"_blank\" rel=\"noopener\">Leaflet on Asset Recovery &#8211; Albanian<\/a><\/p>\n<p><a href=\"https:\/\/acer.org.al\/wp-content\/uploads\/2023\/07\/ACER_A3_Public-Procurement_EN.pdf\" target=\"_blank\" rel=\"noopener\">Leaflet on Asset Recovery &#8211; English\u00a0<\/a><\/p>\n<p><a href=\"https:\/\/acer.org.al\/wp-content\/uploads\/2023\/07\/ACER_A3_Public-Procurement_AL-copy.pdf\" target=\"_blank\" rel=\"noopener\">Leaflet on Public Procurement &#8211; Albanian<\/a><\/p>\n<p><a href=\"https:\/\/acer.org.al\/wp-content\/uploads\/2023\/07\/ACER_Asset-recovery_EN.pdf\" target=\"_blank\" rel=\"noopener\">Leaflet on Public Procurement &#8211; English\u00a0<\/a><\/p>\n<div class=\"flex-col gap-1 md:gap-3\">\n<div class=\"flex flex-grow flex-col max-w-full\">\n<div class=\"min-h-&#091;20px&#093; text-message flex flex-col items-start whitespace-pre-wrap break-words &#091;.text-message+&amp;&#093;:mt-5 juice:w-full juice:items-end overflow-x-auto gap-3\" dir=\"auto\" data-message-author-role=\"assistant\" data-message-id=\"4b0b7576-e572-4c8b-b31b-aa67aae3d293\">\n<div class=\"markdown prose w-full break-words dark:prose-invert light\">\n<p>&nbsp;<\/p>\n<\/div>\n<\/div>\n<\/div>\n<\/div>\n\n\t\t<\/div>\n\t<\/div>\n<\/div><\/div><\/div><\/div><div class=\"vc_row-full-width vc_clearfix\"><\/div><div class=\"vc_row wpb_row vc_row-fluid\"><div class=\"wpb_column vc_column_container vc_col-sm-12\"><div class=\"vc_column-inner\"><div class=\"wpb_wrapper\"><\/div><\/div><\/div><\/div>","protected":false},"excerpt":{"rendered":"Increased government accountability through a more responsive parliament Funded by the British Embassy Tirana About the project Increased government accountability through a more responsive parliament project is funded by the British Embassy in Tirana and supported by the Westminister Foundation for Democracy. he goal of the project is to support the parliament to effectively exercises [...]","protected":false},"author":1,"featured_media":0,"parent":0,"menu_order":0,"comment_status":"closed","ping_status":"closed","template":"","meta":{"footnotes":""},"class_list":["post-74349","page","type-page","status-publish","hentry"],"yoast_head":"<!-- This site is optimized with the Yoast SEO plugin v20.4 - https:\/\/yoast.com\/wordpress\/plugins\/seo\/ -->\n<title>Increased government accountability through a more responsive parliament - ACER<\/title>\n<meta name=\"robots\" content=\"index, follow, max-snippet:-1, max-image-preview:large, max-video-preview:-1\" \/>\n<link rel=\"canonical\" href=\"https:\/\/acer.org.al\/sq\/increased-government-accountability-through-a-more-responsive-parliament\/\" \/>\n<meta property=\"og:locale\" content=\"sq_AL\" \/>\n<meta property=\"og:type\" content=\"article\" \/>\n<meta property=\"og:title\" content=\"Increased government accountability through a more responsive parliament - ACER\" \/>\n<meta property=\"og:url\" content=\"https:\/\/acer.org.al\/sq\/increased-government-accountability-through-a-more-responsive-parliament\/\" \/>\n<meta property=\"og:site_name\" content=\"ACER\" \/>\n<meta property=\"article:modified_time\" content=\"2025-01-23T14:13:59+00:00\" \/>\n<meta name=\"twitter:card\" content=\"summary_large_image\" \/>\n<meta name=\"twitter:label1\" content=\"Est. reading time\" \/>\n\t<meta name=\"twitter:data1\" content=\"3 minuta\" \/>\n<script type=\"application\/ld+json\" class=\"yoast-schema-graph\">{\"@context\":\"https:\/\/schema.org\",\"@graph\":[{\"@type\":\"WebPage\",\"@id\":\"https:\/\/acer.org.al\/increased-government-accountability-through-a-more-responsive-parliament\/\",\"url\":\"https:\/\/acer.org.al\/increased-government-accountability-through-a-more-responsive-parliament\/\",\"name\":\"Increased government accountability through a more responsive parliament - ACER\",\"isPartOf\":{\"@id\":\"https:\/\/acer.org.al\/#website\"},\"datePublished\":\"2023-07-18T10:15:07+00:00\",\"dateModified\":\"2025-01-23T14:13:59+00:00\",\"breadcrumb\":{\"@id\":\"https:\/\/acer.org.al\/increased-government-accountability-through-a-more-responsive-parliament\/#breadcrumb\"},\"inLanguage\":\"sq\",\"potentialAction\":[{\"@type\":\"ReadAction\",\"target\":[\"https:\/\/acer.org.al\/increased-government-accountability-through-a-more-responsive-parliament\/\"]}]},{\"@type\":\"BreadcrumbList\",\"@id\":\"https:\/\/acer.org.al\/increased-government-accountability-through-a-more-responsive-parliament\/#breadcrumb\",\"itemListElement\":[{\"@type\":\"ListItem\",\"position\":1,\"name\":\"Home\",\"item\":\"https:\/\/acer.org.al\/\"},{\"@type\":\"ListItem\",\"position\":2,\"name\":\"Increased government accountability through a more responsive parliament\"}]},{\"@type\":\"WebSite\",\"@id\":\"https:\/\/acer.org.al\/#website\",\"url\":\"https:\/\/acer.org.al\/\",\"name\":\"ACER\",\"description\":\"\",\"potentialAction\":[{\"@type\":\"SearchAction\",\"target\":{\"@type\":\"EntryPoint\",\"urlTemplate\":\"https:\/\/acer.org.al\/?s={search_term_string}\"},\"query-input\":\"required name=search_term_string\"}],\"inLanguage\":\"sq\"}]}<\/script>\n<!-- \/ Yoast SEO plugin. -->","yoast_head_json":{"title":"Increased government accountability through a more responsive parliament - ACER","robots":{"index":"index","follow":"follow","max-snippet":"max-snippet:-1","max-image-preview":"max-image-preview:large","max-video-preview":"max-video-preview:-1"},"canonical":"https:\/\/acer.org.al\/sq\/increased-government-accountability-through-a-more-responsive-parliament\/","og_locale":"sq_AL","og_type":"article","og_title":"Increased government accountability through a more responsive parliament - ACER","og_url":"https:\/\/acer.org.al\/sq\/increased-government-accountability-through-a-more-responsive-parliament\/","og_site_name":"ACER","article_modified_time":"2025-01-23T14:13:59+00:00","twitter_card":"summary_large_image","twitter_misc":{"Est. reading time":"3 minuta"},"schema":{"@context":"https:\/\/schema.org","@graph":[{"@type":"WebPage","@id":"https:\/\/acer.org.al\/increased-government-accountability-through-a-more-responsive-parliament\/","url":"https:\/\/acer.org.al\/increased-government-accountability-through-a-more-responsive-parliament\/","name":"Increased government accountability through a more responsive parliament - ACER","isPartOf":{"@id":"https:\/\/acer.org.al\/#website"},"datePublished":"2023-07-18T10:15:07+00:00","dateModified":"2025-01-23T14:13:59+00:00","breadcrumb":{"@id":"https:\/\/acer.org.al\/increased-government-accountability-through-a-more-responsive-parliament\/#breadcrumb"},"inLanguage":"sq","potentialAction":[{"@type":"ReadAction","target":["https:\/\/acer.org.al\/increased-government-accountability-through-a-more-responsive-parliament\/"]}]},{"@type":"BreadcrumbList","@id":"https:\/\/acer.org.al\/increased-government-accountability-through-a-more-responsive-parliament\/#breadcrumb","itemListElement":[{"@type":"ListItem","position":1,"name":"Home","item":"https:\/\/acer.org.al\/"},{"@type":"ListItem","position":2,"name":"Increased government accountability through a more responsive parliament"}]},{"@type":"WebSite","@id":"https:\/\/acer.org.al\/#website","url":"https:\/\/acer.org.al\/","name":"ACER","description":"","potentialAction":[{"@type":"SearchAction","target":{"@type":"EntryPoint","urlTemplate":"https:\/\/acer.org.al\/?s={search_term_string}"},"query-input":"required name=search_term_string"}],"inLanguage":"sq"}]}},"_links":{"self":[{"href":"https:\/\/acer.org.al\/sq\/wp-json\/wp\/v2\/pages\/74349","targetHints":{"allow":["GET"]}}],"collection":[{"href":"https:\/\/acer.org.al\/sq\/wp-json\/wp\/v2\/pages"}],"about":[{"href":"https:\/\/acer.org.al\/sq\/wp-json\/wp\/v2\/types\/page"}],"author":[{"embeddable":true,"href":"https:\/\/acer.org.al\/sq\/wp-json\/wp\/v2\/users\/1"}],"replies":[{"embeddable":true,"href":"https:\/\/acer.org.al\/sq\/wp-json\/wp\/v2\/comments?post=74349"}],"version-history":[{"count":12,"href":"https:\/\/acer.org.al\/sq\/wp-json\/wp\/v2\/pages\/74349\/revisions"}],"predecessor-version":[{"id":75816,"href":"https:\/\/acer.org.al\/sq\/wp-json\/wp\/v2\/pages\/74349\/revisions\/75816"}],"wp:attachment":[{"href":"https:\/\/acer.org.al\/sq\/wp-json\/wp\/v2\/media?parent=74349"}],"curies":[{"name":"wp","href":"https:\/\/api.w.org\/{rel}","templated":true}]}}