{"id":73821,"date":"2023-04-19T10:56:23","date_gmt":"2023-04-19T10:56:23","guid":{"rendered":"https:\/\/acer.org.al\/new\/?page_id=73821"},"modified":"2023-04-27T13:35:42","modified_gmt":"2023-04-27T13:35:42","slug":"transparency-and-governance-of-public-sector","status":"publish","type":"page","link":"https:\/\/acer.org.al\/sq\/transparency-and-governance-of-public-sector\/","title":{"rendered":"Transparency and Governance of Public Sector"},"content":{"rendered":"<div data-vc-full-width=\"true\" data-vc-full-width-init=\"false\" data-vc-stretch-content=\"true\" class=\"vc_row wpb_row vc_row-fluid\"><div class=\"wpb_column vc_column_container vc_col-sm-12\"><div class=\"vc_column-inner\"><div class=\"wpb_wrapper\"><div class=\"vc-hoverbox-wrapper  vc-hoverbox-shape--rounded vc-hoverbox-align--center vc-hoverbox-direction--default vc-hoverbox-width--100\"  ontouchstart=\"\">\n  <div class=\"vc-hoverbox\">\n    <div class=\"vc-hoverbox-inner\">\n      <div class=\"vc-hoverbox-block vc-hoverbox-front\" style=\"background-image: url(https:\/\/acer.org.al\/wp-content\/uploads\/2023\/04\/Screenshot-2023-04-22-181151.png);\">\n        <div class=\"vc-hoverbox-block-inner vc-hoverbox-front-inner\">\n            \n        <\/div>\n      <\/div>\n      <div class=\"vc-hoverbox-block vc-hoverbox-back\" style=\"background-color: #f7be68;\">\n        <div class=\"vc-hoverbox-block-inner vc-hoverbox-back-inner\">\n            <h2 style=\"text-align:center\">Hart\u00ebzimi i Rrjeteve t\u00eb Patronazhit p\u00ebr P\u00ebrmir\u00ebsimin e Transparenc\u00ebs dhe Qeverisjes s\u00eb Sektorit Publik t\u00eb Shqip\u00ebris\u00eb<\/h2>\n            \n            \n        <\/div>\n      <\/div>\n    <\/div>\n  <\/div>\n<\/div><\/div><\/div><\/div><div class=\"wpb_column vc_column_container vc_col-sm-12\"><div class=\"vc_column-inner\"><div class=\"wpb_wrapper\"><div class=\"vc_empty_space\"   style=\"height: 100px\"><span class=\"vc_empty_space_inner\"><\/span><\/div><\/div><\/div><\/div><\/div><div class=\"vc_row-full-width vc_clearfix\"><\/div><div data-vc-full-width=\"true\" data-vc-full-width-init=\"false\" data-vc-stretch-content=\"true\" class=\"vc_row wpb_row vc_row-fluid\"><div class=\"wpb_column vc_column_container vc_col-sm-9\"><div class=\"vc_column-inner\"><div class=\"wpb_wrapper\"><div class=\"vc_empty_space  vc_custom_1682179445414\"   style=\"height: 32px\"><span class=\"vc_empty_space_inner\"><\/span><\/div><\/div><\/div><\/div><\/div><div class=\"vc_row-full-width vc_clearfix\"><\/div><div data-vc-full-width=\"true\" data-vc-full-width-init=\"false\" data-vc-stretch-content=\"true\" class=\"vc_row wpb_row vc_row-fluid\"><div class=\"wpb_column vc_column_container vc_col-sm-12\"><div class=\"vc_column-inner\"><div class=\"wpb_wrapper\"><div class=\"vc_empty_space\"   style=\"height: 150px\"><span class=\"vc_empty_space_inner\"><\/span><\/div><\/div><\/div><\/div><\/div><div class=\"vc_row-full-width vc_clearfix\"><\/div><div data-vc-full-width=\"true\" data-vc-full-width-init=\"false\" data-vc-stretch-content=\"true\" class=\"vc_row wpb_row vc_row-fluid\"><div class=\"wpb_column vc_column_container vc_col-sm-3\"><div class=\"vc_column-inner\"><div class=\"wpb_wrapper\"><div class=\"vc_empty_space  vc_custom_1682179521591\"   style=\"height: 32px\"><span class=\"vc_empty_space_inner\"><\/span><\/div>\n\t<div  class=\"wpb_single_image wpb_content_element vc_align_left\">\n\t\t\n\t\t<figure class=\"wpb_wrapper vc_figure\">\n\t\t\t<div class=\"vc_single_image-wrapper   vc_box_border_grey\"><img loading=\"lazy\" decoding=\"async\" width=\"1024\" height=\"768\" src=\"https:\/\/acer.org.al\/wp-content\/uploads\/2023\/04\/Yellow-Green-Modern-SWOT-Analysis-Graph.png\" class=\"vc_single_image-img attachment-full\" alt=\"\" srcset=\"https:\/\/acer.org.al\/wp-content\/uploads\/2023\/04\/Yellow-Green-Modern-SWOT-Analysis-Graph.png 1024w, https:\/\/acer.org.al\/wp-content\/uploads\/2023\/04\/Yellow-Green-Modern-SWOT-Analysis-Graph-300x225.png 300w, https:\/\/acer.org.al\/wp-content\/uploads\/2023\/04\/Yellow-Green-Modern-SWOT-Analysis-Graph-768x576.png 768w, https:\/\/acer.org.al\/wp-content\/uploads\/2023\/04\/Yellow-Green-Modern-SWOT-Analysis-Graph-16x12.png 16w\" sizes=\"auto, (max-width: 1024px) 100vw, 1024px\" \/><\/div>\n\t\t<\/figure>\n\t<\/div>\n<\/div><\/div><\/div><div class=\"wpb_column vc_column_container vc_col-sm-9\"><div class=\"vc_column-inner\"><div class=\"wpb_wrapper\"><div class=\"vc_empty_space  vc_custom_1682179572974\"   style=\"height: 32px\"><span class=\"vc_empty_space_inner\"><\/span><\/div>\n\t<div class=\"wpb_text_column wpb_content_element\" >\n\t\t<div class=\"wpb_wrapper\">\n\t\t\t<h2><\/h2>\n<h2 style=\"text-align: center;\"><strong>Reth Projektit\u00a0<\/strong><\/h2>\n<p>&nbsp;<\/p>\n<h2 style=\"text-align: center;\"><b><i>Mapping of Patronage\u00a0Networks for Improving Transparency\u00a0and Governance of Public\u00a0Sector of\u00a0Albania<\/i><\/b><\/h2>\n<p>&nbsp;<\/p>\n<p><span style=\"font-weight: 400;\">Projekti i titulluar: \u201c<\/span><b><i>Mapping of Patronage\u00a0Networks for Improving Transparency\u00a0and Governance of Public\u00a0Sector of\u00a0Albania<\/i><\/b><span style=\"font-weight: 400;\">\u201d (SAL60022GR0057) is supported by\u00a0<\/span><b>Democracy Commission Small Grants Program of US Embassy in Tirana.<\/b><\/p>\n<p><span style=\"font-weight: 400;\">Zbulimi dhe hart\u00ebzimi i rrjeteve informale dhe pikave t\u00eb ndikimit \u00ebsht\u00eb i mundur p\u00ebrmes rritjes s\u00eb aksesit n\u00eb informacion mbi menaxhimin dhe pun\u00ebn e (NSH-ve), duke rritur aksesin e qytetar\u00ebve n\u00eb informacionin p\u00ebrkat\u00ebs p\u00ebrmes bazave t\u00eb t\u00eb dh\u00ebnave dhe hartave interaktive miq\u00ebsore p\u00ebr p\u00ebrdoruesit; nisja e diskutimit dhe rritja e presionit drejt p\u00ebrmir\u00ebsimit t\u00eb kuadrit ligjor q\u00eb rregullon em\u00ebrimet dhe pun\u00ebsimin n\u00eb sektorin publik etj. Si rrjedhoj\u00eb do t\u00eb jet\u00eb rritja e presionit publik dhe nd\u00ebrgjegj\u00ebsimi p\u00ebr shp\u00ebrndarjen e energjis\u00eb.<\/span><\/p>\n<p><span style=\"font-weight: 400;\">Q\u00ebllimi i p\u00ebrgjithsh\u00ebm i projektit \u201cHart\u00ebzimi i Rrjeteve t\u00eb Patronazhit p\u00ebr P\u00ebrmir\u00ebsimin e Transparenc\u00ebs dhe Qeverisjes s\u00eb Sektorit Publik t\u00eb Shqip\u00ebris\u00eb\u201d \u00ebsht\u00eb t\u00eb identifikoj\u00eb dhe hartoj\u00eb rrjetet informale dhe t\u00eb krijoj\u00eb nj\u00eb baz\u00eb t\u00eb fort\u00eb p\u00ebr t\u00eb mbrojtur p\u00ebrmir\u00ebsimin e transparenc\u00ebs s\u00eb nd\u00ebrmarrjeve shtet\u00ebrore.<\/span><\/p>\n<p><span style=\"font-weight: 400;\">Rritja e transparenc\u00ebs s\u00eb menaxhmentit, ve\u00e7an\u00ebrisht n\u00eb lidhje me procedurat e ndjekura n\u00eb ngritjen e bordeve mbik\u00ebqyr\u00ebse, CEO-ve dhe strukturave t\u00eb larta drejtuese t\u00eb transparenc\u00ebs s\u00eb nd\u00ebrmarrjeve shtet\u00ebrore mbeten nj\u00eb pik\u00eb kritike p\u00ebr p\u00ebrmir\u00ebsimin e cil\u00ebsis\u00eb s\u00eb jet\u00ebs s\u00eb qytetar\u00ebve shqiptar\u00eb.<\/span><\/p>\n<p><span style=\"font-weight: 400;\">Duke u bazuar n\u00eb burimet ekzistuese t\u00eb informacionit, ky projekt synon t\u00eb identifikoj\u00eb dhe sugjeroj\u00eb m\u00ebnyra p\u00ebr t\u00eb rritur aksesin n\u00eb informacion mbi menaxhimin dhe funksionimin e transparenc\u00ebs s\u00eb nd\u00ebrmarrjeve shtet\u00ebrore; hartimi i ndikimeve t\u00eb jashtme n\u00eb menaxhimin, pun\u00ebsimin dhe shp\u00ebrndarjen e fondeve, rritjen e aksesit t\u00eb qytetar\u00ebve n\u00eb informacionin p\u00ebrkat\u00ebs, gjenerimin e debatit dhe rritjen e presionit p\u00ebr t\u00eb p\u00ebrmir\u00ebsuar kuadrin ligjor q\u00eb rregullon em\u00ebrimet dhe pun\u00ebsimin n\u00eb sektorin publik, si dhe rritjen e presionit publik dhe nd\u00ebrgjegj\u00ebsimin p\u00ebr shp\u00ebrndarjen e energjis\u00eb.<\/span><\/p>\n<p><span style=\"font-weight: 400;\">The project lasts 1 year (September 2022-August 2023)<\/span><\/p>\n\n\t\t<\/div>\n\t<\/div>\n<\/div><\/div><\/div><\/div><div class=\"vc_row-full-width vc_clearfix\"><\/div>","protected":false},"excerpt":{"rendered":"Mapping of Patronage Networks for Improving Transparency and Governance of Public Sector of Albania About the project\u00a0 &nbsp; Mapping of Patronage\u00a0Networks for Improving Transparency\u00a0and Governance of Public\u00a0Sector of\u00a0Albania &nbsp; The project entitled: \u201cMapping of Patronage\u00a0Networks for Improving Transparency\u00a0and Governance of Public\u00a0Sector of\u00a0Albania\u201d (SAL60022GR0057) is supported by\u00a0Democracy Commission Small Grants Program of US Embassy in Tirana. [...]","protected":false},"author":1,"featured_media":0,"parent":0,"menu_order":0,"comment_status":"closed","ping_status":"closed","template":"","meta":{"footnotes":""},"class_list":["post-73821","page","type-page","status-publish","hentry"],"yoast_head":"<!-- This site is optimized with the Yoast SEO plugin v20.4 - https:\/\/yoast.com\/wordpress\/plugins\/seo\/ -->\n<title>Transparency and Governance of Public Sector - ACER<\/title>\n<meta name=\"robots\" content=\"index, follow, max-snippet:-1, max-image-preview:large, max-video-preview:-1\" \/>\n<link rel=\"canonical\" href=\"https:\/\/acer.org.al\/sq\/transparency-and-governance-of-public-sector\/\" \/>\n<meta property=\"og:locale\" content=\"sq_AL\" \/>\n<meta property=\"og:type\" content=\"article\" \/>\n<meta property=\"og:title\" content=\"Transparency and Governance of Public Sector - ACER\" \/>\n<meta property=\"og:url\" content=\"https:\/\/acer.org.al\/sq\/transparency-and-governance-of-public-sector\/\" \/>\n<meta property=\"og:site_name\" content=\"ACER\" \/>\n<meta property=\"article:modified_time\" content=\"2023-04-27T13:35:42+00:00\" \/>\n<meta name=\"twitter:card\" content=\"summary_large_image\" \/>\n<meta name=\"twitter:label1\" content=\"Est. reading time\" \/>\n\t<meta name=\"twitter:data1\" content=\"2 minuta\" \/>\n<script type=\"application\/ld+json\" class=\"yoast-schema-graph\">{\"@context\":\"https:\/\/schema.org\",\"@graph\":[{\"@type\":\"WebPage\",\"@id\":\"https:\/\/acer.org.al\/transparency-and-governance-of-public-sector\/\",\"url\":\"https:\/\/acer.org.al\/transparency-and-governance-of-public-sector\/\",\"name\":\"Transparency and Governance of Public Sector - ACER\",\"isPartOf\":{\"@id\":\"https:\/\/acer.org.al\/#website\"},\"datePublished\":\"2023-04-19T10:56:23+00:00\",\"dateModified\":\"2023-04-27T13:35:42+00:00\",\"breadcrumb\":{\"@id\":\"https:\/\/acer.org.al\/transparency-and-governance-of-public-sector\/#breadcrumb\"},\"inLanguage\":\"sq\",\"potentialAction\":[{\"@type\":\"ReadAction\",\"target\":[\"https:\/\/acer.org.al\/transparency-and-governance-of-public-sector\/\"]}]},{\"@type\":\"BreadcrumbList\",\"@id\":\"https:\/\/acer.org.al\/transparency-and-governance-of-public-sector\/#breadcrumb\",\"itemListElement\":[{\"@type\":\"ListItem\",\"position\":1,\"name\":\"Home\",\"item\":\"https:\/\/acer.org.al\/\"},{\"@type\":\"ListItem\",\"position\":2,\"name\":\"Transparency and Governance of Public Sector\"}]},{\"@type\":\"WebSite\",\"@id\":\"https:\/\/acer.org.al\/#website\",\"url\":\"https:\/\/acer.org.al\/\",\"name\":\"ACER\",\"description\":\"\",\"potentialAction\":[{\"@type\":\"SearchAction\",\"target\":{\"@type\":\"EntryPoint\",\"urlTemplate\":\"https:\/\/acer.org.al\/?s={search_term_string}\"},\"query-input\":\"required name=search_term_string\"}],\"inLanguage\":\"sq\"}]}<\/script>\n<!-- \/ Yoast SEO plugin. -->","yoast_head_json":{"title":"Transparency and Governance of Public Sector - ACER","robots":{"index":"index","follow":"follow","max-snippet":"max-snippet:-1","max-image-preview":"max-image-preview:large","max-video-preview":"max-video-preview:-1"},"canonical":"https:\/\/acer.org.al\/sq\/transparency-and-governance-of-public-sector\/","og_locale":"sq_AL","og_type":"article","og_title":"Transparency and Governance of Public Sector - ACER","og_url":"https:\/\/acer.org.al\/sq\/transparency-and-governance-of-public-sector\/","og_site_name":"ACER","article_modified_time":"2023-04-27T13:35:42+00:00","twitter_card":"summary_large_image","twitter_misc":{"Est. reading time":"2 minuta"},"schema":{"@context":"https:\/\/schema.org","@graph":[{"@type":"WebPage","@id":"https:\/\/acer.org.al\/transparency-and-governance-of-public-sector\/","url":"https:\/\/acer.org.al\/transparency-and-governance-of-public-sector\/","name":"Transparency and Governance of Public Sector - ACER","isPartOf":{"@id":"https:\/\/acer.org.al\/#website"},"datePublished":"2023-04-19T10:56:23+00:00","dateModified":"2023-04-27T13:35:42+00:00","breadcrumb":{"@id":"https:\/\/acer.org.al\/transparency-and-governance-of-public-sector\/#breadcrumb"},"inLanguage":"sq","potentialAction":[{"@type":"ReadAction","target":["https:\/\/acer.org.al\/transparency-and-governance-of-public-sector\/"]}]},{"@type":"BreadcrumbList","@id":"https:\/\/acer.org.al\/transparency-and-governance-of-public-sector\/#breadcrumb","itemListElement":[{"@type":"ListItem","position":1,"name":"Home","item":"https:\/\/acer.org.al\/"},{"@type":"ListItem","position":2,"name":"Transparency and Governance of Public Sector"}]},{"@type":"WebSite","@id":"https:\/\/acer.org.al\/#website","url":"https:\/\/acer.org.al\/","name":"ACER","description":"","potentialAction":[{"@type":"SearchAction","target":{"@type":"EntryPoint","urlTemplate":"https:\/\/acer.org.al\/?s={search_term_string}"},"query-input":"required name=search_term_string"}],"inLanguage":"sq"}]}},"_links":{"self":[{"href":"https:\/\/acer.org.al\/sq\/wp-json\/wp\/v2\/pages\/73821","targetHints":{"allow":["GET"]}}],"collection":[{"href":"https:\/\/acer.org.al\/sq\/wp-json\/wp\/v2\/pages"}],"about":[{"href":"https:\/\/acer.org.al\/sq\/wp-json\/wp\/v2\/types\/page"}],"author":[{"embeddable":true,"href":"https:\/\/acer.org.al\/sq\/wp-json\/wp\/v2\/users\/1"}],"replies":[{"embeddable":true,"href":"https:\/\/acer.org.al\/sq\/wp-json\/wp\/v2\/comments?post=73821"}],"version-history":[{"count":8,"href":"https:\/\/acer.org.al\/sq\/wp-json\/wp\/v2\/pages\/73821\/revisions"}],"predecessor-version":[{"id":74137,"href":"https:\/\/acer.org.al\/sq\/wp-json\/wp\/v2\/pages\/73821\/revisions\/74137"}],"wp:attachment":[{"href":"https:\/\/acer.org.al\/sq\/wp-json\/wp\/v2\/media?parent=73821"}],"curies":[{"name":"wp","href":"https:\/\/api.w.org\/{rel}","templated":true}]}}