{"id":73798,"date":"2023-04-19T09:38:14","date_gmt":"2023-04-19T09:38:14","guid":{"rendered":"https:\/\/acer.org.al\/new\/?page_id=73798"},"modified":"2023-06-06T12:47:55","modified_gmt":"2023-06-06T12:47:55","slug":"csos-against-corruption","status":"publish","type":"page","link":"https:\/\/acer.org.al\/sq\/csos-against-corruption\/","title":{"rendered":"CSOs against Corruption"},"content":{"rendered":"<div data-vc-full-width=\"true\" data-vc-full-width-init=\"false\" data-vc-stretch-content=\"true\" class=\"vc_row wpb_row vc_row-fluid\"><div class=\"wpb_column vc_column_container vc_col-sm-12\"><div class=\"vc_column-inner\"><div class=\"wpb_wrapper\"><div class=\"vc-hoverbox-wrapper  vc-hoverbox-shape--rounded vc-hoverbox-align--center vc-hoverbox-direction--default vc-hoverbox-width--100\"  ontouchstart=\"\">\n  <div class=\"vc-hoverbox\">\n    <div class=\"vc-hoverbox-inner\">\n      <div class=\"vc-hoverbox-block vc-hoverbox-front\" style=\"background-image: url(https:\/\/acer.org.al\/wp-content\/uploads\/2023\/04\/TIOLO.png);\">\n        <div class=\"vc-hoverbox-block-inner vc-hoverbox-front-inner\">\n            <h2 style=\"text-align:center\">Promovimi i bashk\u00ebpunimit nd\u00ebrmjet aktor\u00ebve t\u00eb shoq\u00ebris\u00eb civile n\u00eb luft\u00ebn kund\u00ebr korrupsionit<\/h2>\n        <\/div>\n      <\/div>\n      <div class=\"vc-hoverbox-block vc-hoverbox-back\" style=\"background-color: #f7be68;\">\n        <div class=\"vc-hoverbox-block-inner vc-hoverbox-back-inner\">\n            \n            <p style=\"text-align: center;\"><strong>Western Balkan Fund\u00a0(WBF)<\/strong><\/p>\n\n            \n        <\/div>\n      <\/div>\n    <\/div>\n  <\/div>\n<\/div><\/div><\/div><\/div><\/div><div class=\"vc_row-full-width vc_clearfix\"><\/div><div data-vc-full-width=\"true\" data-vc-full-width-init=\"false\" data-vc-stretch-content=\"true\" class=\"vc_row wpb_row vc_row-fluid\"><div class=\"wpb_column vc_column_container vc_col-sm-12\"><div class=\"vc_column-inner\"><div class=\"wpb_wrapper\"><div class=\"vc_empty_space\"   style=\"height: 150px\"><span class=\"vc_empty_space_inner\"><\/span><\/div><\/div><\/div><\/div><div class=\"wpb_column vc_column_container vc_col-sm-12\"><div class=\"vc_column-inner\"><div class=\"wpb_wrapper\"><div class=\"vc_empty_space  vc_custom_1682178004363\"   style=\"height: 32px\"><span class=\"vc_empty_space_inner\"><\/span><\/div><\/div><\/div><\/div><div class=\"wpb_column vc_column_container vc_col-sm-12\"><div class=\"vc_column-inner\"><div class=\"wpb_wrapper\"><div class=\"vc_empty_space\"   style=\"height: 150px\"><span class=\"vc_empty_space_inner\"><\/span><\/div><\/div><\/div><\/div><\/div><div class=\"vc_row-full-width vc_clearfix\"><\/div><div data-vc-full-width=\"true\" data-vc-full-width-init=\"false\" data-vc-stretch-content=\"true\" class=\"vc_row wpb_row vc_row-fluid\"><div class=\"wpb_column vc_column_container vc_col-sm-3\"><div class=\"vc_column-inner\"><div class=\"wpb_wrapper\"><div class=\"vc_empty_space  vc_custom_1682177924183\"   style=\"height: 32px\"><span class=\"vc_empty_space_inner\"><\/span><\/div>\n\t<div  class=\"wpb_single_image wpb_content_element vc_align_left\">\n\t\t\n\t\t<figure class=\"wpb_wrapper vc_figure\">\n\t\t\t<div class=\"vc_single_image-wrapper   vc_box_border_grey\"><img loading=\"lazy\" decoding=\"async\" width=\"336\" height=\"451\" src=\"https:\/\/acer.org.al\/wp-content\/uploads\/2023\/03\/wbf-1-1.jpg\" class=\"vc_single_image-img attachment-full\" alt=\"\" srcset=\"https:\/\/acer.org.al\/wp-content\/uploads\/2023\/03\/wbf-1-1.jpg 336w, https:\/\/acer.org.al\/wp-content\/uploads\/2023\/03\/wbf-1-1-224x300.jpg 224w, https:\/\/acer.org.al\/wp-content\/uploads\/2023\/03\/wbf-1-1-9x12.jpg 9w\" sizes=\"auto, (max-width: 336px) 100vw, 336px\" \/><\/div>\n\t\t<\/figure>\n\t<\/div>\n<div class=\"vc_empty_space\"   style=\"height: 32px\"><span class=\"vc_empty_space_inner\"><\/span><\/div><h2 style=\"font-size: 18px;line-height: 2;text-align: center;font-family:Abril Fatface;font-weight:400;font-style:normal\" class=\"vc_custom_heading vc_custom_1682178746932\" >December 2022-May 2023<\/h2><\/div><\/div><\/div><div class=\"wpb_column vc_column_container vc_col-sm-9\"><div class=\"vc_column-inner\"><div class=\"wpb_wrapper\"><div class=\"vc_empty_space  vc_custom_1682177880374\"   style=\"height: 32px\"><span class=\"vc_empty_space_inner\"><\/span><\/div>\n\t<div class=\"wpb_text_column wpb_content_element\" >\n\t\t<div class=\"wpb_wrapper\">\n\t\t\t<h2 style=\"text-align: center;\"><strong>Reth Projektit\u00a0<\/strong><\/h2>\n<p>&nbsp;<\/p>\n<h2 style=\"text-align: center;\"><strong>Promovimi i bashk\u00ebpunimit nd\u00ebrmjet aktor\u00ebve t\u00eb shoq\u00ebris\u00eb civile n\u00eb luft\u00ebn kund\u00ebr korrupsionit<\/strong><\/h2>\n<p>&nbsp;<\/p>\n<p>Lead Applicant \u2013<strong>\u00a0Shqiptare p\u00ebr K\u00ebrkime Ekonomike<\/strong><\/p>\n<p>Me mb\u00ebshtetjen e\u00a0<a href=\"https:\/\/westernbalkansfund.org\/\">Fondi p\u00ebr Ballkanin Per\u00ebndimor<\/a>\u00a0(WBF), the Albanian Center for Economic Research (ACER) as lead partner, together with the Institute for Corruption Research (KAREYA, Pancevo, in Serbia (Smederevo), and the Organization for Democracy , Anti-corruption and Dignity \u2013 \u201cCOHU\u201d, in Kosovo (Lipjan), have undertaken the project entitled:<strong>\u00a0\u201c<em>Promovimi i bashk\u00ebpunimit nd\u00ebrmjet aktor\u00ebve t\u00eb shoq\u00ebris\u00eb civile n\u00eb luft\u00ebn kund\u00ebr korrupsionit<\/em>\u201c<\/strong>\u00a0(CN 2021\/424879)).<\/p>\n<p>Currently for this project, an anti-corruption survey is being carried out on the basis of a special questionnaire, through which information is being gathered about issues such as: the causes and extent of corruption at the local level; the assessment of the provision of key public services such as education and health service, the general perception of citizens on the trends of corruption during the last three years, as well as some of their recommendations for improving the situation in the selected municipalities.<\/p>\n<p>Organizatat e shoq\u00ebris\u00eb civile pjes\u00ebmarr\u00ebse n\u00eb k\u00ebt\u00eb projekt besojn\u00eb se nd\u00ebrtimi i integritetit n\u00eb institucionet publike sic \u00ebsht\u00eb pushteti vendor \u00ebsht\u00eb nj\u00eb aspekt thelb\u00ebsor i nd\u00ebrtimit t\u00eb nj\u00eb kulture ligjshm\u00ebrie n\u00eb mbar\u00eb shoq\u00ebrin\u00eb. Ata shpresojn\u00eb q\u00eb ky projekt t\u00eb jet\u00eb nj\u00eb mund\u00ebsi e mir\u00eb p\u00ebr shk\u00ebmbimin e njohurive dhe nxitjen e diskutimit mbi tem\u00ebn e integritetit institucional brenda komunitetit t\u00eb bashkive ku po zbatohet p\u00ebr rritjen e efektivitetit t\u00eb bashk\u00ebpunimit rajonal p\u00ebr nj\u00eb luft\u00eb t\u00eb suksesshme kund\u00ebr korrupsionit.<\/p>\n<p>The project contributes to enhance the impact of civil society in improving public awareness and social activism through evidence-based advocacy, watchdog and policy monitoring, and dialogue with the local Governments in the area of good governance and anti-corruption. Furthermore, to strengthen CSOs\u2019 capacities for structured civil society dialogue and outreach through networking and regional cooperatioon.<\/p>\n<p><strong>Projekti zgjat 6 muaj dhe do t\u00eb p\u00ebrfundoje m\u00eb 31.05.2023<\/strong><\/p>\n\n\t\t<\/div>\n\t<\/div>\n<div class=\"vc_empty_space  vc_custom_1682178558318\"   style=\"height: 32px\"><span class=\"vc_empty_space_inner\"><\/span><\/div><\/div><\/div><\/div><\/div><div class=\"vc_row-full-width vc_clearfix\"><\/div><div class=\"vc_row wpb_row vc_row-fluid\"><div class=\"wpb_column vc_column_container vc_col-sm-12\"><div class=\"vc_column-inner\"><div class=\"wpb_wrapper\"><div class=\"vc_empty_space\"   style=\"height: 100px\"><span class=\"vc_empty_space_inner\"><\/span><\/div><\/div><\/div><\/div><\/div><div data-vc-full-width=\"true\" data-vc-full-width-init=\"false\" data-vc-stretch-content=\"true\" class=\"vc_row wpb_row vc_row-fluid\"><div class=\"wpb_column vc_column_container vc_col-sm-3\"><div class=\"vc_column-inner\"><div class=\"wpb_wrapper\">\n\t<div class=\"wpb_text_column wpb_content_element\" >\n\t\t<div class=\"wpb_wrapper\">\n\t\t\t<p><strong>Publikimet n\u00eb kuad\u00ebr t\u00eb projektit:<\/strong><\/p>\n\n\t\t<\/div>\n\t<\/div>\n<\/div><\/div><\/div><div class=\"wpb_column vc_column_container vc_col-sm-9\"><div class=\"vc_column-inner\"><div class=\"wpb_wrapper\">\n\t<div class=\"wpb_text_column wpb_content_element\" >\n\t\t<div class=\"wpb_wrapper\">\n\t\t\t<p><strong>Final Report<\/strong><\/p>\n<p><a href=\"https:\/\/acer.org.al\/wp-content\/uploads\/2023\/06\/Acer-EN.pdf\">Promoting Cooperation Between Civil Society Actors in the Fight Against Corruption_EN<\/a><\/p>\n<p><a href=\"https:\/\/acer.org.al\/wp-content\/uploads\/2023\/06\/Acer-SH.pdf\">Promoting Cooperation Between Civil Society Actors in the Fight Against Corruption_AL<\/a><\/p>\n<p><strong>Newsletter<\/strong><\/p>\n<p><strong><a href=\"https:\/\/acer.org.al\/wp-content\/uploads\/2023\/04\/ACER_Buletini-Anti-Korrupsion-EN.pdf\">ACER_Buletini Anti-Korrupsion-EN<\/a><\/strong><\/p>\n<p><strong><a href=\"https:\/\/acer.org.al\/wp-content\/uploads\/2023\/04\/ACER_Buletini-Anti-Korrupsion-AL.pdf\">ACER_Buletini Anti-Korrupsion-AL<\/a><\/strong><\/p>\n<p><strong>Policy Brief<\/strong><\/p>\n<p><strong><a href=\"https:\/\/acer.org.al\/wp-content\/uploads\/2023\/04\/ACER-Policy-Brief.pdf\">ACER Policy Brief<\/a><\/strong><\/p>\n<p><strong><a href=\"https:\/\/acer.org.al\/wp-content\/uploads\/2023\/04\/ACER-Policy-Brief-II.pdf\">ACER Policy Brief II<\/a><\/strong><\/p>\n\n\t\t<\/div>\n\t<\/div>\n<\/div><\/div><\/div><\/div><div class=\"vc_row-full-width vc_clearfix\"><\/div><div class=\"vc_row wpb_row vc_row-fluid\"><div class=\"wpb_column vc_column_container vc_col-sm-12\"><div class=\"vc_column-inner\"><div class=\"wpb_wrapper\"><div class=\"vc_empty_space\"   style=\"height: 70px\"><span class=\"vc_empty_space_inner\"><\/span><\/div><\/div><\/div><\/div><\/div><div data-vc-full-width=\"true\" data-vc-full-width-init=\"false\" data-vc-stretch-content=\"true\" class=\"vc_row wpb_row vc_row-fluid\"><div class=\"wpb_column vc_column_container vc_col-sm-3\"><div class=\"vc_column-inner\"><div class=\"wpb_wrapper\">\n\t<div class=\"wpb_text_column wpb_content_element\" >\n\t\t<div class=\"wpb_wrapper\">\n\t\t\t<p><strong>Events in the framework of the project:<\/strong><\/p>\n\n\t\t<\/div>\n\t<\/div>\n<div class=\"vc_empty_space\"   style=\"height: 32px\"><span class=\"vc_empty_space_inner\"><\/span><\/div><div class=\"vc_empty_space\"   style=\"height: 32px\"><span class=\"vc_empty_space_inner\"><\/span><\/div>\n\t<div class=\"wpb_text_column wpb_content_element\" >\n\t\t<div class=\"wpb_wrapper\">\n\t\t\t<p><strong>Media Coverage:<\/strong><\/p>\n\n\t\t<\/div>\n\t<\/div>\n<\/div><\/div><\/div><div class=\"wpb_column vc_column_container vc_col-sm-3\"><div class=\"vc_column-inner\"><div class=\"wpb_wrapper\">\n\t<div class=\"wpb_text_column wpb_content_element\" >\n\t\t<div class=\"wpb_wrapper\">\n\t\t\t<p><a href=\"https:\/\/acer.org.al\/sq\/workshop-promoting-cooperation-between-civil-society-actors-in-the-western-balkans\/\">Online Workshop (5 June 2023)<\/a><\/p>\n<p><a href=\"https:\/\/acer.org.al\/sq\/a-conference-in-the-framework-of-the-project-promoting-collaboration-between-civil-society-actors-in-the-fight-against-corruption\/\">Regional Meeting (2 February 2023)<\/a><\/p>\n<p>&nbsp;<\/p>\n\n\t\t<\/div>\n\t<\/div>\n\n\t<div class=\"wpb_text_column wpb_content_element\" >\n\t\t<div class=\"wpb_wrapper\">\n\t\t\t<p><strong>Main findings published on local medias:<\/strong><\/p>\n<p><a href=\"https:\/\/www.faktor.al\/2023\/06\/05\/korrupsioni-ne-nivel-vendor-shqetesim-ne-rritje-per-organizatat-e-shoqerise-civile-ne-vendet-e-balkanit-perendimor\/\">Faktor.al<\/a><\/p>\n<p><a href=\"https:\/\/fastnewseconomy.com\/2023\/06\/studimi-i-acer-korrupsioni-problem-serioz-ne-te-gjithe-rajonin-me-keq-shqiperia\/\">Fast News Economy<\/a><\/p>\n<p><a href=\"https:\/\/scantv.al\/korrupsioni-problem-serioz-sipas-75-te-qytetareve-perceptimi-qytetar-studimi-50-e-te-pyeturve-mendojne-se-eshte-me-keq-se-10-vjet-me-pare\/\">Scan TV<\/a><\/p>\n<p><a href=\"https:\/\/joq-albania.com\/artikull\/1138312.html\">JOQ<\/a><\/p>\n\n\t\t<\/div>\n\t<\/div>\n<\/div><\/div><\/div><\/div><div class=\"vc_row-full-width vc_clearfix\"><\/div><div class=\"vc_row wpb_row vc_row-fluid\"><div class=\"wpb_column vc_column_container vc_col-sm-12\"><div class=\"vc_column-inner\"><div class=\"wpb_wrapper\"><\/div><\/div><\/div><\/div>","protected":false},"excerpt":{"rendered":"Promoting Collaboration Between Civil Society Actors in the Fight Against Corruption Western Balkan Fund\u00a0(WBF) December 2022-May 2023 About the project\u00a0 &nbsp; Promoting Collaboration Between Civil Society Actors in the Fight Against Corruption &nbsp; Lead Applicant \u2013\u00a0Albanian Center for Economic Research (ACER) With the support of the\u00a0Western Balkan Fund\u00a0(WBF), the Albanian Center for Economic Research (ACER) [...]","protected":false},"author":1,"featured_media":0,"parent":0,"menu_order":0,"comment_status":"closed","ping_status":"closed","template":"","meta":{"footnotes":""},"class_list":["post-73798","page","type-page","status-publish","hentry"],"yoast_head":"<!-- This site is optimized with the Yoast SEO plugin v20.4 - https:\/\/yoast.com\/wordpress\/plugins\/seo\/ -->\n<title>CSOs against Corruption - ACER<\/title>\n<meta name=\"robots\" content=\"index, follow, max-snippet:-1, max-image-preview:large, max-video-preview:-1\" \/>\n<link rel=\"canonical\" href=\"https:\/\/acer.org.al\/sq\/csos-against-corruption\/\" \/>\n<meta property=\"og:locale\" content=\"sq_AL\" \/>\n<meta property=\"og:type\" content=\"article\" \/>\n<meta property=\"og:title\" content=\"CSOs against Corruption - ACER\" \/>\n<meta property=\"og:url\" content=\"https:\/\/acer.org.al\/sq\/csos-against-corruption\/\" \/>\n<meta property=\"og:site_name\" content=\"ACER\" \/>\n<meta property=\"article:modified_time\" content=\"2023-06-06T12:47:55+00:00\" \/>\n<meta name=\"twitter:card\" content=\"summary_large_image\" \/>\n<meta name=\"twitter:label1\" content=\"Est. reading time\" \/>\n\t<meta name=\"twitter:data1\" content=\"2 minuta\" \/>\n<script type=\"application\/ld+json\" class=\"yoast-schema-graph\">{\"@context\":\"https:\/\/schema.org\",\"@graph\":[{\"@type\":\"WebPage\",\"@id\":\"https:\/\/acer.org.al\/csos-against-corruption\/\",\"url\":\"https:\/\/acer.org.al\/csos-against-corruption\/\",\"name\":\"CSOs against Corruption - ACER\",\"isPartOf\":{\"@id\":\"https:\/\/acer.org.al\/#website\"},\"datePublished\":\"2023-04-19T09:38:14+00:00\",\"dateModified\":\"2023-06-06T12:47:55+00:00\",\"breadcrumb\":{\"@id\":\"https:\/\/acer.org.al\/csos-against-corruption\/#breadcrumb\"},\"inLanguage\":\"sq\",\"potentialAction\":[{\"@type\":\"ReadAction\",\"target\":[\"https:\/\/acer.org.al\/csos-against-corruption\/\"]}]},{\"@type\":\"BreadcrumbList\",\"@id\":\"https:\/\/acer.org.al\/csos-against-corruption\/#breadcrumb\",\"itemListElement\":[{\"@type\":\"ListItem\",\"position\":1,\"name\":\"Home\",\"item\":\"https:\/\/acer.org.al\/\"},{\"@type\":\"ListItem\",\"position\":2,\"name\":\"CSOs against Corruption\"}]},{\"@type\":\"WebSite\",\"@id\":\"https:\/\/acer.org.al\/#website\",\"url\":\"https:\/\/acer.org.al\/\",\"name\":\"ACER\",\"description\":\"\",\"potentialAction\":[{\"@type\":\"SearchAction\",\"target\":{\"@type\":\"EntryPoint\",\"urlTemplate\":\"https:\/\/acer.org.al\/?s={search_term_string}\"},\"query-input\":\"required name=search_term_string\"}],\"inLanguage\":\"sq\"}]}<\/script>\n<!-- \/ Yoast SEO plugin. -->","yoast_head_json":{"title":"CSOs against Corruption - ACER","robots":{"index":"index","follow":"follow","max-snippet":"max-snippet:-1","max-image-preview":"max-image-preview:large","max-video-preview":"max-video-preview:-1"},"canonical":"https:\/\/acer.org.al\/sq\/csos-against-corruption\/","og_locale":"sq_AL","og_type":"article","og_title":"CSOs against Corruption - ACER","og_url":"https:\/\/acer.org.al\/sq\/csos-against-corruption\/","og_site_name":"ACER","article_modified_time":"2023-06-06T12:47:55+00:00","twitter_card":"summary_large_image","twitter_misc":{"Est. reading time":"2 minuta"},"schema":{"@context":"https:\/\/schema.org","@graph":[{"@type":"WebPage","@id":"https:\/\/acer.org.al\/csos-against-corruption\/","url":"https:\/\/acer.org.al\/csos-against-corruption\/","name":"CSOs against Corruption - ACER","isPartOf":{"@id":"https:\/\/acer.org.al\/#website"},"datePublished":"2023-04-19T09:38:14+00:00","dateModified":"2023-06-06T12:47:55+00:00","breadcrumb":{"@id":"https:\/\/acer.org.al\/csos-against-corruption\/#breadcrumb"},"inLanguage":"sq","potentialAction":[{"@type":"ReadAction","target":["https:\/\/acer.org.al\/csos-against-corruption\/"]}]},{"@type":"BreadcrumbList","@id":"https:\/\/acer.org.al\/csos-against-corruption\/#breadcrumb","itemListElement":[{"@type":"ListItem","position":1,"name":"Home","item":"https:\/\/acer.org.al\/"},{"@type":"ListItem","position":2,"name":"CSOs against Corruption"}]},{"@type":"WebSite","@id":"https:\/\/acer.org.al\/#website","url":"https:\/\/acer.org.al\/","name":"ACER","description":"","potentialAction":[{"@type":"SearchAction","target":{"@type":"EntryPoint","urlTemplate":"https:\/\/acer.org.al\/?s={search_term_string}"},"query-input":"required name=search_term_string"}],"inLanguage":"sq"}]}},"_links":{"self":[{"href":"https:\/\/acer.org.al\/sq\/wp-json\/wp\/v2\/pages\/73798","targetHints":{"allow":["GET"]}}],"collection":[{"href":"https:\/\/acer.org.al\/sq\/wp-json\/wp\/v2\/pages"}],"about":[{"href":"https:\/\/acer.org.al\/sq\/wp-json\/wp\/v2\/types\/page"}],"author":[{"embeddable":true,"href":"https:\/\/acer.org.al\/sq\/wp-json\/wp\/v2\/users\/1"}],"replies":[{"embeddable":true,"href":"https:\/\/acer.org.al\/sq\/wp-json\/wp\/v2\/comments?post=73798"}],"version-history":[{"count":20,"href":"https:\/\/acer.org.al\/sq\/wp-json\/wp\/v2\/pages\/73798\/revisions"}],"predecessor-version":[{"id":74303,"href":"https:\/\/acer.org.al\/sq\/wp-json\/wp\/v2\/pages\/73798\/revisions\/74303"}],"wp:attachment":[{"href":"https:\/\/acer.org.al\/sq\/wp-json\/wp\/v2\/media?parent=73798"}],"curies":[{"name":"wp","href":"https:\/\/api.w.org\/{rel}","templated":true}]}}