{"id":73785,"date":"2023-04-19T09:36:14","date_gmt":"2023-04-19T09:36:14","guid":{"rendered":"https:\/\/acer.org.al\/new\/?page_id=73785"},"modified":"2023-04-27T13:40:04","modified_gmt":"2023-04-27T13:40:04","slug":"piutd-2","status":"publish","type":"page","link":"https:\/\/acer.org.al\/sq\/piutd-2\/","title":{"rendered":"PIUTD"},"content":{"rendered":"<div data-vc-full-width=\"true\" data-vc-full-width-init=\"false\" data-vc-stretch-content=\"true\" class=\"vc_row wpb_row vc_row-fluid\"><div class=\"wpb_column vc_column_container vc_col-sm-12\"><div class=\"vc_column-inner\"><div class=\"wpb_wrapper\"><div class=\"vc-hoverbox-wrapper  vc-hoverbox-shape--rounded vc-hoverbox-align--center vc-hoverbox-direction--default vc-hoverbox-width--100\"  ontouchstart=\"\">\n  <div class=\"vc-hoverbox\">\n    <div class=\"vc-hoverbox-inner\">\n      <div class=\"vc-hoverbox-block vc-hoverbox-front\" style=\"background-image: url(https:\/\/acer.org.al\/wp-content\/uploads\/2023\/04\/212571-light-brown-plain-background-1024x724.jpg);\">\n        <div class=\"vc-hoverbox-block-inner vc-hoverbox-front-inner\">\n            <h2 style=\"text-align:center\">Mbledhja e t\u00eb dh\u00ebnave par\u00ebsore, zhvillimi i anketave afatmesme dhe p\u00ebrfundimtare, Vler\u00ebsimi i arritjeve t\u00eb PDO n\u00eb kuad\u00ebr t\u00eb PIUTD<\/h2>\n        <\/div>\n      <\/div>\n      <div class=\"vc-hoverbox-block vc-hoverbox-back\" style=\"background-color: #f7be68;\">\n        <div class=\"vc-hoverbox-block-inner vc-hoverbox-back-inner\">\n            \n            <h2 style=\"text-align: center;\"><strong>Projekti p\u00ebr Zhvillimin e Integruar  Urban dhe Turizmin(PZHIUT)<\/strong><\/h2>\n\n            \n        <\/div>\n      <\/div>\n    <\/div>\n  <\/div>\n<\/div><\/div><\/div><\/div><\/div><div class=\"vc_row-full-width vc_clearfix\"><\/div><div data-vc-full-width=\"true\" data-vc-full-width-init=\"false\" data-vc-stretch-content=\"true\" class=\"vc_row wpb_row vc_row-fluid\"><div class=\"wpb_column vc_column_container vc_col-sm-12\"><div class=\"vc_column-inner\"><div class=\"wpb_wrapper\"><div class=\"vc_empty_space\"   style=\"height: 150px\"><span class=\"vc_empty_space_inner\"><\/span><\/div><\/div><\/div><\/div><div class=\"wpb_column vc_column_container vc_col-sm-12\"><div class=\"vc_column-inner\"><div class=\"wpb_wrapper\"><div class=\"vc_empty_space  vc_custom_1682177342649\"   style=\"height: 32px\"><span class=\"vc_empty_space_inner\"><\/span><\/div><\/div><\/div><\/div><div class=\"wpb_column vc_column_container vc_col-sm-12\"><div class=\"vc_column-inner\"><div class=\"wpb_wrapper\"><div class=\"vc_empty_space\"   style=\"height: 100px\"><span class=\"vc_empty_space_inner\"><\/span><\/div><\/div><\/div><\/div><\/div><div class=\"vc_row-full-width vc_clearfix\"><\/div><div data-vc-full-width=\"true\" data-vc-full-width-init=\"false\" data-vc-stretch-content=\"true\" class=\"vc_row wpb_row vc_row-fluid\"><div class=\"wpb_column vc_column_container vc_col-sm-3\"><div class=\"vc_column-inner\"><div class=\"wpb_wrapper\"><div class=\"vc_empty_space  vc_custom_1682177530087\"   style=\"height: 32px\"><span class=\"vc_empty_space_inner\"><\/span><\/div>\n\t<div  class=\"wpb_single_image wpb_content_element vc_align_left\">\n\t\t\n\t\t<figure class=\"wpb_wrapper vc_figure\">\n\t\t\t<div class=\"vc_single_image-wrapper   vc_box_border_grey\"><img loading=\"lazy\" decoding=\"async\" width=\"305\" height=\"309\" src=\"https:\/\/acer.org.al\/wp-content\/uploads\/2023\/04\/Screenshot-2023-04-20-150007.png\" class=\"vc_single_image-img attachment-full\" alt=\"\" srcset=\"https:\/\/acer.org.al\/wp-content\/uploads\/2023\/04\/Screenshot-2023-04-20-150007.png 305w, https:\/\/acer.org.al\/wp-content\/uploads\/2023\/04\/Screenshot-2023-04-20-150007-296x300.png 296w, https:\/\/acer.org.al\/wp-content\/uploads\/2023\/04\/Screenshot-2023-04-20-150007-12x12.png 12w\" sizes=\"auto, (max-width: 305px) 100vw, 305px\" \/><\/div>\n\t\t<\/figure>\n\t<\/div>\n<\/div><\/div><\/div><div class=\"wpb_column vc_column_container vc_col-sm-9\"><div class=\"vc_column-inner\"><div class=\"wpb_wrapper\"><div class=\"vc_empty_space  vc_custom_1682177490815\"   style=\"height: 32px\"><span class=\"vc_empty_space_inner\"><\/span><\/div>\n\t<div class=\"wpb_text_column wpb_content_element\" >\n\t\t<div class=\"wpb_wrapper\">\n\t\t\t<h2 style=\"text-align: center;\"><strong>Reth Projektit\u00a0<\/strong><\/h2>\n<p>&nbsp;<\/p>\n<h2 style=\"text-align: center;\"><strong>Projekti p\u00ebr Zhvillimin e Integruar  Urban dhe Turizmin(PZHIUT)<\/strong><\/h2>\n<h2 class=\"vc_custom_heading vc_custom_1680521068824\" style=\"text-align: left;\"><strong>Mbledhja e t\u00eb dh\u00ebnave par\u00ebsore, zhvillimi i anketave afatmesme dhe p\u00ebrfundimtare, Vler\u00ebsimi i arritjeve t\u00eb PDO n\u00eb kuad\u00ebr t\u00eb PIUTD<\/strong><\/h2>\n<p>&nbsp;<\/p>\n<div class=\"wpb_column vc_column_container vc_col-sm-9\">\n<div class=\"vc_column-inner\">\n<div class=\"wpb_wrapper\">\n<div class=\"vc_wp_text wpb_content_element\">\n<div class=\"widget widget_text\">\n<div class=\"textwidget\">\n<p>N\u00eb kuad\u00ebr t\u00eb zbatimit t\u00eb PIUTD, Raporti P\u00ebrfundimtar<em><strong> \u201cP\u00ebrmbledhje e Anket\u00ebs s\u00eb Turist\u00ebve, Gjetjeve t\u00eb Grumbullimit t\u00eb Grupeve t\u00eb Fokusit dhe Num\u00ebrimit t\u00eb Turist\u00ebve, 2020<\/strong><\/em>\u00ebsht\u00eb p\u00ebrgatitur nga ACER me mb\u00ebshtetjen e<em><a href=\"https:\/\/www.albaniandf.org\/\" target=\"_blank\" rel=\"noopener\"> Albanian Development Fund<\/a> (ADF<\/em>Ky raport \u00ebsht\u00eb i strukturuar n\u00eb 5 kapituj kryesor\u00eb. Kapteri i par\u00eb paraqet nj\u00eb p\u00ebrshkrim t\u00eb Anket\u00ebs s\u00eb Turist\u00ebve t\u00eb vitit 2020 n\u00eb lidhje me q\u00ebllimin dhe metodologjin\u00eb e p\u00ebrdorur; Kapteri i dyt\u00eb analizon Gjetjet e Anket\u00ebs s\u00eb Turist\u00ebve t\u00eb vitit 2020, duke krahasuar t\u00eb dh\u00ebnat me anketat e vitit 2019, 2018 dhe studimin baz\u00eb t\u00eb vitit 2016; Kapteri i tret\u00eb p\u00ebrshkruan Gjetjet nga Diskutimet e Grumbullimit t\u00eb Grupeve t\u00eb Fokusit; nd\u00ebrkoh\u00eb q\u00eb Gjetjet e Num\u00ebrimit t\u00eb Turist\u00ebve n\u00eb 9 destinacione turistike t\u00eb p\u00ebrfshira n\u00eb projekt paraqiten n\u00eb kapitullin 4 (kat\u00ebr); dhe p\u00ebrfundimet dhe rekomandimet q\u00eb rrjedhin nga Anketa e Turist\u00ebve e vitit 2020 dhe diskutimet e grumbullimit t\u00eb grupeve t\u00eb fokusit mund t\u00eb gjenden n\u00eb Kapitullin 5 (pes\u00eb).<\/p>\n<\/div>\n<\/div>\n<\/div>\n<\/div>\n<\/div>\n<\/div>\n\n\t\t<\/div>\n\t<\/div>\n<\/div><\/div><\/div><\/div><div class=\"vc_row-full-width vc_clearfix\"><\/div><div class=\"vc_row wpb_row vc_row-fluid\"><div class=\"wpb_column vc_column_container vc_col-sm-12\"><div class=\"vc_column-inner\"><div class=\"wpb_wrapper\"><div class=\"vc_empty_space\"   style=\"height: 100px\"><span class=\"vc_empty_space_inner\"><\/span><\/div><\/div><\/div><\/div><\/div><div data-vc-full-width=\"true\" data-vc-full-width-init=\"false\" data-vc-stretch-content=\"true\" class=\"vc_row wpb_row vc_row-fluid\"><div class=\"wpb_column vc_column_container vc_col-sm-3\"><div class=\"vc_column-inner\"><div class=\"wpb_wrapper\">\n\t<div class=\"wpb_text_column wpb_content_element\" >\n\t\t<div class=\"wpb_wrapper\">\n\t\t\t<p><strong>Publikimet n\u00eb kuad\u00ebr t\u00eb projektit:<\/strong><\/p>\n\n\t\t<\/div>\n\t<\/div>\n<\/div><\/div><\/div><div class=\"wpb_column vc_column_container vc_col-sm-9\"><div class=\"vc_column-inner\"><div class=\"wpb_wrapper\">\n\t<div class=\"wpb_text_column wpb_content_element\" >\n\t\t<div class=\"wpb_wrapper\">\n\t\t\t<p><strong>Raportet e plota\u00a0<\/strong><\/p>\n<p><strong>Anglisht<\/strong>: <a style=\"font-size: 12px;\" href=\"https:\/\/acer.org.al\/wp-content\/uploads\/2023\/04\/PIUTD_ACER_-ADF_ENG_-Final-Report-2020_Summary-of-Tourist-Survey.pdf\">PIUTD_ACER_-ADF_ENG_-Final-Report-2020_Summary-of-Tourist-Survey<\/a><\/p>\n<p><strong>Shqip:<\/strong> <a style=\"font-size: 12px;\" href=\"https:\/\/acer.org.al\/wp-content\/uploads\/2023\/04\/PZHIUT_ACER_-ADF_ALB_Raport-Final-2020_Permbledhja-e-gjetjeve-kryesore-te-Vrojtimi-te-Turisteve.pdf\">PZHIUT_ACER_-ADF_ALB_Raport-Final-2020_Permbledhja-e-gjetjeve-kryesore-te-Vrojtimi-te-Turisteve<\/a><\/p>\n\n\t\t<\/div>\n\t<\/div>\n<\/div><\/div><\/div><\/div><div class=\"vc_row-full-width vc_clearfix\"><\/div>","protected":false},"excerpt":{"rendered":"Primary Data Collection, Development of Mid-Term and End Follow up Surveys, Assessment of PDO findings achievement in the framework of PIUTD Project for Integrated Urban and Tourism Development (PIUTD) About the project\u00a0 &nbsp; Project for Integrated Urban and Tourism Development (PIUTD) Primary Data Collection, Development of Mid-Term and End Follow up Surveys, Assessment of PDO [...]","protected":false},"author":1,"featured_media":0,"parent":0,"menu_order":0,"comment_status":"closed","ping_status":"closed","template":"","meta":{"footnotes":""},"class_list":["post-73785","page","type-page","status-publish","hentry"],"yoast_head":"<!-- This site is optimized with the Yoast SEO plugin v20.4 - https:\/\/yoast.com\/wordpress\/plugins\/seo\/ -->\n<title>PIUTD - ACER<\/title>\n<meta name=\"robots\" content=\"index, follow, max-snippet:-1, max-image-preview:large, max-video-preview:-1\" \/>\n<link rel=\"canonical\" href=\"https:\/\/acer.org.al\/sq\/piutd-2\/\" \/>\n<meta property=\"og:locale\" content=\"sq_AL\" \/>\n<meta property=\"og:type\" content=\"article\" \/>\n<meta property=\"og:title\" content=\"PIUTD - ACER\" \/>\n<meta property=\"og:url\" content=\"https:\/\/acer.org.al\/sq\/piutd-2\/\" \/>\n<meta property=\"og:site_name\" content=\"ACER\" \/>\n<meta property=\"article:modified_time\" content=\"2023-04-27T13:40:04+00:00\" \/>\n<meta name=\"twitter:card\" content=\"summary_large_image\" \/>\n<meta name=\"twitter:label1\" content=\"Est. reading time\" \/>\n\t<meta name=\"twitter:data1\" content=\"2 minuta\" \/>\n<script type=\"application\/ld+json\" class=\"yoast-schema-graph\">{\"@context\":\"https:\/\/schema.org\",\"@graph\":[{\"@type\":\"WebPage\",\"@id\":\"https:\/\/acer.org.al\/piutd-2\/\",\"url\":\"https:\/\/acer.org.al\/piutd-2\/\",\"name\":\"PIUTD - ACER\",\"isPartOf\":{\"@id\":\"https:\/\/acer.org.al\/#website\"},\"datePublished\":\"2023-04-19T09:36:14+00:00\",\"dateModified\":\"2023-04-27T13:40:04+00:00\",\"breadcrumb\":{\"@id\":\"https:\/\/acer.org.al\/piutd-2\/#breadcrumb\"},\"inLanguage\":\"sq\",\"potentialAction\":[{\"@type\":\"ReadAction\",\"target\":[\"https:\/\/acer.org.al\/piutd-2\/\"]}]},{\"@type\":\"BreadcrumbList\",\"@id\":\"https:\/\/acer.org.al\/piutd-2\/#breadcrumb\",\"itemListElement\":[{\"@type\":\"ListItem\",\"position\":1,\"name\":\"Home\",\"item\":\"https:\/\/acer.org.al\/\"},{\"@type\":\"ListItem\",\"position\":2,\"name\":\"PIUTD\"}]},{\"@type\":\"WebSite\",\"@id\":\"https:\/\/acer.org.al\/#website\",\"url\":\"https:\/\/acer.org.al\/\",\"name\":\"ACER\",\"description\":\"\",\"potentialAction\":[{\"@type\":\"SearchAction\",\"target\":{\"@type\":\"EntryPoint\",\"urlTemplate\":\"https:\/\/acer.org.al\/?s={search_term_string}\"},\"query-input\":\"required name=search_term_string\"}],\"inLanguage\":\"sq\"}]}<\/script>\n<!-- \/ Yoast SEO plugin. -->","yoast_head_json":{"title":"PIUTD - ACER","robots":{"index":"index","follow":"follow","max-snippet":"max-snippet:-1","max-image-preview":"max-image-preview:large","max-video-preview":"max-video-preview:-1"},"canonical":"https:\/\/acer.org.al\/sq\/piutd-2\/","og_locale":"sq_AL","og_type":"article","og_title":"PIUTD - ACER","og_url":"https:\/\/acer.org.al\/sq\/piutd-2\/","og_site_name":"ACER","article_modified_time":"2023-04-27T13:40:04+00:00","twitter_card":"summary_large_image","twitter_misc":{"Est. reading time":"2 minuta"},"schema":{"@context":"https:\/\/schema.org","@graph":[{"@type":"WebPage","@id":"https:\/\/acer.org.al\/piutd-2\/","url":"https:\/\/acer.org.al\/piutd-2\/","name":"PIUTD - ACER","isPartOf":{"@id":"https:\/\/acer.org.al\/#website"},"datePublished":"2023-04-19T09:36:14+00:00","dateModified":"2023-04-27T13:40:04+00:00","breadcrumb":{"@id":"https:\/\/acer.org.al\/piutd-2\/#breadcrumb"},"inLanguage":"sq","potentialAction":[{"@type":"ReadAction","target":["https:\/\/acer.org.al\/piutd-2\/"]}]},{"@type":"BreadcrumbList","@id":"https:\/\/acer.org.al\/piutd-2\/#breadcrumb","itemListElement":[{"@type":"ListItem","position":1,"name":"Home","item":"https:\/\/acer.org.al\/"},{"@type":"ListItem","position":2,"name":"PIUTD"}]},{"@type":"WebSite","@id":"https:\/\/acer.org.al\/#website","url":"https:\/\/acer.org.al\/","name":"ACER","description":"","potentialAction":[{"@type":"SearchAction","target":{"@type":"EntryPoint","urlTemplate":"https:\/\/acer.org.al\/?s={search_term_string}"},"query-input":"required name=search_term_string"}],"inLanguage":"sq"}]}},"_links":{"self":[{"href":"https:\/\/acer.org.al\/sq\/wp-json\/wp\/v2\/pages\/73785","targetHints":{"allow":["GET"]}}],"collection":[{"href":"https:\/\/acer.org.al\/sq\/wp-json\/wp\/v2\/pages"}],"about":[{"href":"https:\/\/acer.org.al\/sq\/wp-json\/wp\/v2\/types\/page"}],"author":[{"embeddable":true,"href":"https:\/\/acer.org.al\/sq\/wp-json\/wp\/v2\/users\/1"}],"replies":[{"embeddable":true,"href":"https:\/\/acer.org.al\/sq\/wp-json\/wp\/v2\/comments?post=73785"}],"version-history":[{"count":12,"href":"https:\/\/acer.org.al\/sq\/wp-json\/wp\/v2\/pages\/73785\/revisions"}],"predecessor-version":[{"id":74148,"href":"https:\/\/acer.org.al\/sq\/wp-json\/wp\/v2\/pages\/73785\/revisions\/74148"}],"wp:attachment":[{"href":"https:\/\/acer.org.al\/sq\/wp-json\/wp\/v2\/media?parent=73785"}],"curies":[{"name":"wp","href":"https:\/\/api.w.org\/{rel}","templated":true}]}}