{"id":73782,"date":"2023-04-19T09:36:14","date_gmt":"2023-04-19T09:36:14","guid":{"rendered":"https:\/\/acer.org.al\/new\/?page_id=73782"},"modified":"2024-11-11T09:58:52","modified_gmt":"2024-11-11T09:58:52","slug":"r2g4p","status":"publish","type":"page","link":"https:\/\/acer.org.al\/sq\/r2g4p\/","title":{"rendered":"GO PPP"},"content":{"rendered":"<div data-vc-full-width=\"true\" data-vc-full-width-init=\"false\" data-vc-stretch-content=\"true\" class=\"vc_row wpb_row vc_row-fluid\"><div class=\"wpb_column vc_column_container vc_col-sm-12\"><div class=\"vc_column-inner\"><div class=\"wpb_wrapper\"><div class=\"vc-hoverbox-wrapper  vc-hoverbox-shape--rounded vc-hoverbox-align--center vc-hoverbox-direction--default vc-hoverbox-width--100\"  ontouchstart=\"\">\n  <div class=\"vc-hoverbox\">\n    <div class=\"vc-hoverbox-inner\">\n      <div class=\"vc-hoverbox-block vc-hoverbox-front\" style=\"background-image: url(https:\/\/acer.org.al\/wp-content\/uploads\/2024\/11\/sblogo.png);\">\n        <div class=\"vc-hoverbox-block-inner vc-hoverbox-front-inner\">\n            \n        <\/div>\n      <\/div>\n      <div class=\"vc-hoverbox-block vc-hoverbox-back\" style=\"background-color: #f7be68;\">\n        <div class=\"vc-hoverbox-block-inner vc-hoverbox-back-inner\">\n            \n            <p>\u201cImplementing Good governance Principles in Public-Private Partnership Projects (GO PPP)\u201d<\/p>\n\n            \n        <\/div>\n      <\/div>\n    <\/div>\n  <\/div>\n<\/div><\/div><\/div><\/div><\/div><div class=\"vc_row-full-width vc_clearfix\"><\/div><div data-vc-full-width=\"true\" data-vc-full-width-init=\"false\" data-vc-stretch-content=\"true\" class=\"vc_row wpb_row vc_row-fluid\"><div class=\"wpb_column vc_column_container vc_col-sm-12\"><div class=\"vc_column-inner\"><div class=\"wpb_wrapper\"><div class=\"vc_empty_space\"   style=\"height: 150px\"><span class=\"vc_empty_space_inner\"><\/span><\/div><div class=\"vc_empty_space  vc_custom_1682177029535\"   style=\"height: 32px\"><span class=\"vc_empty_space_inner\"><\/span><\/div><\/div><\/div><\/div><\/div><div class=\"vc_row-full-width vc_clearfix\"><\/div><div data-vc-full-width=\"true\" data-vc-full-width-init=\"false\" data-vc-stretch-content=\"true\" class=\"vc_row wpb_row vc_row-fluid\"><div class=\"wpb_column vc_column_container vc_col-sm-12\"><div class=\"vc_column-inner\"><div class=\"wpb_wrapper\"><div class=\"vc_empty_space\"   style=\"height: 150px\"><span class=\"vc_empty_space_inner\"><\/span><\/div><\/div><\/div><\/div><\/div><div class=\"vc_row-full-width vc_clearfix\"><\/div><div data-vc-full-width=\"true\" data-vc-full-width-init=\"false\" data-vc-stretch-content=\"true\" class=\"vc_row wpb_row vc_row-fluid\"><div class=\"wpb_column vc_column_container vc_col-sm-3\"><div class=\"vc_column-inner\"><div class=\"wpb_wrapper\"><div class=\"vc_empty_space  vc_custom_1682175525719\"   style=\"height: 32px\"><span class=\"vc_empty_space_inner\"><\/span><\/div>\n\t<div  class=\"wpb_single_image wpb_content_element vc_align_left\">\n\t\t\n\t\t<figure class=\"wpb_wrapper vc_figure\">\n\t\t\t<div class=\"vc_single_image-wrapper   vc_box_border_grey\"><img loading=\"lazy\" decoding=\"async\" width=\"355\" height=\"150\" src=\"https:\/\/acer.org.al\/wp-content\/uploads\/2024\/11\/sblogo.png\" class=\"vc_single_image-img attachment-full\" alt=\"\" srcset=\"https:\/\/acer.org.al\/wp-content\/uploads\/2024\/11\/sblogo.png 355w, https:\/\/acer.org.al\/wp-content\/uploads\/2024\/11\/sblogo-300x127.png 300w, https:\/\/acer.org.al\/wp-content\/uploads\/2024\/11\/sblogo-18x8.png 18w\" sizes=\"auto, (max-width: 355px) 100vw, 355px\" \/><\/div>\n\t\t<\/figure>\n\t<\/div>\n<\/div><\/div><\/div><div class=\"wpb_column vc_column_container vc_col-sm-9\"><div class=\"vc_column-inner\"><div class=\"wpb_wrapper\"><div class=\"vc_empty_space  vc_custom_1682175820536\"   style=\"height: 32px\"><span class=\"vc_empty_space_inner\"><\/span><\/div>\n\t<div class=\"wpb_text_column wpb_content_element\" >\n\t\t<div class=\"wpb_wrapper\">\n\t\t\t<h2 style=\"text-align: center;\"><strong><br \/>\n<img loading=\"lazy\" decoding=\"async\" class=\"alignleft wp-image-74578\" src=\"https:\/\/acer.org.al\/wp-content\/uploads\/2024\/11\/Untitled-3-01-1-scaled-1-300x81.jpeg\" alt=\"\" width=\"423\" height=\"114\" srcset=\"https:\/\/acer.org.al\/wp-content\/uploads\/2024\/11\/Untitled-3-01-1-scaled-1-300x81.jpeg 300w, https:\/\/acer.org.al\/wp-content\/uploads\/2024\/11\/Untitled-3-01-1-scaled-1-1024x277.jpeg 1024w, https:\/\/acer.org.al\/wp-content\/uploads\/2024\/11\/Untitled-3-01-1-scaled-1-768x208.jpeg 768w, https:\/\/acer.org.al\/wp-content\/uploads\/2024\/11\/Untitled-3-01-1-scaled-1-1536x415.jpeg 1536w, https:\/\/acer.org.al\/wp-content\/uploads\/2024\/11\/Untitled-3-01-1-scaled-1-2048x554.jpeg 2048w, https:\/\/acer.org.al\/wp-content\/uploads\/2024\/11\/Untitled-3-01-1-scaled-1-18x5.jpeg 18w\" sizes=\"auto, (max-width: 423px) 100vw, 423px\" \/><br \/>\n<\/strong><\/h2>\n<p>&nbsp;<\/p>\n<h2><\/h2>\n<h2><\/h2>\n<h2 style=\"text-align: center;\"><strong>Reth Projektit\u00a0<\/strong><\/h2>\n<p>&nbsp;<\/p>\n<h2 style=\"text-align: center;\"><strong>Projekti Rajonal \u201cZbatimi i Parimeve t\u00eb Mir\u00ebqeverisjes n\u00eb Projektet e Qeverisjes s\u00eb Partneritetit Publik-Privat (Go PPP)<\/strong>)<\/h2>\n<p>InTER filloi zbatimin e projektit: \u201cZbatimi i Parimeve t\u00eb Mir\u00ebqeverisjes n\u00eb Projektet e Partneritetit Publik-Privat (GO PPP)\u201d n\u00eb bashk\u00ebpunim me partner\u00ebt e m\u00ebposht\u00ebm nga rajoni: Instituti p\u00ebr Sip\u00ebrmarrje dhe Zhvillim Ekonomik (IPER) nga Mali i Zi dhe Qendra Shqiptare p\u00ebr K\u00ebrkime Ekonomike (ACER) nga Shqip\u00ebria.<\/p>\n<p>Q\u00ebllimi i p\u00ebrgjithsh\u00ebm \u00ebsht\u00eb promovimi i parimeve t\u00eb qeverisjes s\u00eb mir\u00eb n\u00eb projektet e partneritetit publik-privat (PPP) n\u00eb vendet e Ballkanit Per\u00ebndimor (p\u00ebrkat\u00ebsisht: Serbi, Mali i Zi, Shqip\u00ebri dhe Maqedoni e Veriut). Q\u00ebllimi specifik \u00ebsht\u00eb p\u00ebrmir\u00ebsimi i qasjes pjes\u00ebmarr\u00ebse n\u00eb projektet PPP duke rritur nd\u00ebrgjegj\u00ebsimin publik p\u00ebr r\u00ebnd\u00ebsin\u00eb e pjes\u00ebmarrjes aktive n\u00eb em\u00ebr t\u00eb transparenc\u00ebs, llogaridh\u00ebnies, efikasitetit dhe q\u00ebndrueshm\u00ebris\u00eb s\u00eb iniciativave zhvillimore. Projekti gjithashtu do t\u00eb kontribuoni n\u00eb krijimin e bashk\u00ebpunimit midis organizatave t\u00eb shoq\u00ebris\u00eb civile n\u00ebp\u00ebr Ballkanin Per\u00ebndimor.<\/p>\n<p>Q\u00ebllimi i p\u00ebrgjithsh\u00ebm \u00ebsht\u00eb promovimi i parimeve t\u00eb qeverisjes s\u00eb mir\u00eb n\u00eb projektet e partneritetit publik-privat (PPP) n\u00eb vendet e Ballkanit Per\u00ebndimor (p\u00ebrkat\u00ebsisht: Serbi, Mali i Zi, Shqip\u00ebri dhe Maqedoni e Veriut). Q\u00ebllimi specifik \u00ebsht\u00eb p\u00ebrmir\u00ebsimi i qasjes pjes\u00ebmarr\u00ebse n\u00eb projektet PPP duke rritur nd\u00ebrgjegj\u00ebsimin publik p\u00ebr r\u00ebnd\u00ebsin\u00eb e pjes\u00ebmarrjes aktive n\u00eb em\u00ebr t\u00eb transparenc\u00ebs, llogaridh\u00ebnies, efikasitetit dhe q\u00ebndrueshm\u00ebris\u00eb s\u00eb iniciativave zhvillimore. Projekti gjithashtu do t\u00eb kontribuoni n\u00eb krijimin e bashk\u00ebpunimit midis organizatave t\u00eb shoq\u00ebris\u00eb civile n\u00ebp\u00ebr Ballkanin Per\u00ebndimor.<\/p>\n<p>Projekti mb\u00ebshtetet nga nj\u00eb grant nga projekti rajonal \u201cSMART Balkans \u2013 Shoq\u00ebria Civile p\u00ebr Shoq\u00ebrin\u00eb e P\u00ebrbashk\u00ebt n\u00eb Ballkanin Per\u00ebndimor\u201d zbatuar nga enter for Civil Society Promotion (CPCD), Center for Research and Policy Making (CRPM) dhe Instituti p\u00ebr Demokracia dhe Nd\u00ebrmjet\u00ebsimi (IDM), dhe i mb\u00ebshtetur financiarisht nga Norwegian Ministry of Foreign Affairs (NMFA).<\/p>\n<p>Koh\u00ebzgjatja e projektit \u00ebsht\u00eb 20 muaj, nga 1 dhjetori 2023 deri m\u00eb 31 qershor 2025.<br \/>\nProject value (NOK): 1,650,239.93<\/p>\n<p><img loading=\"lazy\" decoding=\"async\" class=\"alignleft wp-image-74581\" src=\"https:\/\/acer.org.al\/wp-content\/uploads\/2024\/11\/cpcd-logo-plavi-300x97.png\" alt=\"\" width=\"133\" height=\"43\" srcset=\"https:\/\/acer.org.al\/wp-content\/uploads\/2024\/11\/cpcd-logo-plavi-300x97.png 300w, https:\/\/acer.org.al\/wp-content\/uploads\/2024\/11\/cpcd-logo-plavi-768x248.png 768w, https:\/\/acer.org.al\/wp-content\/uploads\/2024\/11\/cpcd-logo-plavi-18x6.png 18w, https:\/\/acer.org.al\/wp-content\/uploads\/2024\/11\/cpcd-logo-plavi.png 1000w\" sizes=\"auto, (max-width: 133px) 100vw, 133px\" \/><img loading=\"lazy\" decoding=\"async\" class=\"wp-image-74582 alignleft\" src=\"https:\/\/acer.org.al\/wp-content\/uploads\/2024\/11\/CRPM-new-logo-300x115.png\" alt=\"\" width=\"136\" height=\"52\" srcset=\"https:\/\/acer.org.al\/wp-content\/uploads\/2024\/11\/CRPM-new-logo-300x115.png 300w, https:\/\/acer.org.al\/wp-content\/uploads\/2024\/11\/CRPM-new-logo-18x7.png 18w, https:\/\/acer.org.al\/wp-content\/uploads\/2024\/11\/CRPM-new-logo.png 448w\" sizes=\"auto, (max-width: 136px) 100vw, 136px\" \/><img loading=\"lazy\" decoding=\"async\" class=\"alignleft wp-image-74583\" src=\"https:\/\/acer.org.al\/wp-content\/uploads\/2024\/11\/Small-mobile-IDM-02-300x155.png\" alt=\"\" width=\"93\" height=\"48\" srcset=\"https:\/\/acer.org.al\/wp-content\/uploads\/2024\/11\/Small-mobile-IDM-02-300x155.png 300w, https:\/\/acer.org.al\/wp-content\/uploads\/2024\/11\/Small-mobile-IDM-02-18x9.png 18w, https:\/\/acer.org.al\/wp-content\/uploads\/2024\/11\/Small-mobile-IDM-02.png 493w\" sizes=\"auto, (max-width: 93px) 100vw, 93px\" \/><\/p>\n<p>&nbsp;<\/p>\n<p>&nbsp;<\/p>\n\n\t\t<\/div>\n\t<\/div>\n<\/div><\/div><\/div><\/div><div class=\"vc_row-full-width vc_clearfix\"><\/div><div data-vc-full-width=\"true\" data-vc-full-width-init=\"false\" data-vc-stretch-content=\"true\" class=\"vc_row wpb_row vc_row-fluid\"><div class=\"wpb_column vc_column_container vc_col-sm-12\"><div class=\"vc_column-inner\"><div class=\"wpb_wrapper\"><div class=\"vc_empty_space\"   style=\"height: 100px\"><span class=\"vc_empty_space_inner\"><\/span><\/div><\/div><\/div><\/div><\/div><div class=\"vc_row-full-width vc_clearfix\"><\/div><div data-vc-full-width=\"true\" data-vc-full-width-init=\"false\" data-vc-stretch-content=\"true\" class=\"vc_row wpb_row vc_row-fluid\"><div class=\"wpb_column vc_column_container vc_col-sm-3\"><div class=\"vc_column-inner\"><div class=\"wpb_wrapper\">\n\t<div class=\"wpb_text_column wpb_content_element\" >\n\t\t<div class=\"wpb_wrapper\">\n\t\t\t<p><strong>Publications in the framework of this project, where ACER is an implementing partner, and thus one of the contributors:<\/strong><\/p>\n\n\t\t<\/div>\n\t<\/div>\n<\/div><\/div><\/div><\/div><div class=\"vc_row-full-width vc_clearfix\"><\/div>","protected":false},"excerpt":{"rendered":"\u201cImplementing Good governance Principles in Public-Private Partnership Projects (GO PPP)\u201d &nbsp; About the project\u00a0 &nbsp; Regional Project \"Implementing Good governance Priciples in Public- Private Partnership Governance Public-Private Partnership Projects\" (Go PPP) InTER started the implementation of the project: \u201cImplementing Good Governance Principles in Public-Private Partnership Projects (GO PPP)\u201d in cooperation with the following partners from [...]","protected":false},"author":1,"featured_media":0,"parent":0,"menu_order":0,"comment_status":"closed","ping_status":"closed","template":"","meta":{"footnotes":""},"class_list":["post-73782","page","type-page","status-publish","hentry"],"yoast_head":"<!-- This site is optimized with the Yoast SEO plugin v20.4 - https:\/\/yoast.com\/wordpress\/plugins\/seo\/ -->\n<title>GO PPP - ACER<\/title>\n<meta name=\"robots\" content=\"index, follow, max-snippet:-1, max-image-preview:large, max-video-preview:-1\" \/>\n<link rel=\"canonical\" href=\"https:\/\/acer.org.al\/sq\/r2g4p\/\" \/>\n<meta property=\"og:locale\" content=\"sq_AL\" \/>\n<meta property=\"og:type\" content=\"article\" \/>\n<meta property=\"og:title\" content=\"GO PPP - ACER\" \/>\n<meta property=\"og:url\" content=\"https:\/\/acer.org.al\/sq\/r2g4p\/\" \/>\n<meta property=\"og:site_name\" content=\"ACER\" \/>\n<meta property=\"article:modified_time\" content=\"2024-11-11T09:58:52+00:00\" \/>\n<meta property=\"og:image\" content=\"https:\/\/acer.org.al\/wp-content\/uploads\/2024\/11\/Untitled-3-01-1-scaled-1-300x81.jpeg\" \/>\n<meta name=\"twitter:card\" content=\"summary_large_image\" \/>\n<meta name=\"twitter:label1\" content=\"Est. reading time\" \/>\n\t<meta name=\"twitter:data1\" content=\"2 minuta\" \/>\n<script type=\"application\/ld+json\" class=\"yoast-schema-graph\">{\"@context\":\"https:\/\/schema.org\",\"@graph\":[{\"@type\":\"WebPage\",\"@id\":\"https:\/\/acer.org.al\/r2g4p\/\",\"url\":\"https:\/\/acer.org.al\/r2g4p\/\",\"name\":\"GO PPP - ACER\",\"isPartOf\":{\"@id\":\"https:\/\/acer.org.al\/#website\"},\"datePublished\":\"2023-04-19T09:36:14+00:00\",\"dateModified\":\"2024-11-11T09:58:52+00:00\",\"breadcrumb\":{\"@id\":\"https:\/\/acer.org.al\/r2g4p\/#breadcrumb\"},\"inLanguage\":\"sq\",\"potentialAction\":[{\"@type\":\"ReadAction\",\"target\":[\"https:\/\/acer.org.al\/r2g4p\/\"]}]},{\"@type\":\"BreadcrumbList\",\"@id\":\"https:\/\/acer.org.al\/r2g4p\/#breadcrumb\",\"itemListElement\":[{\"@type\":\"ListItem\",\"position\":1,\"name\":\"Home\",\"item\":\"https:\/\/acer.org.al\/\"},{\"@type\":\"ListItem\",\"position\":2,\"name\":\"GO PPP\"}]},{\"@type\":\"WebSite\",\"@id\":\"https:\/\/acer.org.al\/#website\",\"url\":\"https:\/\/acer.org.al\/\",\"name\":\"ACER\",\"description\":\"\",\"potentialAction\":[{\"@type\":\"SearchAction\",\"target\":{\"@type\":\"EntryPoint\",\"urlTemplate\":\"https:\/\/acer.org.al\/?s={search_term_string}\"},\"query-input\":\"required name=search_term_string\"}],\"inLanguage\":\"sq\"}]}<\/script>\n<!-- \/ Yoast SEO plugin. -->","yoast_head_json":{"title":"GO PPP - ACER","robots":{"index":"index","follow":"follow","max-snippet":"max-snippet:-1","max-image-preview":"max-image-preview:large","max-video-preview":"max-video-preview:-1"},"canonical":"https:\/\/acer.org.al\/sq\/r2g4p\/","og_locale":"sq_AL","og_type":"article","og_title":"GO PPP - ACER","og_url":"https:\/\/acer.org.al\/sq\/r2g4p\/","og_site_name":"ACER","article_modified_time":"2024-11-11T09:58:52+00:00","og_image":[{"url":"https:\/\/acer.org.al\/wp-content\/uploads\/2024\/11\/Untitled-3-01-1-scaled-1-300x81.jpeg"}],"twitter_card":"summary_large_image","twitter_misc":{"Est. reading time":"2 minuta"},"schema":{"@context":"https:\/\/schema.org","@graph":[{"@type":"WebPage","@id":"https:\/\/acer.org.al\/r2g4p\/","url":"https:\/\/acer.org.al\/r2g4p\/","name":"GO PPP - ACER","isPartOf":{"@id":"https:\/\/acer.org.al\/#website"},"datePublished":"2023-04-19T09:36:14+00:00","dateModified":"2024-11-11T09:58:52+00:00","breadcrumb":{"@id":"https:\/\/acer.org.al\/r2g4p\/#breadcrumb"},"inLanguage":"sq","potentialAction":[{"@type":"ReadAction","target":["https:\/\/acer.org.al\/r2g4p\/"]}]},{"@type":"BreadcrumbList","@id":"https:\/\/acer.org.al\/r2g4p\/#breadcrumb","itemListElement":[{"@type":"ListItem","position":1,"name":"Home","item":"https:\/\/acer.org.al\/"},{"@type":"ListItem","position":2,"name":"GO PPP"}]},{"@type":"WebSite","@id":"https:\/\/acer.org.al\/#website","url":"https:\/\/acer.org.al\/","name":"ACER","description":"","potentialAction":[{"@type":"SearchAction","target":{"@type":"EntryPoint","urlTemplate":"https:\/\/acer.org.al\/?s={search_term_string}"},"query-input":"required name=search_term_string"}],"inLanguage":"sq"}]}},"_links":{"self":[{"href":"https:\/\/acer.org.al\/sq\/wp-json\/wp\/v2\/pages\/73782","targetHints":{"allow":["GET"]}}],"collection":[{"href":"https:\/\/acer.org.al\/sq\/wp-json\/wp\/v2\/pages"}],"about":[{"href":"https:\/\/acer.org.al\/sq\/wp-json\/wp\/v2\/types\/page"}],"author":[{"embeddable":true,"href":"https:\/\/acer.org.al\/sq\/wp-json\/wp\/v2\/users\/1"}],"replies":[{"embeddable":true,"href":"https:\/\/acer.org.al\/sq\/wp-json\/wp\/v2\/comments?post=73782"}],"version-history":[{"count":20,"href":"https:\/\/acer.org.al\/sq\/wp-json\/wp\/v2\/pages\/73782\/revisions"}],"predecessor-version":[{"id":74584,"href":"https:\/\/acer.org.al\/sq\/wp-json\/wp\/v2\/pages\/73782\/revisions\/74584"}],"wp:attachment":[{"href":"https:\/\/acer.org.al\/sq\/wp-json\/wp\/v2\/media?parent=73782"}],"curies":[{"name":"wp","href":"https:\/\/api.w.org\/{rel}","templated":true}]}}