{"id":73194,"date":"2023-04-06T07:04:56","date_gmt":"2023-04-06T07:04:56","guid":{"rendered":"https:\/\/acer.org.al\/new\/?page_id=73194"},"modified":"2025-01-03T07:45:23","modified_gmt":"2025-01-03T07:45:23","slug":"aser-magazine","status":"publish","type":"page","link":"https:\/\/acer.org.al\/sq\/aser-magazine\/","title":{"rendered":"Revista ASER"},"content":{"rendered":"<div data-vc-full-width=\"true\" data-vc-full-width-init=\"false\" data-vc-stretch-content=\"true\" class=\"vc_row wpb_row vc_row-fluid\"><div class=\"wpb_column vc_column_container vc_col-sm-12\"><div class=\"vc_column-inner\"><div class=\"wpb_wrapper\"><div class=\"vc-hoverbox-wrapper  vc-hoverbox-shape--rounded vc-hoverbox-align--center vc-hoverbox-direction--default vc-hoverbox-width--100\"  ontouchstart=\"\">\n  <div class=\"vc-hoverbox\">\n    <div class=\"vc-hoverbox-inner\">\n      <div class=\"vc-hoverbox-block vc-hoverbox-front\" style=\"background-image: url(https:\/\/acer.org.al\/wp-content\/uploads\/2023\/03\/120418023751-1024x640.jpg);\">\n        <div class=\"vc-hoverbox-block-inner vc-hoverbox-front-inner\">\n            <h2 style=\"font-size: 50px;color: #000000;line-height: 3;text-align: center;font-family:Abril Fatface;font-weight:400;font-style:normal\" class=\"vc_custom_heading\" ><a href=\"http:\/\/review-al.org\/en\/\" target=\"_blank\">Albanian Socio-Economic Review<\/a><\/h2>\n        <\/div>\n      <\/div>\n      <div class=\"vc-hoverbox-block vc-hoverbox-back\" style=\"background-color: #f7be68;\">\n        <div class=\"vc-hoverbox-block-inner vc-hoverbox-back-inner\">\n            \n            <h1 style=\"text-align: center;\">ASER \u2013 nj\u00eb revist\u00eb shkencore e cila botohet q\u00eb n\u00eb vitin 1994 nga Qendra Shqiptare p\u00ebr K\u00ebrkime Ekonomike (ACER)<\/h1>\n\n            \n        <\/div>\n      <\/div>\n    <\/div>\n  <\/div>\n<\/div><\/div><\/div><\/div><\/div><div class=\"vc_row-full-width vc_clearfix\"><\/div><div data-vc-full-width=\"true\" data-vc-full-width-init=\"false\" data-vc-stretch-content=\"true\" class=\"vc_row wpb_row vc_row-fluid\"><div class=\"wpb_column vc_column_container vc_col-sm-12\"><div class=\"vc_column-inner\"><div class=\"wpb_wrapper\"><div class=\"vc_empty_space\"   style=\"height: 150px\"><span class=\"vc_empty_space_inner\"><\/span><\/div><div class=\"vc_empty_space  vc_custom_1682182646146\"   style=\"height: 50px\"><span class=\"vc_empty_space_inner\"><\/span><\/div><\/div><\/div><\/div><div class=\"wpb_column vc_column_container vc_col-sm-12\"><div class=\"vc_column-inner\"><div class=\"wpb_wrapper\"><\/div><\/div><\/div><div class=\"wpb_column vc_column_container vc_col-sm-12\"><div class=\"vc_column-inner\"><div class=\"wpb_wrapper\"><div class=\"vc_empty_space\"   style=\"height: 100px\"><span class=\"vc_empty_space_inner\"><\/span><\/div><\/div><\/div><\/div><\/div><div class=\"vc_row-full-width vc_clearfix\"><\/div><div data-vc-full-width=\"true\" data-vc-full-width-init=\"false\" data-vc-stretch-content=\"true\" class=\"vc_row wpb_row vc_row-fluid\"><div class=\"wpb_column vc_column_container vc_col-sm-3\"><div class=\"vc_column-inner\"><div class=\"wpb_wrapper\"><div class=\"vc_empty_space  vc_custom_1682182820384\"   style=\"height: 40px\"><span class=\"vc_empty_space_inner\"><\/span><\/div>\n\t<div  class=\"wpb_single_image wpb_content_element vc_align_left\">\n\t\t\n\t\t<figure class=\"wpb_wrapper vc_figure\">\n\t\t\t<div class=\"vc_single_image-wrapper   vc_box_border_grey\"><img loading=\"lazy\" decoding=\"async\" width=\"229\" height=\"201\" src=\"https:\/\/acer.org.al\/wp-content\/uploads\/2023\/04\/Screenshot-2023-04-22-184659.png\" class=\"vc_single_image-img attachment-full\" alt=\"\" srcset=\"https:\/\/acer.org.al\/wp-content\/uploads\/2023\/04\/Screenshot-2023-04-22-184659.png 229w, https:\/\/acer.org.al\/wp-content\/uploads\/2023\/04\/Screenshot-2023-04-22-184659-14x12.png 14w\" sizes=\"auto, (max-width: 229px) 100vw, 229px\" \/><\/div>\n\t\t<\/figure>\n\t<\/div>\n<\/div><\/div><\/div><div class=\"wpb_column vc_column_container vc_col-sm-9\"><div class=\"vc_column-inner\"><div class=\"wpb_wrapper\"><h2 style=\"font-size: 20px;color: #ffffff;line-height: 2;text-align: center;font-family:Abril Fatface;font-weight:400;font-style:normal\" class=\"vc_custom_heading vc_custom_1682182785614\" >Rreth ASER<\/h2><div class=\"vc_empty_space\"   style=\"height: 50px\"><span class=\"vc_empty_space_inner\"><\/span><\/div>\n\t<div class=\"wpb_text_column wpb_content_element\" >\n\t\t<div class=\"wpb_wrapper\">\n\t\t\t<p><strong>Albanian Socio-Economic Review (ASER)\u00a0\u00a0\u00ebsht\u00eb nj\u00eb revist\u00eb shkencore e botuar nga Qendra Shqiptare p\u00ebr K\u00ebrkime Ekonomike.\u00a0<\/strong><\/p>\n<p>&nbsp;<\/p>\n\n\t\t<\/div>\n\t<\/div>\n\n\t<div class=\"wpb_text_column wpb_content_element\" >\n\t\t<div class=\"wpb_wrapper\">\n\t\t\t<p><strong>Fillimisht, ky botim iu kushtua promovimit t\u00eb zhvillimit t\u00eb politikave ekonomike t\u00eb tregut t\u00eb lir\u00eb dhe ftoi t\u00eb gjith\u00eb studiuesit, ekspert\u00ebt e fushave t\u00eb ndryshme dhe mb\u00ebshtet\u00ebsit e tij t\u00eb shprehin opinionet dhe vler\u00ebsimet e tyre, p\u00ebrmes shkrimeve t\u00eb ndryshme, p\u00ebr zhvillimet ekonomike dhe sociale. t\u00eb Shqip\u00ebris\u00eb n\u00eb dekad\u00ebn e par\u00eb t\u00eb tranzicionit drejt ekonomis\u00eb s\u00eb tregut dhe shoq\u00ebris\u00eb s\u00eb lir\u00eb.<\/strong><\/p>\n<p>&nbsp;<\/p>\n\n\t\t<\/div>\n\t<\/div>\n\n\t<div class=\"wpb_text_column wpb_content_element\" >\n\t\t<div class=\"wpb_wrapper\">\n\t\t\t<p><strong>M\u00eb von\u00eb, duke pasqyruar zhvillimet socio-ekonomike t\u00eb Shqip\u00ebris\u00eb, revista mori emrin \u201cRevista Ekonomike Sociale Shqiptare\u201d, e cila botohet ende me nj\u00eb frekuenc\u00eb 3 mujore.<\/strong><\/p>\n<p><strong>Shkrimet e botuara n\u00eb k\u00ebt\u00eb revist\u00eb nga ekspert\u00eb t\u00eb fushave t\u00eb ndryshme kan\u00eb qen\u00eb t\u00eb lira, t\u00eb pacensuruara dhe kan\u00eb pasqyruar k\u00ebndv\u00ebshtrime dhe ide t\u00eb ndryshme mbi zhvillimin e proceseve social-ekonomike q\u00eb kan\u00eb shoq\u00ebruar realitetin shqiptar n\u00eb k\u00ebto 30 vite t\u00eb k\u00ebtij botimi.<\/strong><\/p>\n\n\t\t<\/div>\n\t<\/div>\n<\/div><\/div><\/div><div class=\"wpb_column vc_column_container vc_col-sm-12\"><div class=\"vc_column-inner\"><div class=\"wpb_wrapper\"><div class=\"vc_empty_space\"   style=\"height: 70px\"><span class=\"vc_empty_space_inner\"><\/span><\/div><h2 style=\"font-size: 20px;color: #ffffff;line-height: 1.5;text-align: center;font-family:Abril Fatface;font-weight:400;font-style:normal\" class=\"vc_custom_heading vc_custom_1682182845552\" >Q\u00ebllimi dhe fush\u00ebveprimi<\/h2><\/div><\/div><\/div><div class=\"wpb_column vc_column_container vc_col-sm-12\"><div class=\"vc_column-inner\"><div class=\"wpb_wrapper\"><div class=\"vc_empty_space\"   style=\"height: 32px\"><span class=\"vc_empty_space_inner\"><\/span><\/div>\n\t<div class=\"wpb_text_column wpb_content_element\" >\n\t\t<div class=\"wpb_wrapper\">\n\t\t\t<p style=\"font-weight: 400;\"><strong>Objektivat e ASER jan\u00eb nxitja e debatit shkencor dhe promovimi i propozimeve efektive kryesisht n\u00eb \u00e7\u00ebshtjet ekonomike dhe sociale, n\u00ebp\u00ebrmjet punimeve me cil\u00ebsi t\u00eb lart\u00eb akademike.<\/strong><\/p>\n<p style=\"font-weight: 400;\"><strong>Numrat e revist\u00ebs ASER mbulojn\u00eb tema t\u00eb ndryshme lidhur me k\u00ebrkimin, praktik\u00ebn n\u00eb fush\u00ebn ekonomike dhe sociale, si: Zhvillimi Ekonomik; Tregjet Financiare; Kursimet dhe Investimet Kapitale; Financat dhe Qeverisja e Korporatave; Politika Fiskale dhe Monetare; papun\u00ebsia; Sigurimi social; zhvillimi i turizmit; Lufta kund\u00ebr korrupsionit; Ekonomiko-Sociologji; Ekonomia informale; menaxhimi i sip\u00ebrmarrjes etj.<\/strong><\/p>\n<p style=\"font-weight: 400;\"><strong>ASER boton 4 her\u00eb n\u00eb vit. Q\u00ebllimi kryesor \u00ebsht\u00eb promovimi i punimeve k\u00ebrkimore t\u00eb nivelit t\u00eb lart\u00eb me fokus n\u00eb fush\u00ebn ekonomike dhe sociale. Cil\u00ebsia e revist\u00ebs p\u00ebrmir\u00ebsohet vazhdimisht p\u00ebrmes rishikimit t\u00eb artikujve dhe komenteve t\u00eb ekipit redaktues n\u00eb lidhje me p\u00ebrmbajtjen e punimit dhe form\u00ebn e prezantimit.<\/strong><\/p>\n<p>&nbsp;<\/p>\n\n\t\t<\/div>\n\t<\/div>\n<div class=\"vc_empty_space\"   style=\"height: 150px\"><span class=\"vc_empty_space_inner\"><\/span><\/div><\/div><\/div><\/div><\/div><div class=\"vc_row-full-width vc_clearfix\"><\/div><div data-vc-full-width=\"true\" data-vc-full-width-init=\"false\" data-vc-stretch-content=\"true\" class=\"vc_row wpb_row vc_row-fluid\"><div class=\"wpb_column vc_column_container vc_col-sm-8\"><div class=\"vc_column-inner\"><div class=\"wpb_wrapper\"><div class=\"vc_empty_space\"   style=\"height: 32px\"><span class=\"vc_empty_space_inner\"><\/span><\/div><h2 style=\"color: #ffffff;text-align: center;font-family:Abril Fatface;font-weight:400;font-style:normal\" class=\"vc_custom_heading vc_custom_1681818769705\" >Publikimet e Fundit te Revistave<\/h2><div class=\"vc_empty_space\"   style=\"height: 100px\"><span class=\"vc_empty_space_inner\"><\/span><\/div><\/div><\/div><\/div><div class=\"wpb_column vc_column_container vc_col-sm-4\"><div class=\"vc_column-inner\"><div class=\"wpb_wrapper\"><\/div><\/div><\/div><\/div><div class=\"vc_row-full-width vc_clearfix\"><\/div><div data-vc-full-width=\"true\" data-vc-full-width-init=\"false\" data-vc-stretch-content=\"true\" class=\"vc_row wpb_row vc_row-fluid\"><div class=\"wpb_column vc_column_container vc_col-sm-3\"><div class=\"vc_column-inner\"><div class=\"wpb_wrapper\"><div class=\"vc_empty_space\"   style=\"height: 30px\"><span class=\"vc_empty_space_inner\"><\/span><\/div><h2 style=\"font-size: 22px;color: #000000;line-height: 2;text-align: center;font-family:Abril Fatface;font-weight:400;font-style:normal\" class=\"vc_custom_heading\" ><a href=\"https:\/\/acer.org.al\/wp-content\/uploads\/2025\/01\/Revista-Nr-3-2024-ok.pdf\">Shtator- Dhjetor, 2024<\/a><\/h2>\n\t<div  class=\"wpb_single_image wpb_content_element vc_align_left\">\n\t\t\n\t\t<figure class=\"wpb_wrapper vc_figure\">\n\t\t\t<div class=\"vc_single_image-wrapper   vc_box_border_grey\"><img loading=\"lazy\" decoding=\"async\" width=\"463\" height=\"708\" src=\"https:\/\/acer.org.al\/wp-content\/uploads\/2024\/12\/Image-26.12.24-at-3.09-PM.jpeg\" class=\"vc_single_image-img attachment-full\" alt=\"\" srcset=\"https:\/\/acer.org.al\/wp-content\/uploads\/2024\/12\/Image-26.12.24-at-3.09-PM.jpeg 463w, https:\/\/acer.org.al\/wp-content\/uploads\/2024\/12\/Image-26.12.24-at-3.09-PM-196x300.jpeg 196w, https:\/\/acer.org.al\/wp-content\/uploads\/2024\/12\/Image-26.12.24-at-3.09-PM-8x12.jpeg 8w\" sizes=\"auto, (max-width: 463px) 100vw, 463px\" \/><\/div>\n\t\t<\/figure>\n\t<\/div>\n<div class=\"vc_empty_space\"   style=\"height: 32px\"><span class=\"vc_empty_space_inner\"><\/span><\/div><div class=\"vc_empty_space\"   style=\"height: 32px\"><span class=\"vc_empty_space_inner\"><\/span><\/div><div class=\"vc_empty_space\"   style=\"height: 100px\"><span class=\"vc_empty_space_inner\"><\/span><\/div><div class=\"vc_empty_space\"   style=\"height: 32px\"><span class=\"vc_empty_space_inner\"><\/span><\/div><div class=\"vc_separator wpb_content_element vc_separator_align_center vc_sep_width_100 vc_sep_pos_align_center vc_separator_no_text vc_sep_color_grey\" ><span class=\"vc_sep_holder vc_sep_holder_l\"><span  class=\"vc_sep_line\"><\/span><\/span><span class=\"vc_sep_holder vc_sep_holder_r\"><span  class=\"vc_sep_line\"><\/span><\/span>\n<\/div><div class=\"vc_separator wpb_content_element vc_separator_align_center vc_sep_width_100 vc_sep_pos_align_center vc_separator_no_text vc_sep_color_grey\" ><span class=\"vc_sep_holder vc_sep_holder_l\"><span  class=\"vc_sep_line\"><\/span><\/span><span class=\"vc_sep_holder vc_sep_holder_r\"><span  class=\"vc_sep_line\"><\/span><\/span>\n<\/div><div class=\"vc_btn3-container vc_btn3-inline\" ><a class=\"vc_general vc_btn3 vc_btn3-size-md vc_btn3-shape-rounded vc_btn3-style-modern vc_btn3-color-inverse\" href=\"https:\/\/acer.org.al\/wp-content\/uploads\/2025\/01\/Revista-Nr-3-2024-ok.pdf\" title=\"\" target=\"_blank\">Read full text (Albanian)<\/a><\/div><\/div><\/div><\/div><div class=\"wpb_column vc_column_container vc_col-sm-3\"><div class=\"vc_column-inner\"><div class=\"wpb_wrapper\"><h2 style=\"font-size: 22px;color: #000000;line-height: 3.2;text-align: center;font-family:Abril Fatface;font-weight:400;font-style:normal\" class=\"vc_custom_heading\" >Maj- Gusht, 2024<\/h2>\n\t<div  class=\"wpb_single_image wpb_content_element vc_align_left\">\n\t\t\n\t\t<figure class=\"wpb_wrapper vc_figure\">\n\t\t\t<div class=\"vc_single_image-wrapper   vc_box_border_grey\"><img loading=\"lazy\" decoding=\"async\" width=\"463\" height=\"708\" src=\"https:\/\/acer.org.al\/wp-content\/uploads\/2024\/12\/Image-26.12.24-at-3.09-PM.jpeg\" class=\"vc_single_image-img attachment-full\" alt=\"\" srcset=\"https:\/\/acer.org.al\/wp-content\/uploads\/2024\/12\/Image-26.12.24-at-3.09-PM.jpeg 463w, https:\/\/acer.org.al\/wp-content\/uploads\/2024\/12\/Image-26.12.24-at-3.09-PM-196x300.jpeg 196w, https:\/\/acer.org.al\/wp-content\/uploads\/2024\/12\/Image-26.12.24-at-3.09-PM-8x12.jpeg 8w\" sizes=\"auto, (max-width: 463px) 100vw, 463px\" \/><\/div>\n\t\t<\/figure>\n\t<\/div>\n<div class=\"vc_separator wpb_content_element vc_separator_align_center vc_sep_width_100 vc_sep_pos_align_center vc_separator_no_text vc_sep_color_grey\" ><span class=\"vc_sep_holder vc_sep_holder_l\"><span  class=\"vc_sep_line\"><\/span><\/span><span class=\"vc_sep_holder vc_sep_holder_r\"><span  class=\"vc_sep_line\"><\/span><\/span>\n<\/div><div class=\"vc_separator wpb_content_element vc_separator_align_center vc_sep_width_100 vc_sep_pos_align_center vc_separator_no_text vc_sep_color_grey\" ><span class=\"vc_sep_holder vc_sep_holder_l\"><span  class=\"vc_sep_line\"><\/span><\/span><span class=\"vc_sep_holder vc_sep_holder_r\"><span  class=\"vc_sep_line\"><\/span><\/span>\n<\/div><div class=\"vc_btn3-container vc_btn3-inline\" ><a class=\"vc_general vc_btn3 vc_btn3-size-md vc_btn3-shape-rounded vc_btn3-style-modern vc_btn3-color-inverse\" href=\"https:\/\/acer.org.al\/wp-content\/uploads\/2024\/12\/Revista-Nr-2-2024.pdf\" title=\"\" target=\"_blank\">Read full text (Albanian)<\/a><\/div><\/div><\/div><\/div><div class=\"wpb_column vc_column_container vc_col-sm-3\"><div class=\"vc_column-inner\"><div class=\"wpb_wrapper\"><h2 style=\"font-size: 22px;color: #000000;line-height: 3;text-align: center;font-family:Abril Fatface;font-weight:400;font-style:normal\" class=\"vc_custom_heading\" >Janar- Prill, 2024<\/h2>\n\t<div  class=\"wpb_single_image wpb_content_element vc_align_left\">\n\t\t\n\t\t<figure class=\"wpb_wrapper vc_figure\">\n\t\t\t<div class=\"vc_single_image-wrapper   vc_box_border_grey\"><img loading=\"lazy\" decoding=\"async\" width=\"463\" height=\"708\" src=\"https:\/\/acer.org.al\/wp-content\/uploads\/2024\/12\/Image-26.12.24-at-3.09-PM.jpeg\" class=\"vc_single_image-img attachment-full\" alt=\"\" srcset=\"https:\/\/acer.org.al\/wp-content\/uploads\/2024\/12\/Image-26.12.24-at-3.09-PM.jpeg 463w, https:\/\/acer.org.al\/wp-content\/uploads\/2024\/12\/Image-26.12.24-at-3.09-PM-196x300.jpeg 196w, https:\/\/acer.org.al\/wp-content\/uploads\/2024\/12\/Image-26.12.24-at-3.09-PM-8x12.jpeg 8w\" sizes=\"auto, (max-width: 463px) 100vw, 463px\" \/><\/div>\n\t\t<\/figure>\n\t<\/div>\n<div class=\"vc_separator wpb_content_element vc_separator_align_center vc_sep_width_100 vc_sep_pos_align_center vc_separator_no_text vc_sep_color_grey\" ><span class=\"vc_sep_holder vc_sep_holder_l\"><span  class=\"vc_sep_line\"><\/span><\/span><span class=\"vc_sep_holder vc_sep_holder_r\"><span  class=\"vc_sep_line\"><\/span><\/span>\n<\/div><div class=\"vc_separator wpb_content_element vc_separator_align_center vc_sep_width_100 vc_sep_pos_align_center vc_separator_no_text vc_sep_color_grey\" ><span class=\"vc_sep_holder vc_sep_holder_l\"><span  class=\"vc_sep_line\"><\/span><\/span><span class=\"vc_sep_holder vc_sep_holder_r\"><span  class=\"vc_sep_line\"><\/span><\/span>\n<\/div><div class=\"vc_btn3-container vc_btn3-inline\" ><a class=\"vc_general vc_btn3 vc_btn3-size-md vc_btn3-shape-rounded vc_btn3-style-modern vc_btn3-color-inverse\" href=\"https:\/\/acer.org.al\/wp-content\/uploads\/2024\/12\/Revista-Nr-1-2024-28-Prill-2024.pdf\" title=\"\" target=\"_blank\">Read full text (Albanian)<\/a><\/div><\/div><\/div><\/div><div class=\"wpb_column vc_column_container vc_col-sm-3\"><div class=\"vc_column-inner\"><div class=\"wpb_wrapper\"><h2 style=\"font-size: 22px;color: #000000;line-height: 3;text-align: center;font-family:Abril Fatface;font-weight:400;font-style:normal\" class=\"vc_custom_heading\" >Shtator- Dhjetor, 2023<\/h2>\n\t<div  class=\"wpb_single_image wpb_content_element vc_align_center\">\n\t\t\n\t\t<figure class=\"wpb_wrapper vc_figure\">\n\t\t\t<div class=\"vc_single_image-wrapper   vc_box_border_grey\"><img loading=\"lazy\" decoding=\"async\" width=\"558\" height=\"831\" src=\"https:\/\/acer.org.al\/wp-content\/uploads\/2024\/12\/IMG_4081.png\" class=\"vc_single_image-img attachment-full\" alt=\"\" srcset=\"https:\/\/acer.org.al\/wp-content\/uploads\/2024\/12\/IMG_4081.png 558w, https:\/\/acer.org.al\/wp-content\/uploads\/2024\/12\/IMG_4081-201x300.png 201w, https:\/\/acer.org.al\/wp-content\/uploads\/2024\/12\/IMG_4081-8x12.png 8w\" sizes=\"auto, (max-width: 558px) 100vw, 558px\" \/><\/div>\n\t\t<\/figure>\n\t<\/div>\n<div class=\"vc_separator wpb_content_element vc_separator_align_center vc_sep_width_100 vc_sep_pos_align_center vc_separator_no_text vc_sep_color_grey vc_custom_1735213146912  vc_custom_1735213146912\" ><span class=\"vc_sep_holder vc_sep_holder_l\"><span  class=\"vc_sep_line\"><\/span><\/span><span class=\"vc_sep_holder vc_sep_holder_r\"><span  class=\"vc_sep_line\"><\/span><\/span>\n<\/div><div class=\"vc_btn3-container vc_btn3-inline\" ><a class=\"vc_general vc_btn3 vc_btn3-size-md vc_btn3-shape-rounded vc_btn3-style-modern vc_btn3-color-inverse\" href=\"https:\/\/acer.org.al\/wp-content\/uploads\/2024\/12\/Revista-Nr-3-2023.pdf\" title=\"\" target=\"_blank\">Read full text (Albanian)<\/a><\/div><\/div><\/div><\/div><\/div><div class=\"vc_row-full-width vc_clearfix\"><\/div><div data-vc-full-width=\"true\" data-vc-full-width-init=\"false\" data-vc-stretch-content=\"true\" class=\"vc_row wpb_row vc_row-fluid\"><div class=\"wpb_column vc_column_container vc_col-sm-12\"><div class=\"vc_column-inner\"><div class=\"wpb_wrapper\"><div class=\"vc_empty_space\"   style=\"height: 150px\"><span class=\"vc_empty_space_inner\"><\/span><\/div><\/div><\/div><\/div><\/div><div class=\"vc_row-full-width vc_clearfix\"><\/div><div data-vc-full-width=\"true\" data-vc-full-width-init=\"false\" data-vc-stretch-content=\"true\" class=\"vc_row wpb_row vc_row-fluid\"><div class=\"wpb_column vc_column_container vc_col-sm-8\"><div class=\"vc_column-inner\"><div class=\"wpb_wrapper\"><h2 style=\"font-size: 22px;color: #000000;line-height: 2;text-align: left;font-family:Abril Fatface;font-weight:400;font-style:normal\" class=\"vc_custom_heading vc_custom_1682183081369\" ><a href=\"http:\/\/review-al.org\/en\/\">Check all magazines since 1994 in ASER website:<\/a><\/h2><\/div><\/div><\/div><div class=\"wpb_column vc_column_container vc_col-sm-4\"><div class=\"vc_column-inner\"><div class=\"wpb_wrapper\"><div class=\"vc_btn3-container vc_btn3-inline\" ><a class=\"vc_general vc_btn3 vc_btn3-size-md vc_btn3-shape-rounded vc_btn3-style-modern vc_btn3-color-primary\" href=\"http:\/\/review-al.org\/en\/\" title=\"\" target=\"_blank\">ASER<\/a><\/div><\/div><\/div><\/div><\/div><div class=\"vc_row-full-width vc_clearfix\"><\/div>","protected":false},"excerpt":{"rendered":"Albanian Socio-Economic Review ASER - a scientific magazine which has been published since 1994 by the Albanian Center for Economic Research About ASER The Albanian Socio-Economic Review (ASER)\u00a0\u00a0is a scientific magazine published by the Albanian Center for Economic Research.\u00a0 &nbsp; Initially, this publication was dedicated to promoting the development of free market economic policies and [...]","protected":false},"author":1,"featured_media":0,"parent":0,"menu_order":0,"comment_status":"closed","ping_status":"closed","template":"","meta":{"footnotes":""},"class_list":["post-73194","page","type-page","status-publish","hentry"],"yoast_head":"<!-- This site is optimized with the Yoast SEO plugin v20.4 - https:\/\/yoast.com\/wordpress\/plugins\/seo\/ -->\n<title>ASER Magazine - ACER<\/title>\n<meta name=\"robots\" content=\"index, follow, max-snippet:-1, max-image-preview:large, max-video-preview:-1\" \/>\n<link rel=\"canonical\" href=\"https:\/\/acer.org.al\/sq\/aser-magazine\/\" \/>\n<meta property=\"og:locale\" content=\"sq_AL\" \/>\n<meta property=\"og:type\" content=\"article\" \/>\n<meta property=\"og:title\" content=\"ASER Magazine - ACER\" \/>\n<meta property=\"og:url\" content=\"https:\/\/acer.org.al\/sq\/aser-magazine\/\" \/>\n<meta property=\"og:site_name\" content=\"ACER\" \/>\n<meta property=\"article:modified_time\" content=\"2025-01-03T07:45:23+00:00\" \/>\n<meta name=\"twitter:card\" content=\"summary_large_image\" \/>\n<meta name=\"twitter:label1\" content=\"Est. reading time\" \/>\n\t<meta name=\"twitter:data1\" content=\"2 minuta\" \/>\n<script type=\"application\/ld+json\" class=\"yoast-schema-graph\">{\"@context\":\"https:\/\/schema.org\",\"@graph\":[{\"@type\":\"WebPage\",\"@id\":\"https:\/\/acer.org.al\/aser-magazine\/\",\"url\":\"https:\/\/acer.org.al\/aser-magazine\/\",\"name\":\"ASER Magazine - ACER\",\"isPartOf\":{\"@id\":\"https:\/\/acer.org.al\/#website\"},\"datePublished\":\"2023-04-06T07:04:56+00:00\",\"dateModified\":\"2025-01-03T07:45:23+00:00\",\"breadcrumb\":{\"@id\":\"https:\/\/acer.org.al\/aser-magazine\/#breadcrumb\"},\"inLanguage\":\"sq\",\"potentialAction\":[{\"@type\":\"ReadAction\",\"target\":[\"https:\/\/acer.org.al\/aser-magazine\/\"]}]},{\"@type\":\"BreadcrumbList\",\"@id\":\"https:\/\/acer.org.al\/aser-magazine\/#breadcrumb\",\"itemListElement\":[{\"@type\":\"ListItem\",\"position\":1,\"name\":\"Home\",\"item\":\"https:\/\/acer.org.al\/\"},{\"@type\":\"ListItem\",\"position\":2,\"name\":\"ASER Magazine\"}]},{\"@type\":\"WebSite\",\"@id\":\"https:\/\/acer.org.al\/#website\",\"url\":\"https:\/\/acer.org.al\/\",\"name\":\"ACER\",\"description\":\"\",\"potentialAction\":[{\"@type\":\"SearchAction\",\"target\":{\"@type\":\"EntryPoint\",\"urlTemplate\":\"https:\/\/acer.org.al\/?s={search_term_string}\"},\"query-input\":\"required name=search_term_string\"}],\"inLanguage\":\"sq\"}]}<\/script>\n<!-- \/ Yoast SEO plugin. -->","yoast_head_json":{"title":"ASER Magazine - ACER","robots":{"index":"index","follow":"follow","max-snippet":"max-snippet:-1","max-image-preview":"max-image-preview:large","max-video-preview":"max-video-preview:-1"},"canonical":"https:\/\/acer.org.al\/sq\/aser-magazine\/","og_locale":"sq_AL","og_type":"article","og_title":"ASER Magazine - ACER","og_url":"https:\/\/acer.org.al\/sq\/aser-magazine\/","og_site_name":"ACER","article_modified_time":"2025-01-03T07:45:23+00:00","twitter_card":"summary_large_image","twitter_misc":{"Est. reading time":"2 minuta"},"schema":{"@context":"https:\/\/schema.org","@graph":[{"@type":"WebPage","@id":"https:\/\/acer.org.al\/aser-magazine\/","url":"https:\/\/acer.org.al\/aser-magazine\/","name":"ASER Magazine - ACER","isPartOf":{"@id":"https:\/\/acer.org.al\/#website"},"datePublished":"2023-04-06T07:04:56+00:00","dateModified":"2025-01-03T07:45:23+00:00","breadcrumb":{"@id":"https:\/\/acer.org.al\/aser-magazine\/#breadcrumb"},"inLanguage":"sq","potentialAction":[{"@type":"ReadAction","target":["https:\/\/acer.org.al\/aser-magazine\/"]}]},{"@type":"BreadcrumbList","@id":"https:\/\/acer.org.al\/aser-magazine\/#breadcrumb","itemListElement":[{"@type":"ListItem","position":1,"name":"Home","item":"https:\/\/acer.org.al\/"},{"@type":"ListItem","position":2,"name":"ASER Magazine"}]},{"@type":"WebSite","@id":"https:\/\/acer.org.al\/#website","url":"https:\/\/acer.org.al\/","name":"ACER","description":"","potentialAction":[{"@type":"SearchAction","target":{"@type":"EntryPoint","urlTemplate":"https:\/\/acer.org.al\/?s={search_term_string}"},"query-input":"required name=search_term_string"}],"inLanguage":"sq"}]}},"_links":{"self":[{"href":"https:\/\/acer.org.al\/sq\/wp-json\/wp\/v2\/pages\/73194","targetHints":{"allow":["GET"]}}],"collection":[{"href":"https:\/\/acer.org.al\/sq\/wp-json\/wp\/v2\/pages"}],"about":[{"href":"https:\/\/acer.org.al\/sq\/wp-json\/wp\/v2\/types\/page"}],"author":[{"embeddable":true,"href":"https:\/\/acer.org.al\/sq\/wp-json\/wp\/v2\/users\/1"}],"replies":[{"embeddable":true,"href":"https:\/\/acer.org.al\/sq\/wp-json\/wp\/v2\/comments?post=73194"}],"version-history":[{"count":52,"href":"https:\/\/acer.org.al\/sq\/wp-json\/wp\/v2\/pages\/73194\/revisions"}],"predecessor-version":[{"id":74749,"href":"https:\/\/acer.org.al\/sq\/wp-json\/wp\/v2\/pages\/73194\/revisions\/74749"}],"wp:attachment":[{"href":"https:\/\/acer.org.al\/sq\/wp-json\/wp\/v2\/media?parent=73194"}],"curies":[{"name":"wp","href":"https:\/\/api.w.org\/{rel}","templated":true}]}}