{"id":72743,"date":"2023-03-27T11:51:48","date_gmt":"2023-03-27T11:51:48","guid":{"rendered":"https:\/\/acer.org.al\/new\/?page_id=72743"},"modified":"2025-01-14T10:16:30","modified_gmt":"2025-01-14T10:16:30","slug":"civil-society-empowerment","status":"publish","type":"page","link":"https:\/\/acer.org.al\/sq\/civil-society-empowerment\/","title":{"rendered":"Fuqizimi i Shoq\u00ebris\u00eb Civile"},"content":{"rendered":"<div data-vc-full-width=\"true\" data-vc-full-width-init=\"false\" data-vc-stretch-content=\"true\" class=\"vc_row wpb_row vc_row-fluid\"><div class=\"wpb_column vc_column_container vc_col-sm-12\"><div class=\"vc_column-inner\"><div class=\"wpb_wrapper\"><div class=\"vc-hoverbox-wrapper  vc-hoverbox-shape--rounded vc-hoverbox-align--center vc-hoverbox-direction--default vc-hoverbox-width--100\"  ontouchstart=\"\">\n  <div class=\"vc-hoverbox\">\n    <div class=\"vc-hoverbox-inner\">\n      <div class=\"vc-hoverbox-block vc-hoverbox-front\" style=\"background-image: url(https:\/\/acer.org.al\/wp-content\/uploads\/2023\/03\/download-3.jpg);\">\n        <div class=\"vc-hoverbox-block-inner vc-hoverbox-front-inner\">\n            <h2 style=\"text-align:center\">Fuqizimi i Shoq\u00ebris\u00eb Civile<\/h2>\n        <\/div>\n      <\/div>\n      <div class=\"vc-hoverbox-block vc-hoverbox-back\" style=\"background-color: #ebebeb;\">\n        <div class=\"vc-hoverbox-block-inner vc-hoverbox-back-inner\">\n            \n            <h1><strong>Duke fuqizuar Shoq\u00ebrin\u00eb Civile, ne bashkojm\u00eb komunitetet p\u00ebr bashk\u00ebpunim dhe angazhim p\u00ebr \u00e7\u00ebshtje me interes t\u00eb ngjash\u00ebm.<\/strong><\/h1>\n\n            \n        <\/div>\n      <\/div>\n    <\/div>\n  <\/div>\n<\/div><\/div><\/div><\/div><\/div><div class=\"vc_row-full-width vc_clearfix\"><\/div><div data-vc-full-width=\"true\" data-vc-full-width-init=\"false\" data-vc-stretch-content=\"true\" class=\"vc_row wpb_row vc_row-fluid\"><div class=\"wpb_column vc_column_container vc_col-sm-12\"><div class=\"vc_column-inner\"><div class=\"wpb_wrapper\"><div class=\"vc_empty_space\"   style=\"height: 100px\"><span class=\"vc_empty_space_inner\"><\/span><\/div><\/div><\/div><\/div><\/div><div class=\"vc_row-full-width vc_clearfix\"><\/div><div data-vc-full-width=\"true\" data-vc-full-width-init=\"false\" data-vc-stretch-content=\"true\" class=\"vc_row wpb_row vc_row-fluid\"><div class=\"wpb_column vc_column_container vc_col-sm-12\"><div class=\"vc_column-inner\"><div class=\"wpb_wrapper\"><h2 style=\"color: #000000;text-align: center;font-family:Abril Fatface;font-weight:400;font-style:normal\" class=\"vc_custom_heading vc_custom_1682191220623\" >P\u00ebrmes aktiviteteve t\u00eb saj, ACER ka p\u00ebr q\u00ebllim t\u00eb p\u00ebrmir\u00ebsoj\u00eb \u201csektorin e tret\u00eb\u201d, duke e konsideruar at\u00eb si nj\u00eb rol t\u00eb r\u00ebnd\u00ebsish\u00ebm n\u00eb forcimin e fuqizimit t\u00eb shoq\u00ebris\u00eb civile, dhe n\u00eb forcimin e demokracis\u00eb dhe pjes\u00ebmarrjes publike. Ne fokusohemi n\u00eb zhvillimin e \u201ctregut t\u00eb ideve\u201d dhe n\u00eb b\u00ebrjen e informacionit m\u00eb t\u00eb aksesuesh\u00ebm p\u00ebr qytetar\u00ebt dhe grupet qytetare, dhe n\u00eb rritjen e nd\u00ebrgjegj\u00ebsimit dhe kuptimit t\u00eb m\u00ebnyr\u00ebs se si qytetar\u00ebt mund ta aplikojn\u00eb konstruktivisht k\u00ebt\u00eb njohuri n\u00eb proceset e marrjes s\u00eb vendimeve q\u00eb ndikojn\u00eb n\u00eb jet\u00ebt e tyre.<\/h2><\/div><\/div><\/div><div class=\"wpb_column vc_column_container vc_col-sm-12\"><div class=\"vc_column-inner\"><div class=\"wpb_wrapper\"><div class=\"vc_empty_space\"   style=\"height: 150px\"><span class=\"vc_empty_space_inner\"><\/span><\/div><\/div><\/div><\/div><\/div><div class=\"vc_row-full-width vc_clearfix\"><\/div><div data-vc-full-width=\"true\" data-vc-full-width-init=\"false\" data-vc-stretch-content=\"true\" class=\"vc_row wpb_row vc_row-fluid\"><div class=\"wpb_column vc_column_container vc_col-sm-3\"><div class=\"vc_column-inner\"><div class=\"wpb_wrapper\"><\/div><\/div><\/div><div class=\"wpb_column vc_column_container vc_col-sm-6\"><div class=\"vc_column-inner\"><div class=\"wpb_wrapper\"><h2 style=\"font-size: 25px;color: #ffffff;line-height: 2;text-align: center;font-family:Abril Fatface;font-weight:400;font-style:normal\" class=\"vc_custom_heading vc_custom_1682191297896\" >Projektet n\u00eb vijim<\/h2><\/div><\/div><\/div><div class=\"wpb_column vc_column_container vc_col-sm-3\"><div class=\"vc_column-inner\"><div class=\"wpb_wrapper\"><\/div><\/div><\/div><\/div><div class=\"vc_row-full-width vc_clearfix\"><\/div><div data-vc-full-width=\"true\" data-vc-full-width-init=\"false\" data-vc-stretch-content=\"true\" class=\"vc_row wpb_row vc_row-fluid\"><div class=\"wpb_column vc_column_container vc_col-sm-12\"><div class=\"vc_column-inner\"><div class=\"wpb_wrapper\"><div class=\"vc_empty_space\"   style=\"height: 100px\"><span class=\"vc_empty_space_inner\"><\/span><\/div><\/div><\/div><\/div><div class=\"wpb_column vc_column_container vc_col-sm-12\"><div class=\"vc_column-inner\"><div class=\"wpb_wrapper\">\n<div class=\"vc_grid-container-wrapper vc_clearfix vc_grid-animation-fadeIn\">\n\t<div class=\"vc_grid-container vc_clearfix wpb_content_element vc_basic_grid\" data-initial-loading-animation=\"fadeIn\" data-vc-grid-settings=\"{&quot;page_id&quot;:72743,&quot;style&quot;:&quot;all&quot;,&quot;action&quot;:&quot;vc_get_vc_grid_data&quot;,&quot;shortcode_id&quot;:&quot;1736849776564-9073deaacc4b213432f0a8770b0783cc-0&quot;,&quot;tag&quot;:&quot;vc_basic_grid&quot;}\" data-vc-request=\"https:\/\/acer.org.al\/wp-admin\/admin-ajax.php\" data-vc-post-id=\"72743\" data-vc-public-nonce=\"c423112955\">\n\t\t<style data-type=\"vc_shortcodes-custom-css\">.vc_custom_1419240516480{background-color: #f9f9f9 !important;}<\/style><div class=\"vc_grid vc_row vc_grid-gutter-30px vc_pageable-wrapper vc_hook_hover\" data-vc-pageable-content=\"true\"><div class=\"vc_pageable-slide-wrapper vc_clearfix\" data-vc-grid-content=\"true\"><div class=\"vc_grid-item vc_clearfix vc_col-sm-4 vc_grid-item-zone-c-bottom\"><div class=\"vc_grid-item-mini vc_clearfix\"><div class=\"vc_gitem-animated-block\" ><div class=\"vc_gitem-zone vc_gitem-zone-a vc-gitem-zone-height-mode-auto vc-gitem-zone-height-mode-auto-1-1 vc_gitem-is-link\" style=\"background-image: url('https:\/\/acer.org.al\/wp-content\/uploads\/2023\/04\/Screenshot-2023-04-02-201629.png') !important;\"><a href=\"https:\/\/acer.org.al\/sq\/civil-society-for-good-governance-and-anti-corruption-in-southeast-europe-capacity-building-for-evidence-based-advocacy-policy-impact-and-citizen-engagement-seldi-net\/\" title=\"Shoq\u00ebria Civile p\u00ebr Qeverisje t\u00eb Mir\u00eb  Kund\u00ebr Korrupsionit n\u00eb Evrop\u00ebn Juglindore: Ngritja e Kapaciteteve p\u00ebr Avokim t\u00eb Bazuar n\u00eb D\u00ebshmi, Ndikimi i Politikave dhe Angazhimi Qytetar (SELDI.net)\" class=\"vc_gitem-link vc-zone-link\"><\/a><img decoding=\"async\" src=\"https:\/\/acer.org.al\/wp-content\/uploads\/2023\/04\/Screenshot-2023-04-02-201629.png\" class=\"vc_gitem-zone-img\" alt=\"\"><div class=\"vc_gitem-zone-mini\"><\/div><\/div><\/div><div class=\"vc_gitem-zone vc_gitem-zone-c vc_custom_1419240516480\"><div class=\"vc_gitem-zone-mini\"><div class=\"vc_gitem_row vc_row vc_gitem-row-position-top\"><div class=\"vc_col-sm-12 vc_gitem-col vc_gitem-col-align-\"><div class=\"vc_custom_heading vc_gitem-post-data vc_gitem-post-data-source-post_title\" ><h4 style=\"text-align: left\" >Shoq\u00ebria Civile p\u00ebr Qeverisje t\u00eb Mir\u00eb  Kund\u00ebr Korrupsionit n\u00eb Evrop\u00ebn Juglindore: Ngritja e Kapaciteteve p\u00ebr Avokim t\u00eb Bazuar n\u00eb D\u00ebshmi, Ndikimi i Politikave dhe Angazhimi Qytetar (SELDI.net)<\/h4><\/div><div class=\"vc_custom_heading vc_gitem-post-data vc_gitem-post-data-source-post_excerpt\" ><p style=\"text-align: left\" >Shoq\u00ebria Civile p\u00ebr Qeverisje t\u00eb Mir\u00eb Kund\u00ebr Korrupsionit n\u00eb Evrop\u00ebn Juglindore: Ngritja e Kapaciteteve p\u00ebr Avokim t\u00eb Bazuar n\u00eb D\u00ebshmi, Ndikimi i Politikave dhe Angazhimi Qytetar (SELDI.net). Ky projekt \u00ebsht\u00eb p\u00ebrgatitur nga Rrjeti SELDI mbi baz\u00ebn e gjetjeve t\u00eb vler\u00ebsimit t\u00eb jasht\u00ebm t\u00eb faz\u00ebs aktuale SELDI p\u00ebr periudh\u00ebn 2018-2020 dhe Raportit nga misioni i Monitorimit t\u00eb Orientuar n\u00eb [...]<\/p><\/div><div class=\"vc_btn3-container vc_btn3-left\"><a class=\"vc_general vc_btn3 vc_btn3-size-md vc_btn3-shape-rounded vc_btn3-style-flat vc_btn3-color-juicy-pink\" a href=\"https:\/\/acer.org.al\/sq\/civil-society-for-good-governance-and-anti-corruption-in-southeast-europe-capacity-building-for-evidence-based-advocacy-policy-impact-and-citizen-engagement-seldi-net\/\" title=\"Lexo m\u00eb shum\u00eb\">Lexo m\u00eb shum\u00eb<\/a><\/div><\/div><\/div><\/div><\/div><\/div><div class=\"vc_clearfix\"><\/div><\/div><\/div><\/div>\n\t<\/div>\n<\/div><\/div><\/div><\/div><div class=\"wpb_column vc_column_container vc_col-sm-12\"><div class=\"vc_column-inner\"><div class=\"wpb_wrapper\"><div class=\"vc_empty_space\"   style=\"height: 150px\"><span class=\"vc_empty_space_inner\"><\/span><\/div><\/div><\/div><\/div><\/div><div class=\"vc_row-full-width vc_clearfix\"><\/div><div data-vc-full-width=\"true\" data-vc-full-width-init=\"false\" data-vc-stretch-content=\"true\" class=\"vc_row wpb_row vc_row-fluid\"><div class=\"wpb_column vc_column_container vc_col-sm-3\"><div class=\"vc_column-inner\"><div class=\"wpb_wrapper\"><\/div><\/div><\/div><div class=\"wpb_column vc_column_container vc_col-sm-6\"><div class=\"vc_column-inner\"><div class=\"wpb_wrapper\"><h2 style=\"font-size: 25px;color: #ffffff;line-height: 2;text-align: center;font-family:Abril Fatface;font-weight:400;font-style:normal\" class=\"vc_custom_heading vc_custom_1682191455489\" >Projektet t\u00eb p\u00ebrfunduara<\/h2><\/div><\/div><\/div><div class=\"wpb_column vc_column_container vc_col-sm-3\"><div class=\"vc_column-inner\"><div class=\"wpb_wrapper\"><div class=\"vc_empty_space\"   style=\"height: 32px\"><span class=\"vc_empty_space_inner\"><\/span><\/div><div class=\"vc_empty_space\"   style=\"height: 50px\"><span class=\"vc_empty_space_inner\"><\/span><\/div><\/div><\/div><\/div><\/div><div class=\"vc_row-full-width vc_clearfix\"><\/div><div class=\"vc_row wpb_row vc_row-fluid vc_custom_1736759281642\"><div class=\"wpb_column vc_column_container vc_col-sm-12\"><div class=\"vc_column-inner\"><div class=\"wpb_wrapper\">\n\t<div class=\"wpb_raw_code wpb_content_element wpb_raw_html\" >\n\t\t<div class=\"wpb_wrapper\">\n\t\t\t<table style=\"width: 100%; border-collapse: collapse; font-family: Arial, sans-serif; box-shadow: 0 4px 8px rgba(0, 0, 0, 0.1);\">\n  <thead>\n    <tr style=\"background-color: white; color: #005b99; text-align: left; font-weight: bold; border: 2px solid #005b99;\">\n      <th style=\"padding: 15px; font-size: 14px;\">Periudha Kohore<\/th>\n      <th style=\"padding: 15px; font-size: 14px;\">Donator\u00ebt<\/th>\n      <th style=\"padding: 15px; font-size: 14px;\">Titulli i Projektit<\/th>\n      <th style=\"padding: 15px; font-size: 14px;\">P\u00ebrmbledhja<\/th>\n    <\/tr>\n  <\/thead>\n  <tbody>\n\n<\/tr>\n    <tr style=\"background-color: #ffffff;\">\n      <td style=\"padding: 15px; font-size: 14px;\">Dhjetor 2022 - Maj 2023<\/td>\n      <td style=\"padding: 15px; font-size: 14px;\">Fondi p\u00ebr Ballkanin Per\u00ebndimor<\/td>\n      <td style=\"padding: 15px; font-size: 14px;\">Promovimi i bashk\u00ebpunimit nd\u00ebrmjet aktor\u00ebve t\u00eb shoq\u00ebris\u00eb civile n\u00eb luft\u00ebn kund\u00ebr korrupsionit<\/td>\n      <td style=\"padding: 15px; font-size: 14px;\">Ky projekt p\u00ebrfshin kryerjen e nj\u00eb sondazhi kund\u00ebr korrupsionit p\u00ebr t\u00eb vler\u00ebsuar \u00e7\u00ebshtje si shkaqet dhe shtrirjen e korrupsionit n\u00eb nivel lokal, perceptimet e qytetar\u00ebve p\u00ebr sh\u00ebrbimet publike dhe rekomandimet e tyre p\u00ebr p\u00ebrmir\u00ebsim n\u00eb komunat e p\u00ebrzgjedhura. Organizatat e shoq\u00ebris\u00eb civile e shohin nd\u00ebrtimin e integritetit n\u00eb qeverisjen vendore si jetike p\u00ebr promovimin e kultur\u00ebs s\u00eb ligjshm\u00ebris\u00eb. Projekti synon t\u00eb nxis\u00eb shk\u00ebmbimin e njohurive dhe diskutimet mbi integritetin institucional p\u00ebr t\u00eb nxitur bashk\u00ebpunimin rajonal n\u00eb luft\u00ebn kund\u00ebr korrupsionit. P\u00ebr m\u00eb tep\u00ebr, ai forcon rolin e shoq\u00ebris\u00eb civile n\u00eb avokimin e qeverisjes s\u00eb mir\u00eb n\u00ebp\u00ebrmjet p\u00ebrpjekjeve t\u00eb bazuara n\u00eb prova, monitorimit t\u00eb politikave dhe dialogut me qeverit\u00eb vendore.<\/td>\n\n    <tr style=\"background-color: #f9f9f9;\">\n      <td style=\"padding: 15px; font-size: 14px;\">Maj 2018 - N\u00ebntor 2022 <\/td>\n      <td style=\"padding: 15px; font-size: 14px;\">BE\/MCIC Maqedonia e Veriut <\/td>\n      <td style=\"padding: 15px; font-size: 14px;\">SELDI - Shoq\u00ebria Civile p\u00ebr Qeverisje t\u00eb Mir\u00eb dhe Kund\u00ebr Korrupsionit n\u00eb Evrop\u00ebn Juglindore: Ngritja e Kapaciteteve p\u00ebr Monitorim, Avokim dhe Rritjen e Nd\u00ebrgjegj\u00ebsimit <\/td>\n      <td style=\"padding: 15px; font-size: 14px;\">Projekti bazohet n\u00eb p\u00ebrsosm\u00ebrin\u00eb e SELDI-t p\u00ebr rrjet\u00ebzimin, diagnostikimin dhe avokimin n\u00eb anti-korrupsion dhe qeverisjen e mir\u00eb n\u00eb Ballkanin Per\u00ebndimor, si dhe reputacionin komb\u00ebtar dhe rajonal t\u00eb an\u00ebtar\u00ebve t\u00eb tij. Veprimet synojn\u00eb t\u00eb forcojn\u00eb demokracin\u00eb pjes\u00ebmarr\u00ebse dhe procesin e p\u00ebrafrimit me BE-n\u00eb p\u00ebrmes konsolidimit dhe rritjes s\u00eb ndikimit t\u00eb angazhimit t\u00eb shoq\u00ebris\u00eb civile n\u00eb politik\u00ebb\u00ebrjen dhe proceset reformuese n\u00eb rajonin e Ballkanit Per\u00ebndimor n\u00eb fush\u00ebn e anti-korrupsionit, sundimit t\u00eb ligjit dhe qeverisjes s\u00eb mir\u00eb.<\/td>\n    <\/tr>\n    <tr style=\"background-color: #ffffff;\">\n      <td style=\"padding: 15px; font-size: 14px;\">Maj 2014 \u2013 Qershor 2016 <\/td>\n      <td style=\"padding: 15px; font-size: 14px;\">BE\/MCIC Maqedonia e Veriut <\/td>\n      <td style=\"padding: 15px; font-size: 14px;\">SELDI - Shoq\u00ebria Civile p\u00ebr Qeverisje t\u00eb Mir\u00eb dhe Kund\u00ebr Korrupsionit n\u00eb Evrop\u00ebn Juglindore: Ngritja e Kapaciteteve p\u00ebr Monitorim, Avokim dhe Rritjen e Nd\u00ebrgjegj\u00ebsimit<\/td>\n      <td style=\"padding: 15px; font-size: 14px;\">Projekti bazohet n\u00eb p\u00ebrsosm\u00ebrin\u00eb e SELDI-t p\u00ebr rrjet\u00ebzimin, diagnostikimin dhe avokimin n\u00eb anti-korrupsion dhe qeverisjen e mir\u00eb n\u00eb Ballkanin Per\u00ebndimor, si dhe reputacionin komb\u00ebtar dhe rajonal t\u00eb an\u00ebtar\u00ebve t\u00eb tij. Veprimet synojn\u00eb t\u00eb forcojn\u00eb demokracin\u00eb pjes\u00ebmarr\u00ebse dhe procesin e p\u00ebrafrimit me BE-n\u00eb p\u00ebrmes konsolidimit dhe rritjes s\u00eb ndikimit t\u00eb angazhimit t\u00eb shoq\u00ebris\u00eb civile n\u00eb politik\u00ebb\u00ebrjen dhe proceset reformuese n\u00eb rajonin e Ballkanit Per\u00ebndimor n\u00eb fush\u00ebn e anti-korrupsionit, sundimit t\u00eb ligjit dhe qeverisjes s\u00eb mir\u00eb.<\/td>\n   \n\n  <\/tbody>\n<\/table>\n\n\t\t<\/div>\n\t<\/div>\n<\/div><\/div><\/div><\/div>","protected":false},"excerpt":{"rendered":"Civil Society Empowerment By empowering Civil Society, we bring communities together for collaboration and engagement on issues of similar interest. Through its activities, ACER aims to enhance \u201cthird sector\u201d considering it as an important role in enhancing civil society empowerment, and strengthen democracy and public participation. We focus on developing \u201cthe market of ideas\u201d, and [...]","protected":false},"author":1,"featured_media":0,"parent":0,"menu_order":0,"comment_status":"closed","ping_status":"closed","template":"","meta":{"footnotes":""},"class_list":["post-72743","page","type-page","status-publish","hentry"],"yoast_head":"<!-- This site is optimized with the Yoast SEO plugin v20.4 - https:\/\/yoast.com\/wordpress\/plugins\/seo\/ -->\n<title>Civil Society Empowerment - ACER<\/title>\n<meta name=\"robots\" content=\"index, follow, max-snippet:-1, max-image-preview:large, max-video-preview:-1\" \/>\n<link rel=\"canonical\" href=\"https:\/\/acer.org.al\/sq\/civil-society-empowerment\/\" \/>\n<meta property=\"og:locale\" content=\"sq_AL\" \/>\n<meta property=\"og:type\" content=\"article\" \/>\n<meta property=\"og:title\" content=\"Civil Society Empowerment - ACER\" \/>\n<meta property=\"og:url\" content=\"https:\/\/acer.org.al\/sq\/civil-society-empowerment\/\" \/>\n<meta property=\"og:site_name\" content=\"ACER\" \/>\n<meta property=\"article:modified_time\" content=\"2025-01-14T10:16:30+00:00\" \/>\n<meta name=\"twitter:card\" content=\"summary_large_image\" \/>\n<meta name=\"twitter:label1\" content=\"Est. reading time\" \/>\n\t<meta name=\"twitter:data1\" content=\"2 minuta\" \/>\n<script type=\"application\/ld+json\" class=\"yoast-schema-graph\">{\"@context\":\"https:\/\/schema.org\",\"@graph\":[{\"@type\":\"WebPage\",\"@id\":\"https:\/\/acer.org.al\/civil-society-empowerment\/\",\"url\":\"https:\/\/acer.org.al\/civil-society-empowerment\/\",\"name\":\"Civil Society Empowerment - ACER\",\"isPartOf\":{\"@id\":\"https:\/\/acer.org.al\/#website\"},\"datePublished\":\"2023-03-27T11:51:48+00:00\",\"dateModified\":\"2025-01-14T10:16:30+00:00\",\"breadcrumb\":{\"@id\":\"https:\/\/acer.org.al\/civil-society-empowerment\/#breadcrumb\"},\"inLanguage\":\"sq\",\"potentialAction\":[{\"@type\":\"ReadAction\",\"target\":[\"https:\/\/acer.org.al\/civil-society-empowerment\/\"]}]},{\"@type\":\"BreadcrumbList\",\"@id\":\"https:\/\/acer.org.al\/civil-society-empowerment\/#breadcrumb\",\"itemListElement\":[{\"@type\":\"ListItem\",\"position\":1,\"name\":\"Home\",\"item\":\"https:\/\/acer.org.al\/\"},{\"@type\":\"ListItem\",\"position\":2,\"name\":\"Civil Society Empowerment\"}]},{\"@type\":\"WebSite\",\"@id\":\"https:\/\/acer.org.al\/#website\",\"url\":\"https:\/\/acer.org.al\/\",\"name\":\"ACER\",\"description\":\"\",\"potentialAction\":[{\"@type\":\"SearchAction\",\"target\":{\"@type\":\"EntryPoint\",\"urlTemplate\":\"https:\/\/acer.org.al\/?s={search_term_string}\"},\"query-input\":\"required name=search_term_string\"}],\"inLanguage\":\"sq\"}]}<\/script>\n<!-- \/ Yoast SEO plugin. -->","yoast_head_json":{"title":"Civil Society Empowerment - ACER","robots":{"index":"index","follow":"follow","max-snippet":"max-snippet:-1","max-image-preview":"max-image-preview:large","max-video-preview":"max-video-preview:-1"},"canonical":"https:\/\/acer.org.al\/sq\/civil-society-empowerment\/","og_locale":"sq_AL","og_type":"article","og_title":"Civil Society Empowerment - ACER","og_url":"https:\/\/acer.org.al\/sq\/civil-society-empowerment\/","og_site_name":"ACER","article_modified_time":"2025-01-14T10:16:30+00:00","twitter_card":"summary_large_image","twitter_misc":{"Est. reading time":"2 minuta"},"schema":{"@context":"https:\/\/schema.org","@graph":[{"@type":"WebPage","@id":"https:\/\/acer.org.al\/civil-society-empowerment\/","url":"https:\/\/acer.org.al\/civil-society-empowerment\/","name":"Civil Society Empowerment - ACER","isPartOf":{"@id":"https:\/\/acer.org.al\/#website"},"datePublished":"2023-03-27T11:51:48+00:00","dateModified":"2025-01-14T10:16:30+00:00","breadcrumb":{"@id":"https:\/\/acer.org.al\/civil-society-empowerment\/#breadcrumb"},"inLanguage":"sq","potentialAction":[{"@type":"ReadAction","target":["https:\/\/acer.org.al\/civil-society-empowerment\/"]}]},{"@type":"BreadcrumbList","@id":"https:\/\/acer.org.al\/civil-society-empowerment\/#breadcrumb","itemListElement":[{"@type":"ListItem","position":1,"name":"Home","item":"https:\/\/acer.org.al\/"},{"@type":"ListItem","position":2,"name":"Civil Society Empowerment"}]},{"@type":"WebSite","@id":"https:\/\/acer.org.al\/#website","url":"https:\/\/acer.org.al\/","name":"ACER","description":"","potentialAction":[{"@type":"SearchAction","target":{"@type":"EntryPoint","urlTemplate":"https:\/\/acer.org.al\/?s={search_term_string}"},"query-input":"required name=search_term_string"}],"inLanguage":"sq"}]}},"_links":{"self":[{"href":"https:\/\/acer.org.al\/sq\/wp-json\/wp\/v2\/pages\/72743","targetHints":{"allow":["GET"]}}],"collection":[{"href":"https:\/\/acer.org.al\/sq\/wp-json\/wp\/v2\/pages"}],"about":[{"href":"https:\/\/acer.org.al\/sq\/wp-json\/wp\/v2\/types\/page"}],"author":[{"embeddable":true,"href":"https:\/\/acer.org.al\/sq\/wp-json\/wp\/v2\/users\/1"}],"replies":[{"embeddable":true,"href":"https:\/\/acer.org.al\/sq\/wp-json\/wp\/v2\/comments?post=72743"}],"version-history":[{"count":30,"href":"https:\/\/acer.org.al\/sq\/wp-json\/wp\/v2\/pages\/72743\/revisions"}],"predecessor-version":[{"id":75589,"href":"https:\/\/acer.org.al\/sq\/wp-json\/wp\/v2\/pages\/72743\/revisions\/75589"}],"wp:attachment":[{"href":"https:\/\/acer.org.al\/sq\/wp-json\/wp\/v2\/media?parent=72743"}],"curies":[{"name":"wp","href":"https:\/\/api.w.org\/{rel}","templated":true}]}}