{"id":72028,"date":"2023-03-12T19:07:03","date_gmt":"2023-03-12T19:07:03","guid":{"rendered":"https:\/\/acer.org.al\/new\/?page_id=72028"},"modified":"2025-10-06T14:49:54","modified_gmt":"2025-10-06T14:49:54","slug":"vacancies","status":"publish","type":"page","link":"https:\/\/acer.org.al\/sq\/vacancies\/","title":{"rendered":"Njoftime"},"content":{"rendered":"<div data-vc-full-width=\"true\" data-vc-full-width-init=\"false\" data-vc-stretch-content=\"true\" class=\"vc_row wpb_row vc_row-fluid\"><div class=\"wpb_column vc_column_container vc_col-sm-12\"><div class=\"vc_column-inner\"><div class=\"wpb_wrapper\">\n\t<div class=\"wpb_text_column wpb_content_element\" >\n\t\t<div class=\"wpb_wrapper\">\n\t\t\t<p>&nbsp;<\/p>\n<p><strong data-start=\"71\" data-end=\"141\">ACER shpall k\u00ebrkes\u00eb p\u00ebr ofert\u00eb p\u00ebr blerjen e nj\u00eb laptopi<\/strong> p\u00ebr zyr\u00ebn, n\u00eb kuad\u00ebr t\u00eb projektit rajonal \u201cZbatimi i Parimeve t\u00eb Qeverisjes s\u00eb Mir\u00eb n\u00eb Projektet PPP (GO PPP)\u201d. Kompanit\u00eb e interesuara mund t\u00eb d\u00ebrgojn\u00eb ofertat elektronike n\u00eb <strong data-start=\"317\" data-end=\"341\"><a class=\"decorated-link cursor-pointer\" rel=\"noopener\" data-start=\"319\" data-end=\"339\">acertirana@gmail.com<\/a><\/strong> deri m\u00eb <strong data-start=\"345\" data-end=\"365\">10 Tetor 2025<\/strong>duke p\u00ebrfshir\u00eb specifikimet teknike, garancin\u00eb dhe ofert\u00ebn financiare. Detajet e plota t\u00eb k\u00ebrkes\u00ebs mund t\u2019i gjeni n\u00eb linkun e m\u00ebposht\u00ebm.<\/p>\n<p><a href=\"https:\/\/acer.org.al\/wp-content\/uploads\/2025\/10\/ACER_KERKESE-PER-OFERTE_30.09.2025.pdf\">ACER_ K\u00ebrkes\u00eb p\u00ebr Ofert\u00eb<\/a><\/p>\n\n\t\t<\/div>\n\t<\/div>\n<\/div><\/div><\/div><div class=\"wpb_column vc_column_container vc_col-sm-12\"><div class=\"vc_column-inner\"><div class=\"wpb_wrapper\"><h2 style=\"text-align: left;font-family:Abril Fatface;font-weight:400;font-style:normal\" class=\"vc_custom_heading\" >Njoftime ACER<\/h2><\/div><\/div><\/div><\/div><div class=\"vc_row-full-width vc_clearfix\"><\/div><div data-vc-full-width=\"true\" data-vc-full-width-init=\"false\" data-vc-stretch-content=\"true\" class=\"vc_row wpb_row vc_row-fluid\"><div class=\"wpb_column vc_column_container vc_col-sm-12\"><div class=\"vc_column-inner\"><div class=\"wpb_wrapper\"><div class=\"vc_empty_space\"   style=\"height: 200px\"><span class=\"vc_empty_space_inner\"><\/span><\/div><\/div><\/div><\/div><div class=\"wpb_column vc_column_container vc_col-sm-12\"><div class=\"vc_column-inner\"><div class=\"wpb_wrapper\"><h2 style=\"text-align: left;font-family:Abril Fatface;font-weight:400;font-style:normal\" class=\"vc_custom_heading\" >Vende te lira Pune<\/h2><\/div><\/div><\/div><div class=\"wpb_column vc_column_container vc_col-sm-12\"><div class=\"vc_column-inner\"><div class=\"wpb_wrapper\"><\/div><\/div><\/div><\/div><div class=\"vc_row-full-width vc_clearfix\"><\/div><div class=\"vc_row wpb_row vc_row-fluid\"><div class=\"wpb_column vc_column_container vc_col-sm-12\"><div class=\"vc_column-inner\"><div class=\"wpb_wrapper\"><div class=\"vc_separator wpb_content_element vc_separator_align_center vc_sep_width_100 vc_sep_pos_align_center vc_separator_no_text vc_sep_color_grey\" ><span class=\"vc_sep_holder vc_sep_holder_l\"><span  class=\"vc_sep_line\"><\/span><\/span><span class=\"vc_sep_holder vc_sep_holder_r\"><span  class=\"vc_sep_line\"><\/span><\/span>\n<\/div><\/div><\/div><\/div><\/div><div data-vc-full-width=\"true\" data-vc-full-width-init=\"false\" data-vc-stretch-content=\"true\" class=\"vc_row wpb_row vc_row-fluid\"><div class=\"wpb_column vc_column_container vc_col-sm-3\"><div class=\"vc_column-inner\"><div class=\"wpb_wrapper\">\n\t<div  class=\"wpb_single_image wpb_content_element vc_align_left\">\n\t\t\n\t\t<figure class=\"wpb_wrapper vc_figure\">\n\t\t\t<div class=\"vc_single_image-wrapper   vc_box_border_grey\"><img loading=\"lazy\" decoding=\"async\" width=\"612\" height=\"414\" src=\"https:\/\/acer.org.al\/wp-content\/uploads\/2023\/03\/istockphoto-1140300365-612x612-1.jpg\" class=\"vc_single_image-img attachment-full\" alt=\"\" srcset=\"https:\/\/acer.org.al\/wp-content\/uploads\/2023\/03\/istockphoto-1140300365-612x612-1.jpg 612w, https:\/\/acer.org.al\/wp-content\/uploads\/2023\/03\/istockphoto-1140300365-612x612-1-300x203.jpg 300w, https:\/\/acer.org.al\/wp-content\/uploads\/2023\/03\/istockphoto-1140300365-612x612-1-18x12.jpg 18w\" sizes=\"auto, (max-width: 612px) 100vw, 612px\" \/><\/div>\n\t\t<\/figure>\n\t<\/div>\n<\/div><\/div><\/div><div class=\"wpb_column vc_column_container vc_col-sm-9\"><div class=\"vc_column-inner\"><div class=\"wpb_wrapper\">\n\t<div class=\"wpb_text_column wpb_content_element\" >\n\t\t<div class=\"wpb_wrapper\">\n\t\t\t<div class=\"x11i5rnm xat24cr x1mh8g0r x1vvkbs xtlvy1s x126k92a\">\n<h1 dir=\"auto\"><strong>Researcher<\/strong><\/h1>\n<p>&nbsp;<\/p>\n<\/div>\n<h2 dir=\"auto\">ACER po pun\u00ebson K\u00ebrkues (pozit\u00eb me koh\u00eb t\u00eb plot\u00eb)<\/h2>\n<div dir=\"auto\"><\/div>\n<div class=\"x11i5rnm xat24cr x1mh8g0r x1vvkbs xtlvy1s x126k92a\">\n<div dir=\"auto\"><strong>PERSHKRIMI I PUNES<\/strong><\/div>\n<div dir=\"auto\"><\/div>\n<div dir=\"auto\">N\u00ebn mbik\u00ebqyrjen e Drejtorit Ekzekutiv t\u00eb ACER-it, detyrat dhe p\u00ebrgjegj\u00ebsit\u00eb kryesore t\u00eb k\u00ebsaj pozite jan\u00eb t\u00eb lidhura me zbatimin e aktiviteteve t\u00eb k\u00ebrkimit n\u00eb vazhdim n\u00eb t\u00eb gjitha projektet q\u00eb lidhen me \u00e7\u00ebshtje socio-ekonomike. K\u00ebto detyra do t\u00eb zbatohen n\u00eb bashk\u00ebpunim t\u00eb ngusht\u00eb me stafin e caktuar p\u00ebr projektin.<\/div>\n<div dir=\"auto\">Zbatimi (ekspert\u00eb me koh\u00eb t\u00eb pjesshme)<\/div>\n<\/div>\n<div dir=\"auto\"><\/div>\n<div dir=\"auto\">&#8211;<\/div>\n<div dir=\"auto\"><\/div>\n<div class=\"x11i5rnm xat24cr x1mh8g0r x1vvkbs xtlvy1s x126k92a\">\n<div dir=\"auto\">KRITERET E PERZGJEDHJES<\/div>\n<div dir=\"auto\">-Diplom\u00eb master n\u00eb ekonomi, ekonometri, statistika, politika publike, ose fusha t\u00eb tjera t\u00eb lidhura<\/div>\n<div dir=\"auto\">-M\u00eb shum\u00eb se 1 vit p\u00ebrvoj\u00eb pune relevante, p\u00ebrfshir\u00eb hartimin dhe menaxhimin e vler\u00ebsimeve, analiza kuantitative, k\u00ebrkime n\u00eb terren, dhe p\u00ebrvoj\u00eb menaxheriale<\/div>\n<div dir=\"auto\">- Njohuri t\u00eb avancuara t\u00eb gjuh\u00ebs angleze dhe shqipe;<\/div>\n<div dir=\"auto\">\u2013 Aft\u00ebsi t\u00eb shk\u00eblqyera n\u00eb p\u00ebrdorimin e kompjuterit;<\/div>\n<div dir=\"auto\">\u2013 Aft\u00ebsi nd\u00ebrpersonale dhe aft\u00ebsi p\u00ebr t\u00eb krijuar dhe ruajtur marr\u00ebdh\u00ebnie efektive me stafin;<\/div>\n<div dir=\"auto\">\u2013 Aft\u00ebsi efektive n\u00eb shkrim, komunikim dhe n\u00eb prezantime;<\/div>\n<div dir=\"auto\">\u2013 Interes i lart\u00eb p\u00ebr k\u00ebrkimin;<\/div>\n<div dir=\"auto\">\u2013 Njohuri t\u00eb programeve statistikore;<\/div>\n<\/div>\n<div dir=\"auto\"><\/div>\n<div dir=\"auto\">&#8211;<\/div>\n<div class=\"x11i5rnm xat24cr x1mh8g0r x1vvkbs xtlvy1s x126k92a\">\n<div dir=\"auto\">Aplikimi<\/div>\n<div dir=\"auto\">P\u00ebr t\u00eb aplikuar p\u00ebr k\u00ebt\u00eb pozita, ju lutem d\u00ebrgoni email n\u00eb zef.preci@gmail.com brenda afatit:<\/div>\n<div dir=\"auto\">\u2013 CV n\u00eb formatin Europass n\u00eb gjuh\u00ebn angleze;<\/div>\n<div dir=\"auto\">\u2013 Let\u00ebr motivimi n\u00eb gjuh\u00ebn angleze;<\/div>\n<div dir=\"auto\">\u2013 Dy letra referencash t\u00eb l\u00ebshuara nga nj\u00eb profesor universitar dhe pun\u00ebdh\u00ebn\u00ebsi i fundit (n\u00eb rast se keni p\u00ebrvoj\u00eb pune).<\/div>\n<\/div>\n<div class=\"x11i5rnm xat24cr x1mh8g0r x1vvkbs xtlvy1s x126k92a\">\n<div dir=\"auto\"><\/div>\n<\/div>\n\n\t\t<\/div>\n\t<\/div>\n<\/div><\/div><\/div><\/div><div class=\"vc_row-full-width vc_clearfix\"><\/div><div class=\"vc_row wpb_row vc_row-fluid\"><div class=\"wpb_column vc_column_container vc_col-sm-12\"><div class=\"vc_column-inner\"><div class=\"wpb_wrapper\"><div class=\"vc_empty_space\"   style=\"height: 200px\"><span class=\"vc_empty_space_inner\"><\/span><\/div><\/div><\/div><\/div><\/div><div class=\"vc_row wpb_row vc_row-fluid\"><div class=\"wpb_column vc_column_container vc_col-sm-12\"><div class=\"vc_column-inner\"><div class=\"wpb_wrapper\"><h2 style=\"text-align: left;font-family:Abril Fatface;font-weight:400;font-style:normal\" class=\"vc_custom_heading\" >Programi i praktik\u00ebs<\/h2><\/div><\/div><\/div><\/div><div data-vc-full-width=\"true\" data-vc-full-width-init=\"false\" data-vc-stretch-content=\"true\" class=\"vc_row wpb_row vc_row-fluid\"><div class=\"wpb_column vc_column_container vc_col-sm-8\"><div class=\"vc_column-inner\"><div class=\"wpb_wrapper\">\n\t<div class=\"wpb_text_column wpb_content_element\" >\n\t\t<div class=\"wpb_wrapper\">\n\t\t\t<p>&nbsp;<\/p>\n<p><strong>ACER mir\u00ebpret aplikime nga student\u00eb t\u00eb rinj p\u00ebr t'u bashkuar me fushat tona t\u00eb programit.\u00a0<\/strong><\/p>\n\n\t\t<\/div>\n\t<\/div>\n<div class=\"vc_btn3-container vc_btn3-inline\" ><a class=\"vc_general vc_btn3 vc_btn3-size-md vc_btn3-shape-rounded vc_btn3-style-modern vc_btn3-color-grey\" href=\"https:\/\/acer.org.al\/sq\/new\/contact\/\" title=\"\" target=\"_blank\">Na Kontaktoni<\/a><\/div><\/div><\/div><\/div><div class=\"wpb_column vc_column_container vc_col-sm-4\"><div class=\"vc_column-inner\"><div class=\"wpb_wrapper\">\n\t<div  class=\"wpb_single_image wpb_content_element vc_align_left\">\n\t\t\n\t\t<figure class=\"wpb_wrapper vc_figure\">\n\t\t\t<div class=\"vc_single_image-wrapper   vc_box_border_grey\"><img loading=\"lazy\" decoding=\"async\" width=\"1081\" height=\"360\" src=\"https:\/\/acer.org.al\/wp-content\/uploads\/2023\/03\/360_F_565661763_Xywym8XFzIi7yyWegLypFzMfMaHi8xtW-2.jpg\" class=\"vc_single_image-img attachment-full\" alt=\"\" srcset=\"https:\/\/acer.org.al\/wp-content\/uploads\/2023\/03\/360_F_565661763_Xywym8XFzIi7yyWegLypFzMfMaHi8xtW-2.jpg 1081w, https:\/\/acer.org.al\/wp-content\/uploads\/2023\/03\/360_F_565661763_Xywym8XFzIi7yyWegLypFzMfMaHi8xtW-2-300x100.jpg 300w, https:\/\/acer.org.al\/wp-content\/uploads\/2023\/03\/360_F_565661763_Xywym8XFzIi7yyWegLypFzMfMaHi8xtW-2-1024x341.jpg 1024w, https:\/\/acer.org.al\/wp-content\/uploads\/2023\/03\/360_F_565661763_Xywym8XFzIi7yyWegLypFzMfMaHi8xtW-2-768x256.jpg 768w, https:\/\/acer.org.al\/wp-content\/uploads\/2023\/03\/360_F_565661763_Xywym8XFzIi7yyWegLypFzMfMaHi8xtW-2-18x6.jpg 18w\" sizes=\"auto, (max-width: 1081px) 100vw, 1081px\" \/><\/div>\n\t\t<\/figure>\n\t<\/div>\n<\/div><\/div><\/div><\/div><div class=\"vc_row-full-width vc_clearfix\"><\/div>","protected":false},"excerpt":{"rendered":"&nbsp; ACER announces a Request for Proposal for the purchase of a laptop for its office, under the regional project \u201cImplementation of Good Governance Principles in PPP Projects (GO PPP)\u201d. Interested companies can submit their electronic offers to acertirana@gmail.com by October 10, 2025, including technical specifications, warranty, and financial offer. Full details of the request [...]","protected":false},"author":1,"featured_media":0,"parent":0,"menu_order":0,"comment_status":"closed","ping_status":"closed","template":"","meta":{"footnotes":""},"class_list":["post-72028","page","type-page","status-publish","hentry"],"yoast_head":"<!-- This site is optimized with the Yoast SEO plugin v20.4 - https:\/\/yoast.com\/wordpress\/plugins\/seo\/ -->\n<title>Announcement - ACER<\/title>\n<meta name=\"robots\" content=\"index, follow, max-snippet:-1, max-image-preview:large, max-video-preview:-1\" \/>\n<link rel=\"canonical\" href=\"https:\/\/acer.org.al\/sq\/vacancies\/\" \/>\n<meta property=\"og:locale\" content=\"sq_AL\" \/>\n<meta property=\"og:type\" content=\"article\" \/>\n<meta property=\"og:title\" content=\"Announcement - ACER\" \/>\n<meta property=\"og:url\" content=\"https:\/\/acer.org.al\/sq\/vacancies\/\" \/>\n<meta property=\"og:site_name\" content=\"ACER\" \/>\n<meta property=\"article:modified_time\" content=\"2025-10-06T14:49:54+00:00\" \/>\n<meta name=\"twitter:card\" content=\"summary_large_image\" \/>\n<meta name=\"twitter:label1\" content=\"Est. reading time\" \/>\n\t<meta name=\"twitter:data1\" content=\"2 minuta\" \/>\n<script type=\"application\/ld+json\" class=\"yoast-schema-graph\">{\"@context\":\"https:\/\/schema.org\",\"@graph\":[{\"@type\":\"WebPage\",\"@id\":\"https:\/\/acer.org.al\/vacancies\/\",\"url\":\"https:\/\/acer.org.al\/vacancies\/\",\"name\":\"Announcement - ACER\",\"isPartOf\":{\"@id\":\"https:\/\/acer.org.al\/#website\"},\"datePublished\":\"2023-03-12T19:07:03+00:00\",\"dateModified\":\"2025-10-06T14:49:54+00:00\",\"breadcrumb\":{\"@id\":\"https:\/\/acer.org.al\/vacancies\/#breadcrumb\"},\"inLanguage\":\"sq\",\"potentialAction\":[{\"@type\":\"ReadAction\",\"target\":[\"https:\/\/acer.org.al\/vacancies\/\"]}]},{\"@type\":\"BreadcrumbList\",\"@id\":\"https:\/\/acer.org.al\/vacancies\/#breadcrumb\",\"itemListElement\":[{\"@type\":\"ListItem\",\"position\":1,\"name\":\"Home\",\"item\":\"https:\/\/acer.org.al\/\"},{\"@type\":\"ListItem\",\"position\":2,\"name\":\"Announcement\"}]},{\"@type\":\"WebSite\",\"@id\":\"https:\/\/acer.org.al\/#website\",\"url\":\"https:\/\/acer.org.al\/\",\"name\":\"ACER\",\"description\":\"\",\"potentialAction\":[{\"@type\":\"SearchAction\",\"target\":{\"@type\":\"EntryPoint\",\"urlTemplate\":\"https:\/\/acer.org.al\/?s={search_term_string}\"},\"query-input\":\"required name=search_term_string\"}],\"inLanguage\":\"sq\"}]}<\/script>\n<!-- \/ Yoast SEO plugin. -->","yoast_head_json":{"title":"Announcement - ACER","robots":{"index":"index","follow":"follow","max-snippet":"max-snippet:-1","max-image-preview":"max-image-preview:large","max-video-preview":"max-video-preview:-1"},"canonical":"https:\/\/acer.org.al\/sq\/vacancies\/","og_locale":"sq_AL","og_type":"article","og_title":"Announcement - ACER","og_url":"https:\/\/acer.org.al\/sq\/vacancies\/","og_site_name":"ACER","article_modified_time":"2025-10-06T14:49:54+00:00","twitter_card":"summary_large_image","twitter_misc":{"Est. reading time":"2 minuta"},"schema":{"@context":"https:\/\/schema.org","@graph":[{"@type":"WebPage","@id":"https:\/\/acer.org.al\/vacancies\/","url":"https:\/\/acer.org.al\/vacancies\/","name":"Announcement - ACER","isPartOf":{"@id":"https:\/\/acer.org.al\/#website"},"datePublished":"2023-03-12T19:07:03+00:00","dateModified":"2025-10-06T14:49:54+00:00","breadcrumb":{"@id":"https:\/\/acer.org.al\/vacancies\/#breadcrumb"},"inLanguage":"sq","potentialAction":[{"@type":"ReadAction","target":["https:\/\/acer.org.al\/vacancies\/"]}]},{"@type":"BreadcrumbList","@id":"https:\/\/acer.org.al\/vacancies\/#breadcrumb","itemListElement":[{"@type":"ListItem","position":1,"name":"Home","item":"https:\/\/acer.org.al\/"},{"@type":"ListItem","position":2,"name":"Announcement"}]},{"@type":"WebSite","@id":"https:\/\/acer.org.al\/#website","url":"https:\/\/acer.org.al\/","name":"ACER","description":"","potentialAction":[{"@type":"SearchAction","target":{"@type":"EntryPoint","urlTemplate":"https:\/\/acer.org.al\/?s={search_term_string}"},"query-input":"required name=search_term_string"}],"inLanguage":"sq"}]}},"_links":{"self":[{"href":"https:\/\/acer.org.al\/sq\/wp-json\/wp\/v2\/pages\/72028","targetHints":{"allow":["GET"]}}],"collection":[{"href":"https:\/\/acer.org.al\/sq\/wp-json\/wp\/v2\/pages"}],"about":[{"href":"https:\/\/acer.org.al\/sq\/wp-json\/wp\/v2\/types\/page"}],"author":[{"embeddable":true,"href":"https:\/\/acer.org.al\/sq\/wp-json\/wp\/v2\/users\/1"}],"replies":[{"embeddable":true,"href":"https:\/\/acer.org.al\/sq\/wp-json\/wp\/v2\/comments?post=72028"}],"version-history":[{"count":11,"href":"https:\/\/acer.org.al\/sq\/wp-json\/wp\/v2\/pages\/72028\/revisions"}],"predecessor-version":[{"id":76223,"href":"https:\/\/acer.org.al\/sq\/wp-json\/wp\/v2\/pages\/72028\/revisions\/76223"}],"wp:attachment":[{"href":"https:\/\/acer.org.al\/sq\/wp-json\/wp\/v2\/media?parent=72028"}],"curies":[{"name":"wp","href":"https:\/\/api.w.org\/{rel}","templated":true}]}}