{"id":70731,"date":"2016-03-25T22:43:00","date_gmt":"2016-03-25T22:43:00","guid":{"rendered":"http:\/\/fintech.commercegurus.com\/?page_id=70731"},"modified":"2023-04-27T13:33:49","modified_gmt":"2023-04-27T13:33:49","slug":"contact-us","status":"publish","type":"page","link":"https:\/\/acer.org.al\/sq\/contact-us\/","title":{"rendered":"Na Kontaktoni"},"content":{"rendered":"<div data-vc-full-width=\"true\" data-vc-full-width-init=\"false\" data-vc-stretch-content=\"true\" class=\"vc_row wpb_row vc_row-fluid vc_custom_1678825618092 vc_column-gap-15 vc_row-no-padding vc_row-o-full-height vc_row-o-columns-middle vc_row-o-equal-height vc_row-o-content-middle vc_row-flex\"><div class=\"wpb_column vc_column_container vc_col-sm-12\"><div class=\"vc_column-inner\"><div class=\"wpb_wrapper\"><div class=\"vc_empty_space\"   style=\"height: 32px\"><span class=\"vc_empty_space_inner\"><\/span><\/div><\/div><\/div><\/div><div class=\"wpb_column vc_column_container vc_col-sm-12\"><div class=\"vc_column-inner\"><div class=\"wpb_wrapper\"><div class=\"vc-hoverbox-wrapper  vc-hoverbox-shape--rounded vc-hoverbox-align--center vc-hoverbox-direction--default vc-hoverbox-width--100\"  ontouchstart=\"\">\n  <div class=\"vc-hoverbox\">\n    <div class=\"vc-hoverbox-inner\">\n      <div class=\"vc-hoverbox-block vc-hoverbox-front\" style=\"background-image: url(https:\/\/acer.org.al\/wp-content\/uploads\/2023\/03\/Contact-us-1024x280.jpg);\">\n        <div class=\"vc-hoverbox-block-inner vc-hoverbox-front-inner\">\n            <h2 style=\"text-align:center\">CONTACT US<\/h2>\n        <\/div>\n      <\/div>\n      <div class=\"vc-hoverbox-block vc-hoverbox-back\" style=\"background-color: #f7be68;\">\n        <div class=\"vc-hoverbox-block-inner vc-hoverbox-back-inner\">\n            \n            <h1 style=\"text-align: center;\"><strong>Ekipi yn\u00eb \u00ebsht\u00eb gati t'ju sh\u00ebrbej\u00eb. Na kontaktoni\u00a0<\/strong><\/h1>\n\n            \n        <\/div>\n      <\/div>\n    <\/div>\n  <\/div>\n<\/div><\/div><\/div><\/div><div class=\"wpb_column vc_column_container vc_col-sm-12\"><div class=\"vc_column-inner\"><div class=\"wpb_wrapper\"><div class=\"vc_empty_space\"   style=\"height: 150px\"><span class=\"vc_empty_space_inner\"><\/span><\/div><\/div><\/div><\/div><\/div><div class=\"vc_row-full-width vc_clearfix\"><\/div><div data-vc-full-width=\"true\" data-vc-full-width-init=\"false\" data-vc-stretch-content=\"true\" class=\"vc_row wpb_row vc_row-fluid vc_custom_1679081649967 vc_row-no-padding vc_row-o-full-height vc_row-o-columns-top vc_row-o-equal-height vc_row-o-content-top vc_row-flex\"><div class=\"wpb_column vc_column_container vc_col-sm-4\"><div class=\"vc_column-inner\"><div class=\"wpb_wrapper\">\n\t<div class=\"wpb_text_column wpb_content_element  vc_custom_1678868242102\" >\n\t\t<div class=\"wpb_wrapper\">\n\t\t\t<p><strong><br \/>\n<img loading=\"lazy\" decoding=\"async\" class=\"wp-image-71983 aligncenter\" src=\"https:\/\/acer.org.al\/wp-content\/uploads\/2023\/03\/zip-code-icon-15-300x300.png\" alt=\"\" width=\"125\" height=\"125\" srcset=\"https:\/\/acer.org.al\/wp-content\/uploads\/2023\/03\/zip-code-icon-15-300x300.png 300w, https:\/\/acer.org.al\/wp-content\/uploads\/2023\/03\/zip-code-icon-15-150x150.png 150w, https:\/\/acer.org.al\/wp-content\/uploads\/2023\/03\/zip-code-icon-15-12x12.png 12w, https:\/\/acer.org.al\/wp-content\/uploads\/2023\/03\/zip-code-icon-15.png 512w\" sizes=\"auto, (max-width: 125px) 100vw, 125px\" \/><br \/>\n<\/strong><\/p>\n\n\t\t<\/div>\n\t<\/div>\n\n\t<div class=\"wpb_text_column wpb_content_element\" >\n\t\t<div class=\"wpb_wrapper\">\n\t\t\t<p style=\"text-align: center;\"><strong>Rruga Ismail Qemali , Nd. 1, H.1, Apt. 6<\/strong><br \/>\n<strong>Njesia administrative Nr. 5<\/strong><br \/>\n<strong>P.O. Box 2934<\/strong><br \/>\n<strong>Kodi Postar 1001<\/strong><\/p>\n\n\t\t<\/div>\n\t<\/div>\n<\/div><\/div><\/div><div class=\"wpb_column vc_column_container vc_col-sm-4\"><div class=\"vc_column-inner\"><div class=\"wpb_wrapper\">\n\t<div class=\"wpb_text_column wpb_content_element  vc_custom_1678868230088\" >\n\t\t<div class=\"wpb_wrapper\">\n\t\t\t<p><img loading=\"lazy\" decoding=\"async\" class=\"wp-image-71984 aligncenter\" src=\"https:\/\/acer.org.al\/wp-content\/uploads\/2023\/03\/360_F_329056891_P3ysnEYSn47mUrOre2gywg0ckAJXc02s-300x300.jpg\" alt=\"\" width=\"208\" height=\"208\" srcset=\"https:\/\/acer.org.al\/wp-content\/uploads\/2023\/03\/360_F_329056891_P3ysnEYSn47mUrOre2gywg0ckAJXc02s-300x300.jpg 300w, https:\/\/acer.org.al\/wp-content\/uploads\/2023\/03\/360_F_329056891_P3ysnEYSn47mUrOre2gywg0ckAJXc02s-150x150.jpg 150w, https:\/\/acer.org.al\/wp-content\/uploads\/2023\/03\/360_F_329056891_P3ysnEYSn47mUrOre2gywg0ckAJXc02s-12x12.jpg 12w, https:\/\/acer.org.al\/wp-content\/uploads\/2023\/03\/360_F_329056891_P3ysnEYSn47mUrOre2gywg0ckAJXc02s.jpg 360w\" sizes=\"auto, (max-width: 208px) 100vw, 208px\" \/><\/p>\n\n\t\t<\/div>\n\t<\/div>\n\n\t<div class=\"wpb_text_column wpb_content_element  vc_custom_1678442417878\" >\n\t\t<div class=\"wpb_wrapper\">\n\t\t\t<p style=\"text-align: center;\"><strong>Tel\/Fax:+355 42 274 603<\/strong><br \/>\n<strong>Cel: +355 68 202 0344<\/strong><\/p>\n\n\t\t<\/div>\n\t<\/div>\n<\/div><\/div><\/div><div class=\"wpb_column vc_column_container vc_col-sm-4\"><div class=\"vc_column-inner\"><div class=\"wpb_wrapper\">\n\t<div class=\"wpb_text_column wpb_content_element  vc_custom_1678825395420\" >\n\t\t<div class=\"wpb_wrapper\">\n\t\t\t<p><img loading=\"lazy\" decoding=\"async\" class=\"wp-image-71987 aligncenter\" src=\"https:\/\/acer.org.al\/wp-content\/uploads\/2023\/03\/2250206-300x300.png\" alt=\"\" width=\"123\" height=\"123\" srcset=\"https:\/\/acer.org.al\/wp-content\/uploads\/2023\/03\/2250206-300x300.png 300w, https:\/\/acer.org.al\/wp-content\/uploads\/2023\/03\/2250206-150x150.png 150w, https:\/\/acer.org.al\/wp-content\/uploads\/2023\/03\/2250206-12x12.png 12w, https:\/\/acer.org.al\/wp-content\/uploads\/2023\/03\/2250206.png 512w\" sizes=\"auto, (max-width: 123px) 100vw, 123px\" \/><\/p>\n<p>&nbsp;<\/p>\n\n\t\t<\/div>\n\t<\/div>\n\n\t<div class=\"wpb_text_column wpb_content_element\" >\n\t\t<div class=\"wpb_wrapper\">\n\t\t\t<p style=\"text-align: center;\"><strong>acer.alb@acer.org.al<\/strong><\/p>\n\n\t\t<\/div>\n\t<\/div>\n<\/div><\/div><\/div><\/div><div class=\"vc_row-full-width vc_clearfix\"><\/div><div data-vc-full-width=\"true\" data-vc-full-width-init=\"false\" class=\"vc_row wpb_row vc_row-fluid vc_custom_1679318114565 vc_row-has-fill vc_row-o-equal-height vc_row-flex\"><div class=\"wpb_column vc_column_container vc_col-sm-6 vc_col-has-fill\"><div class=\"vc_column-inner vc_custom_1475870321665\"><div class=\"wpb_wrapper\">\n<div class=\"wpcf7 no-js\" id=\"wpcf7-f70622-o1\" lang=\"en-US\" dir=\"ltr\">\n<div class=\"screen-reader-response\"><p role=\"status\" aria-live=\"polite\" aria-atomic=\"true\"><\/p> <ul><\/ul><\/div>\n<form action=\"\/sq\/wp-json\/wp\/v2\/pages\/70731#wpcf7-f70622-o1\" method=\"post\" class=\"wpcf7-form init\" aria-label=\"Contact form\" novalidate=\"novalidate\" data-status=\"init\" data-trp-original-action=\"\/sq\/wp-json\/wp\/v2\/pages\/70731#wpcf7-f70622-o1\">\n<div style=\"display: none;\">\n<input type=\"hidden\" name=\"_wpcf7\" value=\"70622\" \/>\n<input type=\"hidden\" name=\"_wpcf7_version\" value=\"5.7.5.1\" \/>\n<input type=\"hidden\" name=\"_wpcf7_locale\" value=\"en_US\" \/>\n<input type=\"hidden\" name=\"_wpcf7_unit_tag\" value=\"wpcf7-f70622-o1\" \/>\n<input type=\"hidden\" name=\"_wpcf7_container_post\" value=\"0\" \/>\n<input type=\"hidden\" name=\"_wpcf7_posted_data_hash\" value=\"\" \/>\n<\/div>\n<p>Emri\n<\/p>\n<p><span class=\"wpcf7-form-control-wrap\" data-name=\"your-name\"><input size=\"40\" class=\"wpcf7-form-control wpcf7-text wpcf7-validates-as-required\" aria-required=\"true\" aria-invalid=\"false\" value=\"\" type=\"text\" name=\"your-name\" \/><\/span>\n<\/p>\n<p>Emaili\n<\/p>\n<p><span class=\"wpcf7-form-control-wrap\" data-name=\"your-email\"><input size=\"40\" class=\"wpcf7-form-control wpcf7-text wpcf7-email wpcf7-validates-as-required wpcf7-validates-as-email\" aria-required=\"true\" aria-invalid=\"false\" placeholder=\"Email\" value=\"\" type=\"email\" name=\"your-email\" \/><\/span>\n<\/p>\n<p>Your Phone Number\n<\/p>\n<p><span class=\"wpcf7-form-control-wrap\" data-name=\"your-phone\"><input size=\"40\" class=\"wpcf7-form-control wpcf7-text wpcf7-tel wpcf7-validates-as-tel\" aria-invalid=\"false\" placeholder=\"Numri i Telefonit\" value=\"\" type=\"tel\" name=\"your-phone\" \/><\/span>\n<\/p>\n<p>Mesazhi juaj\n<\/p>\n<p><span class=\"wpcf7-form-control-wrap\" data-name=\"your-message\"><textarea cols=\"40\" rows=\"10\" class=\"wpcf7-form-control wpcf7-textarea\" aria-invalid=\"false\" name=\"your-message\"><\/textarea><\/span>\n<\/p>\n<p><input class=\"wpcf7-form-control has-spinner wpcf7-submit\" type=\"submit\" value=\"D\u00ebrgo\" \/>\n<\/p><p style=\"display: none !important;\"><label>&#916;<textarea name=\"_wpcf7_ak_hp_textarea\" cols=\"45\" rows=\"8\" maxlength=\"100\"><\/textarea><\/label><input type=\"hidden\" id=\"ak_js_1\" name=\"_wpcf7_ak_js\" value=\"229\"\/><script>document.getElementById( \"ak_js_1\" ).setAttribute( \"value\", ( new Date() ).getTime() );<\/script><\/p><div class=\"wpcf7-response-output\" aria-hidden=\"true\"><\/div>\n<input type=\"hidden\" name=\"trp-form-language\" value=\"sq\"\/><\/form>\n<\/div>\n<\/div><\/div><\/div><div class=\"wpb_column vc_column_container vc_col-sm-6\"><div class=\"vc_column-inner vc_custom_1475869885296\"><div class=\"wpb_wrapper\">\n\t<div class=\"wpb_text_column wpb_content_element  vc_custom_1678439626365\" >\n\t\t<div class=\"wpb_wrapper\">\n\t\t\t\n\t\t<\/div>\n\t<\/div>\n\n\t<div class=\"wpb_text_column wpb_content_element\" >\n\t\t<div class=\"wpb_wrapper\">\n\t\t\t<h1 style=\"text-align: center;\">Dergo nje mesazh<\/h1>\n<p>&nbsp;<\/p>\n<h2>Na kontaktoni duke plot\u00ebsuar formularin e m\u00ebposht\u00ebm.<\/h2>\n\n\t\t<\/div>\n\t<\/div>\n<\/div><\/div><\/div><\/div><div class=\"vc_row-full-width vc_clearfix\"><\/div><div data-vc-full-width=\"true\" data-vc-full-width-init=\"false\" data-vc-stretch-content=\"true\" class=\"vc_row wpb_row vc_row-fluid\"><div class=\"wpb_column vc_column_container vc_col-sm-12\"><div class=\"vc_column-inner\"><div class=\"wpb_wrapper\"><div class=\"wpb_gmaps_widget wpb_content_element vc_custom_1681903454946\"><h2 class=\"wpb_heading wpb_map_heading\">Rruga Ismail Qemali 1, 1001, Tirana, Albania<\/h2><div class=\"wpb_wrapper\"><div class=\"wpb_map_wraper\"><iframe src=\"https:\/\/www.google.com\/maps\/embed?pb=!1m18!1m12!1m3!1d529.7002621021601!2d19.818335465380944!3d41.32110599091774!2m3!1f0!2f0!3f0!3m2!1i1024!2i768!4f13.1!3m3!1m2!1s0x1350310333a2544b%3A0xbc7ae923a52126fe!2sPallati%20Manhattan!5e0!3m2!1sen!2s!4v1681903440521!5m2!1sen!2s\" width=\"600\" height=\"400\" style=\"border:0;\" allowfullscreen=\"\" loading=\"lazy\" referrerpolicy=\"no-referrer-when-downgrade\"><\/iframe><\/div><\/div><\/div><\/div><\/div><\/div><\/div><div class=\"vc_row-full-width vc_clearfix\"><\/div>","protected":false},"excerpt":{"rendered":"CONTACT US Our team is ready to serve you. Contact us today.\u00a0 Ismail Qemali Str. Bldg. No.1 Apt. 6 Administrative Unit N. 5 P.O. Box 2934 Postal Code 1019, Tirana, ALBANIA Tel\/Fax:+355 42 274 603 Mob: +355 68 202 0344 &nbsp; acer.alb@acer.org.al Your Name Your Email Your Phone Number Your Message &#916; Send a Message [...]","protected":false},"author":1,"featured_media":0,"parent":0,"menu_order":0,"comment_status":"closed","ping_status":"closed","template":"template-contact.php","meta":{"footnotes":""},"class_list":["post-70731","page","type-page","status-publish","hentry"],"yoast_head":"<!-- This site is optimized with the Yoast SEO plugin v20.4 - https:\/\/yoast.com\/wordpress\/plugins\/seo\/ -->\n<title>Contact us - ACER<\/title>\n<meta name=\"robots\" content=\"index, follow, max-snippet:-1, max-image-preview:large, max-video-preview:-1\" \/>\n<link rel=\"canonical\" href=\"https:\/\/acer.org.al\/sq\/contact-us\/\" \/>\n<meta property=\"og:locale\" content=\"sq_AL\" \/>\n<meta property=\"og:type\" content=\"article\" \/>\n<meta property=\"og:title\" content=\"Contact us - ACER\" \/>\n<meta property=\"og:url\" content=\"https:\/\/acer.org.al\/sq\/contact-us\/\" \/>\n<meta property=\"og:site_name\" content=\"ACER\" \/>\n<meta property=\"article:modified_time\" content=\"2023-04-27T13:33:49+00:00\" \/>\n<meta property=\"og:image\" content=\"https:\/\/acer.org.al\/wp-content\/uploads\/2023\/03\/zip-code-icon-15-300x300.png\" \/>\n<meta name=\"twitter:card\" content=\"summary_large_image\" \/>\n<meta name=\"twitter:label1\" content=\"Est. reading time\" \/>\n\t<meta name=\"twitter:data1\" content=\"2 minuta\" \/>\n<script type=\"application\/ld+json\" class=\"yoast-schema-graph\">{\"@context\":\"https:\/\/schema.org\",\"@graph\":[{\"@type\":\"WebPage\",\"@id\":\"https:\/\/acer.org.al\/contact-us\/\",\"url\":\"https:\/\/acer.org.al\/contact-us\/\",\"name\":\"Contact us - ACER\",\"isPartOf\":{\"@id\":\"https:\/\/acer.org.al\/#website\"},\"datePublished\":\"2016-03-25T22:43:00+00:00\",\"dateModified\":\"2023-04-27T13:33:49+00:00\",\"breadcrumb\":{\"@id\":\"https:\/\/acer.org.al\/contact-us\/#breadcrumb\"},\"inLanguage\":\"sq\",\"potentialAction\":[{\"@type\":\"ReadAction\",\"target\":[\"https:\/\/acer.org.al\/contact-us\/\"]}]},{\"@type\":\"BreadcrumbList\",\"@id\":\"https:\/\/acer.org.al\/contact-us\/#breadcrumb\",\"itemListElement\":[{\"@type\":\"ListItem\",\"position\":1,\"name\":\"Home\",\"item\":\"https:\/\/acer.org.al\/\"},{\"@type\":\"ListItem\",\"position\":2,\"name\":\"Contact us\"}]},{\"@type\":\"WebSite\",\"@id\":\"https:\/\/acer.org.al\/#website\",\"url\":\"https:\/\/acer.org.al\/\",\"name\":\"ACER\",\"description\":\"\",\"potentialAction\":[{\"@type\":\"SearchAction\",\"target\":{\"@type\":\"EntryPoint\",\"urlTemplate\":\"https:\/\/acer.org.al\/?s={search_term_string}\"},\"query-input\":\"required name=search_term_string\"}],\"inLanguage\":\"sq\"}]}<\/script>\n<!-- \/ Yoast SEO plugin. -->","yoast_head_json":{"title":"Contact us - ACER","robots":{"index":"index","follow":"follow","max-snippet":"max-snippet:-1","max-image-preview":"max-image-preview:large","max-video-preview":"max-video-preview:-1"},"canonical":"https:\/\/acer.org.al\/sq\/contact-us\/","og_locale":"sq_AL","og_type":"article","og_title":"Contact us - ACER","og_url":"https:\/\/acer.org.al\/sq\/contact-us\/","og_site_name":"ACER","article_modified_time":"2023-04-27T13:33:49+00:00","og_image":[{"url":"https:\/\/acer.org.al\/wp-content\/uploads\/2023\/03\/zip-code-icon-15-300x300.png"}],"twitter_card":"summary_large_image","twitter_misc":{"Est. reading time":"2 minuta"},"schema":{"@context":"https:\/\/schema.org","@graph":[{"@type":"WebPage","@id":"https:\/\/acer.org.al\/contact-us\/","url":"https:\/\/acer.org.al\/contact-us\/","name":"Contact us - ACER","isPartOf":{"@id":"https:\/\/acer.org.al\/#website"},"datePublished":"2016-03-25T22:43:00+00:00","dateModified":"2023-04-27T13:33:49+00:00","breadcrumb":{"@id":"https:\/\/acer.org.al\/contact-us\/#breadcrumb"},"inLanguage":"sq","potentialAction":[{"@type":"ReadAction","target":["https:\/\/acer.org.al\/contact-us\/"]}]},{"@type":"BreadcrumbList","@id":"https:\/\/acer.org.al\/contact-us\/#breadcrumb","itemListElement":[{"@type":"ListItem","position":1,"name":"Home","item":"https:\/\/acer.org.al\/"},{"@type":"ListItem","position":2,"name":"Contact us"}]},{"@type":"WebSite","@id":"https:\/\/acer.org.al\/#website","url":"https:\/\/acer.org.al\/","name":"ACER","description":"","potentialAction":[{"@type":"SearchAction","target":{"@type":"EntryPoint","urlTemplate":"https:\/\/acer.org.al\/?s={search_term_string}"},"query-input":"required name=search_term_string"}],"inLanguage":"sq"}]}},"_links":{"self":[{"href":"https:\/\/acer.org.al\/sq\/wp-json\/wp\/v2\/pages\/70731","targetHints":{"allow":["GET"]}}],"collection":[{"href":"https:\/\/acer.org.al\/sq\/wp-json\/wp\/v2\/pages"}],"about":[{"href":"https:\/\/acer.org.al\/sq\/wp-json\/wp\/v2\/types\/page"}],"author":[{"embeddable":true,"href":"https:\/\/acer.org.al\/sq\/wp-json\/wp\/v2\/users\/1"}],"replies":[{"embeddable":true,"href":"https:\/\/acer.org.al\/sq\/wp-json\/wp\/v2\/comments?post=70731"}],"version-history":[{"count":17,"href":"https:\/\/acer.org.al\/sq\/wp-json\/wp\/v2\/pages\/70731\/revisions"}],"predecessor-version":[{"id":74134,"href":"https:\/\/acer.org.al\/sq\/wp-json\/wp\/v2\/pages\/70731\/revisions\/74134"}],"wp:attachment":[{"href":"https:\/\/acer.org.al\/sq\/wp-json\/wp\/v2\/media?parent=70731"}],"curies":[{"name":"wp","href":"https:\/\/api.w.org\/{rel}","templated":true}]}}